{"id":3690,"date":"2025-09-01T13:44:07","date_gmt":"2025-09-01T13:44:07","guid":{"rendered":"https:\/\/optics.carritech.com\/?page_id=3690"},"modified":"2025-09-09T14:27:57","modified_gmt":"2025-09-09T14:27:57","slug":"accreditations","status":"publish","type":"page","link":"https:\/\/optics.carritech.com\/es\/company\/accreditations\/","title":{"rendered":"Acreditaciones"},"content":{"rendered":"<div data-elementor-type=\"wp-page\" data-elementor-id=\"3690\" class=\"elementor elementor-3690\" data-elementor-post-type=\"page\">\n\t\t\t\t<div class=\"elementor-element elementor-element-397716c e-flex e-con-boxed e-con e-child\" data-id=\"397716c\" data-element_type=\"container\" data-e-type=\"container\" data-settings=\"{&quot;background_background&quot;:&quot;video&quot;,&quot;background_video_link&quot;:&quot;https:\\\/\\\/optics.carritech.com\\\/wp-content\\\/uploads\\\/2024\\\/11\\\/global-network-lines-of-internet-data-around-earth-2023-11-27-04-58-21-utc.mp4&quot;}\">\n\t\t\t\t\t<div class=\"e-con-inner\">\n\t\t<div class=\"elementor-background-video-container elementor-hidden-mobile\">\n\t\t\t\t\t\t\t<video class=\"elementor-background-video-hosted\" role=\"presentation\" autoplay muted playsinline loop><\/video>\n\t\t\t\t\t<\/div><div class=\"elementor-element elementor-element-9433da8 e-con-full e-flex e-con e-child\" data-id=\"9433da8\" data-element_type=\"container\" data-e-type=\"container\">\n\t\t\t\t<div class=\"elementor-element elementor-element-01e7b55 elementor-widget elementor-widget-woocommerce-breadcrumb\" data-id=\"01e7b55\" data-element_type=\"widget\" data-e-type=\"widget\" data-widget_type=\"woocommerce-breadcrumb.default\">\n\t\t\t\t<div class=\"elementor-widget-container\">\n\t\t\t\t\t<nav class=\"woocommerce-breadcrumb\" aria-label=\"Breadcrumb\" data-no-translation=\"\" data-trp-gettext=\"\">Inicio<\/nav>\t\t\t\t<\/div>\n\t\t\t\t<\/div>\n\t\t\t\t<div class=\"elementor-element elementor-element-9467e40 elementor-widget elementor-widget-heading\" data-id=\"9467e40\" data-element_type=\"widget\" data-e-type=\"widget\" data-widget_type=\"heading.default\">\n\t\t\t\t<div class=\"elementor-widget-container\">\n\t\t\t\t\t<h2 class=\"elementor-heading-title elementor-size-default\">Acreditaciones<\/h2>\t\t\t\t<\/div>\n\t\t\t\t<\/div>\n\t\t\t\t<div class=\"elementor-element elementor-element-b8d0265 elementor-widget-divider--view-line elementor-widget elementor-widget-divider\" data-id=\"b8d0265\" data-element_type=\"widget\" data-e-type=\"widget\" data-widget_type=\"divider.default\">\n\t\t\t\t<div class=\"elementor-widget-container\">\n\t\t\t\t\t\t\t<div class=\"elementor-divider\">\n\t\t\t<span class=\"elementor-divider-separator\">\n\t\t\t\t\t\t<\/span>\n\t\t<\/div>\n\t\t\t\t\t\t<\/div>\n\t\t\t\t<\/div>\n\t\t\t\t<div class=\"elementor-element elementor-element-b2c8673 elementor-widget elementor-widget-text-editor\" data-id=\"b2c8673\" data-element_type=\"widget\" data-e-type=\"widget\" data-widget_type=\"text-editor.default\">\n\t\t\t\t<div class=\"elementor-widget-container\">\n\t\t\t\t\t\t\t\t\t<p>En Carritech Optics, la calidad, la fiabilidad y la confianza son la base de todo lo que hacemos. Nuestras acreditaciones demuestran nuestro compromiso de mantener los m\u00e1s altos est\u00e1ndares de la industria en el rendimiento del producto, la fabricaci\u00f3n y el servicio al cliente.<\/p>\t\t\t\t\t\t\t\t<\/div>\n\t\t\t\t<\/div>\n\t\t\t\t<\/div>\n\t\t\t\t\t<\/div>\n\t\t\t\t<\/div>\n\t\t<div class=\"elementor-element elementor-element-2addc2c e-flex e-con-boxed e-con e-parent\" data-id=\"2addc2c\" data-element_type=\"container\" data-e-type=\"container\" data-settings=\"{&quot;background_background&quot;:&quot;classic&quot;}\">\n\t\t\t\t\t<div class=\"e-con-inner\">\n\t\t<div class=\"elementor-element elementor-element-74aaed4 e-con-full e-flex e-con e-child\" data-id=\"74aaed4\" data-element_type=\"container\" data-e-type=\"container\">\n\t\t<div class=\"elementor-element elementor-element-b4a671d e-con-full e-flex e-con e-child\" data-id=\"b4a671d\" data-element_type=\"container\" data-e-type=\"container\">\n\t\t\t\t<div class=\"elementor-element elementor-element-e9a5a89 elementor-widget elementor-widget-text-editor\" data-id=\"e9a5a89\" data-element_type=\"widget\" data-e-type=\"widget\" data-widget_type=\"text-editor.default\">\n\t\t\t\t<div class=\"elementor-widget-container\">\n\t\t\t\t\t\t\t\t\t<p data-start=\"195\" data-end=\"425\">En Carritech, nuestra direcci\u00f3n y nuestro personal se gu\u00edan por pr\u00e1cticas empresariales profesionales, \u00e9ticas y sostenibles. Estamos orgullosos de que estos valores y esfuerzos hayan sido reconocidos por los principales organismos de acreditaci\u00f3n de nuestro sector.<\/p><p data-start=\"427\" data-end=\"595\">Estamos plenamente acreditados para <strong data-start=\"454\" data-end=\"471\">ISO 9001:2015<\/strong> y <strong data-start=\"476\" data-end=\"494\">ISO 14001:2015<\/strong>, demostrando nuestro compromiso permanente tanto con la gesti\u00f3n de la calidad como con la responsabilidad medioambiental.<\/p><p data-start=\"597\" data-end=\"952\">Nuestros sistemas de gesti\u00f3n de la calidad y pr\u00e1cticas medioambientales han sido certificados independientemente por <strong data-start=\"693\" data-end=\"719\">Alcumus ISOQAR Limited<\/strong> como conformes con estas normas reconocidas internacionalmente. Esta certificaci\u00f3n refleja nuestra capacidad para suministrar sistem\u00e1ticamente productos y servicios que satisfacen las expectativas de los clientes, al tiempo que reducimos activamente nuestro impacto ambiental.<\/p><p data-start=\"954\" data-end=\"1240\">Estas acreditaciones son el resultado de los esfuerzos continuos de nuestro personal y nuestros equipos de gesti\u00f3n. Mediante procesos organizados, met\u00f3dicos y \u00e9ticos, nos esforzamos por ofrecer el mejor servicio a cada cliente de forma fiable y sostenible para el medio ambiente.<\/p>\t\t\t\t\t\t\t\t<\/div>\n\t\t\t\t<\/div>\n\t\t<div class=\"elementor-element elementor-element-9c53d08 e-grid e-con-full e-con e-child\" data-id=\"9c53d08\" data-element_type=\"container\" data-e-type=\"container\">\n\t\t\t\t<div class=\"elementor-element elementor-element-baeb1be elementor-widget elementor-widget-image\" data-id=\"baeb1be\" data-element_type=\"widget\" data-e-type=\"widget\" data-widget_type=\"image.default\">\n\t\t\t\t<div class=\"elementor-widget-container\">\n\t\t\t\t\t\t\t\t\t\t\t\t\t\t\t<img fetchpriority=\"high\" decoding=\"async\" width=\"500\" height=\"500\" src=\"https:\/\/optics.carritech.com\/wp-content\/uploads\/2025\/09\/ISOQAR-ISO-9001-seal-2-4.png\" class=\"attachment-large size-large wp-image-4253\" alt=\"\" srcset=\"https:\/\/optics.carritech.com\/wp-content\/uploads\/2025\/09\/ISOQAR-ISO-9001-seal-2-4.png 500w, https:\/\/optics.carritech.com\/wp-content\/uploads\/2025\/09\/ISOQAR-ISO-9001-seal-2-4-300x300.png 300w, https:\/\/optics.carritech.com\/wp-content\/uploads\/2025\/09\/ISOQAR-ISO-9001-seal-2-4-150x150.png 150w, https:\/\/optics.carritech.com\/wp-content\/uploads\/2025\/09\/ISOQAR-ISO-9001-seal-2-4-12x12.png 12w, https:\/\/optics.carritech.com\/wp-content\/uploads\/2025\/09\/ISOQAR-ISO-9001-seal-2-4-100x100.png 100w\" sizes=\"(max-width: 500px) 100vw, 500px\" \/>\t\t\t\t\t\t\t\t\t\t\t\t\t\t\t<\/div>\n\t\t\t\t<\/div>\n\t\t\t\t<div class=\"elementor-element elementor-element-52401c2 elementor-widget elementor-widget-image\" data-id=\"52401c2\" data-element_type=\"widget\" data-e-type=\"widget\" data-widget_type=\"image.default\">\n\t\t\t\t<div class=\"elementor-widget-container\">\n\t\t\t\t\t\t\t\t\t\t\t\t\t\t\t<img decoding=\"async\" width=\"500\" height=\"500\" src=\"https:\/\/optics.carritech.com\/wp-content\/uploads\/2025\/09\/ISOQAR-ISO-14001-seal-2-4.png\" class=\"attachment-large size-large wp-image-4254\" alt=\"\" srcset=\"https:\/\/optics.carritech.com\/wp-content\/uploads\/2025\/09\/ISOQAR-ISO-14001-seal-2-4.png 500w, https:\/\/optics.carritech.com\/wp-content\/uploads\/2025\/09\/ISOQAR-ISO-14001-seal-2-4-300x300.png 300w, https:\/\/optics.carritech.com\/wp-content\/uploads\/2025\/09\/ISOQAR-ISO-14001-seal-2-4-150x150.png 150w, https:\/\/optics.carritech.com\/wp-content\/uploads\/2025\/09\/ISOQAR-ISO-14001-seal-2-4-12x12.png 12w, https:\/\/optics.carritech.com\/wp-content\/uploads\/2025\/09\/ISOQAR-ISO-14001-seal-2-4-100x100.png 100w\" sizes=\"(max-width: 500px) 100vw, 500px\" \/>\t\t\t\t\t\t\t\t\t\t\t\t\t\t\t<\/div>\n\t\t\t\t<\/div>\n\t\t\t\t<\/div>\n\t\t\t\t<\/div>\n\t\t\t\t<\/div>\n\t\t\t\t\t<\/div>\n\t\t\t\t<\/div>\n\t\t\t\t<\/div>","protected":false},"excerpt":{"rendered":"<p>Accreditations At Carritech Optics, quality, reliability, and trust are at the core of everything we do. Our accreditations demonstrate our commitment to maintaining the highest industry standards in product performance, manufacturing, and customer service. At Carritech, our management and staff are guided by professional, ethical, and sustainable business practices. We are proud that these values [&hellip;]<\/p>","protected":false},"author":1,"featured_media":0,"parent":1864,"menu_order":0,"comment_status":"closed","ping_status":"closed","template":"","meta":{"_acf_changed":false,"footnotes":""},"class_list":["post-3690","page","type-page","status-publish","hentry"],"acf":[],"yoast_head":"<!-- This site is optimized with the Yoast SEO Premium plugin v26.8 (Yoast SEO v26.8) - https:\/\/yoast.com\/product\/yoast-seo-premium-wordpress\/ -->\n<title>Accreditations | Carritech Optics<\/title>\n<meta name=\"robots\" content=\"index, follow, max-snippet:-1, max-image-preview:large, max-video-preview:-1\" \/>\n<link rel=\"canonical\" href=\"https:\/\/optics.carritech.com\/es\/company\/accreditations\/\" \/>\n<meta property=\"og:locale\" content=\"es_ES\" \/>\n<meta property=\"og:type\" content=\"article\" \/>\n<meta property=\"og:title\" content=\"Accreditations\" \/>\n<meta property=\"og:description\" content=\"Accreditations At Carritech Optics, quality, reliability, and trust are at the core of everything we do. Our accreditations demonstrate our commitment to maintaining the highest industry standards in product performance, manufacturing, and customer service. At Carritech, our management and staff are guided by professional, ethical, and sustainable business practices. We are proud that these values [&hellip;]\" \/>\n<meta property=\"og:url\" content=\"https:\/\/optics.carritech.com\/es\/company\/accreditations\/\" \/>\n<meta property=\"og:site_name\" content=\"Carritech Optics\" \/>\n<meta property=\"article:modified_time\" content=\"2025-09-09T14:27:57+00:00\" \/>\n<meta property=\"og:image\" content=\"https:\/\/optics.carritech.com\/wp-content\/uploads\/2025\/09\/ISOQAR-ISO-9001-seal-2-4.png\" \/>\n\t<meta property=\"og:image:width\" content=\"500\" \/>\n\t<meta property=\"og:image:height\" content=\"500\" \/>\n\t<meta property=\"og:image:type\" content=\"image\/png\" \/>\n<meta name=\"twitter:card\" content=\"summary_large_image\" \/>\n<meta name=\"twitter:label1\" content=\"Tiempo de lectura\" \/>\n\t<meta name=\"twitter:data1\" content=\"2 minutos\" \/>\n<script type=\"application\/ld+json\" class=\"yoast-schema-graph\">{\"@context\":\"https:\/\/schema.org\",\"@graph\":[{\"@type\":\"WebPage\",\"@id\":\"https:\/\/optics.carritech.com\/company\/accreditations\/\",\"url\":\"https:\/\/optics.carritech.com\/company\/accreditations\/\",\"name\":\"Accreditations | Carritech Optics\",\"isPartOf\":{\"@id\":\"https:\/\/optics.carritech.com\/#website\"},\"primaryImageOfPage\":{\"@id\":\"https:\/\/optics.carritech.com\/company\/accreditations\/#primaryimage\"},\"image\":{\"@id\":\"https:\/\/optics.carritech.com\/company\/accreditations\/#primaryimage\"},\"thumbnailUrl\":\"https:\/\/optics.carritech.com\/wp-content\/uploads\/2025\/09\/ISOQAR-ISO-9001-seal-2-4.png\",\"datePublished\":\"2025-09-01T13:44:07+00:00\",\"dateModified\":\"2025-09-09T14:27:57+00:00\",\"breadcrumb\":{\"@id\":\"https:\/\/optics.carritech.com\/company\/accreditations\/#breadcrumb\"},\"inLanguage\":\"es\",\"potentialAction\":[{\"@type\":\"ReadAction\",\"target\":[\"https:\/\/optics.carritech.com\/company\/accreditations\/\"]}]},{\"@type\":\"ImageObject\",\"inLanguage\":\"es\",\"@id\":\"https:\/\/optics.carritech.com\/company\/accreditations\/#primaryimage\",\"url\":\"https:\/\/optics.carritech.com\/wp-content\/uploads\/2025\/09\/ISOQAR-ISO-9001-seal-2-4.png\",\"contentUrl\":\"https:\/\/optics.carritech.com\/wp-content\/uploads\/2025\/09\/ISOQAR-ISO-9001-seal-2-4.png\"},{\"@type\":\"BreadcrumbList\",\"@id\":\"https:\/\/optics.carritech.com\/company\/accreditations\/#breadcrumb\",\"itemListElement\":[{\"@type\":\"ListItem\",\"position\":1,\"name\":\"Home\",\"item\":\"https:\/\/optics.carritech.com\/\"},{\"@type\":\"ListItem\",\"position\":2,\"name\":\"Company\",\"item\":\"https:\/\/optics.carritech.com\/company\/\"},{\"@type\":\"ListItem\",\"position\":3,\"name\":\"Accreditations\"}]},{\"@type\":\"WebSite\",\"@id\":\"https:\/\/optics.carritech.com\/#website\",\"url\":\"https:\/\/optics.carritech.com\/\",\"name\":\"Carritech Optics\",\"description\":\"High Quality Optical Transceivers\",\"publisher\":{\"@id\":\"https:\/\/optics.carritech.com\/#organization\"},\"alternateName\":\"Carritech Optics\",\"potentialAction\":[{\"@type\":\"SearchAction\",\"target\":{\"@type\":\"EntryPoint\",\"urlTemplate\":\"https:\/\/optics.carritech.com\/?s={search_term_string}\"},\"query-input\":{\"@type\":\"PropertyValueSpecification\",\"valueRequired\":true,\"valueName\":\"search_term_string\"}}],\"inLanguage\":\"es\"},{\"@type\":\"Organization\",\"@id\":\"https:\/\/optics.carritech.com\/#organization\",\"name\":\"Carritech Optics\",\"url\":\"https:\/\/optics.carritech.com\/\",\"logo\":{\"@type\":\"ImageObject\",\"inLanguage\":\"es\",\"@id\":\"https:\/\/optics.carritech.com\/#\/schema\/logo\/image\/\",\"url\":\"https:\/\/optics.carritech.com\/wp-content\/uploads\/2024\/11\/Carritech-optics.png\",\"contentUrl\":\"https:\/\/optics.carritech.com\/wp-content\/uploads\/2024\/11\/Carritech-optics.png\",\"width\":2048,\"height\":681,\"caption\":\"Carritech Optics\"},\"image\":{\"@id\":\"https:\/\/optics.carritech.com\/#\/schema\/logo\/image\/\"}}]}<\/script>\n<!-- \/ Yoast SEO Premium plugin. -->","yoast_head_json":{"title":"Accreditations | Carritech Optics","robots":{"index":"index","follow":"follow","max-snippet":"max-snippet:-1","max-image-preview":"max-image-preview:large","max-video-preview":"max-video-preview:-1"},"canonical":"https:\/\/optics.carritech.com\/es\/company\/accreditations\/","og_locale":"es_ES","og_type":"article","og_title":"Accreditations","og_description":"Accreditations At Carritech Optics, quality, reliability, and trust are at the core of everything we do. Our accreditations demonstrate our commitment to maintaining the highest industry standards in product performance, manufacturing, and customer service. At Carritech, our management and staff are guided by professional, ethical, and sustainable business practices. We are proud that these values [&hellip;]","og_url":"https:\/\/optics.carritech.com\/es\/company\/accreditations\/","og_site_name":"Carritech Optics","article_modified_time":"2025-09-09T14:27:57+00:00","og_image":[{"width":500,"height":500,"url":"https:\/\/optics.carritech.com\/wp-content\/uploads\/2025\/09\/ISOQAR-ISO-9001-seal-2-4.png","type":"image\/png"}],"twitter_card":"summary_large_image","twitter_misc":{"Tiempo de lectura":"2 minutos"},"schema":{"@context":"https:\/\/schema.org","@graph":[{"@type":"WebPage","@id":"https:\/\/optics.carritech.com\/company\/accreditations\/","url":"https:\/\/optics.carritech.com\/company\/accreditations\/","name":"Accreditations | Carritech Optics","isPartOf":{"@id":"https:\/\/optics.carritech.com\/#website"},"primaryImageOfPage":{"@id":"https:\/\/optics.carritech.com\/company\/accreditations\/#primaryimage"},"image":{"@id":"https:\/\/optics.carritech.com\/company\/accreditations\/#primaryimage"},"thumbnailUrl":"https:\/\/optics.carritech.com\/wp-content\/uploads\/2025\/09\/ISOQAR-ISO-9001-seal-2-4.png","datePublished":"2025-09-01T13:44:07+00:00","dateModified":"2025-09-09T14:27:57+00:00","breadcrumb":{"@id":"https:\/\/optics.carritech.com\/company\/accreditations\/#breadcrumb"},"inLanguage":"es","potentialAction":[{"@type":"ReadAction","target":["https:\/\/optics.carritech.com\/company\/accreditations\/"]}]},{"@type":"ImageObject","inLanguage":"es","@id":"https:\/\/optics.carritech.com\/company\/accreditations\/#primaryimage","url":"https:\/\/optics.carritech.com\/wp-content\/uploads\/2025\/09\/ISOQAR-ISO-9001-seal-2-4.png","contentUrl":"https:\/\/optics.carritech.com\/wp-content\/uploads\/2025\/09\/ISOQAR-ISO-9001-seal-2-4.png"},{"@type":"BreadcrumbList","@id":"https:\/\/optics.carritech.com\/company\/accreditations\/#breadcrumb","itemListElement":[{"@type":"ListItem","position":1,"name":"Home","item":"https:\/\/optics.carritech.com\/"},{"@type":"ListItem","position":2,"name":"Company","item":"https:\/\/optics.carritech.com\/company\/"},{"@type":"ListItem","position":3,"name":"Accreditations"}]},{"@type":"WebSite","@id":"https:\/\/optics.carritech.com\/#website","url":"https:\/\/optics.carritech.com\/","name":"\u00d3ptica Carritech","description":"High Quality Optical Transceivers","publisher":{"@id":"https:\/\/optics.carritech.com\/#organization"},"alternateName":"Carritech Optics","potentialAction":[{"@type":"SearchAction","target":{"@type":"EntryPoint","urlTemplate":"https:\/\/optics.carritech.com\/?s={search_term_string}"},"query-input":{"@type":"PropertyValueSpecification","valueRequired":true,"valueName":"search_term_string"}}],"inLanguage":"es"},{"@type":"Organization","@id":"https:\/\/optics.carritech.com\/#organization","name":"\u00d3ptica Carritech","url":"https:\/\/optics.carritech.com\/","logo":{"@type":"ImageObject","inLanguage":"es","@id":"https:\/\/optics.carritech.com\/#\/schema\/logo\/image\/","url":"https:\/\/optics.carritech.com\/wp-content\/uploads\/2024\/11\/Carritech-optics.png","contentUrl":"https:\/\/optics.carritech.com\/wp-content\/uploads\/2024\/11\/Carritech-optics.png","width":2048,"height":681,"caption":"Carritech Optics"},"image":{"@id":"https:\/\/optics.carritech.com\/#\/schema\/logo\/image\/"}}]}},"_links":{"self":[{"href":"https:\/\/optics.carritech.com\/es\/wp-json\/wp\/v2\/pages\/3690","targetHints":{"allow":["GET"]}}],"collection":[{"href":"https:\/\/optics.carritech.com\/es\/wp-json\/wp\/v2\/pages"}],"about":[{"href":"https:\/\/optics.carritech.com\/es\/wp-json\/wp\/v2\/types\/page"}],"author":[{"embeddable":true,"href":"https:\/\/optics.carritech.com\/es\/wp-json\/wp\/v2\/users\/1"}],"replies":[{"embeddable":true,"href":"https:\/\/optics.carritech.com\/es\/wp-json\/wp\/v2\/comments?post=3690"}],"version-history":[{"count":4,"href":"https:\/\/optics.carritech.com\/es\/wp-json\/wp\/v2\/pages\/3690\/revisions"}],"predecessor-version":[{"id":4257,"href":"https:\/\/optics.carritech.com\/es\/wp-json\/wp\/v2\/pages\/3690\/revisions\/4257"}],"up":[{"embeddable":true,"href":"https:\/\/optics.carritech.com\/es\/wp-json\/wp\/v2\/pages\/1864"}],"wp:attachment":[{"href":"https:\/\/optics.carritech.com\/es\/wp-json\/wp\/v2\/media?parent=3690"}],"curies":[{"name":"wp","href":"https:\/\/api.w.org\/{rel}","templated":true}]}}