{"id":148,"date":"2024-11-18T15:47:55","date_gmt":"2024-11-18T15:47:55","guid":{"rendered":"https:\/\/youbiquity.online\/?product=ct-400g-qdd-lr8"},"modified":"2026-01-09T10:37:08","modified_gmt":"2026-01-09T10:37:08","slug":"400g-qsfp-dd-lr8","status":"publish","type":"product","link":"https:\/\/optics.carritech.com\/es\/optical-transceivers\/optical-transceivers\/qsfp-dd\/400g-qsfp-dd\/400g-qsfp-dd-lr8\/","title":{"rendered":"CT-400G-QDD-LR8"},"content":{"rendered":"<p><strong>400G QSFP-DD LR8 1310NM 10KM<\/strong><\/p>\n<p>Transceptor \u00f3ptico 400G QSFP-DD LR8 para Ethernet 400GBASE-LR8, compatible con transmisi\u00f3n de 10 km en fibra monomodo mediante dise\u00f1o LAN-WDM de 8 carriles con conectores LC duales y \u2264 14,5 W de potencia.<\/p>","protected":false},"excerpt":{"rendered":"<ul>\n<li data-start=\"2335\" data-end=\"2404\"><strong data-start=\"2335\" data-end=\"2376\">Factor de forma de conexi\u00f3n en caliente QSFP-DD MSA<\/strong> con conectores LC dobles.<\/li>\n<li data-start=\"2407\" data-end=\"2453\"><strong data-start=\"2407\" data-end=\"2432\">Dise\u00f1o LAN-WDM de 8 carriles<\/strong> para 400GBASE-LR8.<\/li>\n<li data-start=\"2456\" data-end=\"2498\"><strong data-start=\"2456\" data-end=\"2471\">Alcance de 10 km<\/strong> sobre SMF con FEC de host.<\/li>\n<li data-start=\"2501\" data-end=\"2535\"><strong data-start=\"2501\" data-end=\"2532\">Consumo de energ\u00eda \u2264 14,5 W.<\/strong><\/li>\n<li data-start=\"2538\" data-end=\"2590\"><strong data-start=\"2538\" data-end=\"2587\">Diagn\u00f3stico digital integrado con CMIS 4.0.<\/strong><\/li>\n<li data-start=\"2593\" data-end=\"2638\"><strong data-start=\"2593\" data-end=\"2635\">Cumple la directiva RoHS y es seguro para l\u00e1ser de clase 1.<\/strong><\/li>\n<\/ul>","protected":false},"featured_media":2560,"comment_status":"closed","ping_status":"closed","template":"","meta":{"_acf_changed":false},"product_brand":[],"product_cat":[96,17,91],"product_tag":[93,94],"class_list":{"0":"post-148","1":"product","2":"type-product","3":"status-publish","4":"has-post-thumbnail","6":"product_cat-400g-qsfp-dd","7":"product_cat-optical-transceivers","8":"product_cat-qsfp-dd","9":"product_tag-200g-400g-qsfp-dd","10":"product_tag-800g-osfp","12":"first","13":"instock","14":"shipping-taxable","15":"purchasable","16":"product-type-simple"},"acf":[],"yoast_head":"<!-- This site is optimized with the Yoast SEO Premium plugin v26.8 (Yoast SEO v26.8) - https:\/\/yoast.com\/product\/yoast-seo-premium-wordpress\/ -->\n<title>QSFP DD LR8 400G | Optical Transceivers | Carritech Optics<\/title>\n<meta name=\"description\" content=\"In stock. QSFP-DD LR8 400G Optical Transceivers from Carritech Optics. Lifetime Warranty, Fully Compatible with a wide range of OEM&#039;s. Contact us today.\" \/>\n<meta name=\"robots\" content=\"index, follow, max-snippet:-1, max-image-preview:large, max-video-preview:-1\" \/>\n<link rel=\"canonical\" href=\"https:\/\/optics.carritech.com\/es\/optical-transceivers\/optical-transceivers\/qsfp-dd\/400g-qsfp-dd\/400g-qsfp-dd-lr8\/\" \/>\n<meta property=\"og:locale\" content=\"es_ES\" \/>\n<meta property=\"og:type\" content=\"article\" \/>\n<meta property=\"og:title\" content=\"CT-400G-QDD-LR8\" \/>\n<meta property=\"og:description\" content=\"In stock. QSFP-DD LR8 400G Optical Transceivers from Carritech Optics. Lifetime Warranty, Fully Compatible with a wide range of OEM&#039;s. Contact us today.\" \/>\n<meta property=\"og:url\" content=\"https:\/\/optics.carritech.com\/es\/optical-transceivers\/optical-transceivers\/qsfp-dd\/400g-qsfp-dd\/400g-qsfp-dd-lr8\/\" \/>\n<meta property=\"og:site_name\" content=\"Carritech Optics\" \/>\n<meta property=\"article:modified_time\" content=\"2026-01-09T10:37:08+00:00\" \/>\n<meta property=\"og:image\" content=\"https:\/\/optics.carritech.com\/wp-content\/uploads\/2024\/11\/QSFP-DD-LR8-400G.png\" \/>\n\t<meta property=\"og:image:width\" content=\"800\" \/>\n\t<meta property=\"og:image:height\" content=\"800\" \/>\n\t<meta property=\"og:image:type\" content=\"image\/png\" \/>\n<meta name=\"twitter:card\" content=\"summary_large_image\" \/>\n<meta name=\"twitter:label1\" content=\"Tiempo de lectura\" \/>\n\t<meta name=\"twitter:data1\" content=\"3 minutos\" \/>\n<script type=\"application\/ld+json\" class=\"yoast-schema-graph\">{\"@context\":\"https:\/\/schema.org\",\"@graph\":[{\"@type\":\"WebPage\",\"@id\":\"https:\/\/optics.carritech.com\/optical-transceivers\/optical-transceivers\/qsfp-dd\/400g-qsfp-dd\/400g-qsfp-dd-lr8\/\",\"url\":\"https:\/\/optics.carritech.com\/optical-transceivers\/optical-transceivers\/qsfp-dd\/400g-qsfp-dd\/400g-qsfp-dd-lr8\/\",\"name\":\"QSFP DD LR8 400G | Optical Transceivers | Carritech Optics\",\"isPartOf\":{\"@id\":\"https:\/\/optics.carritech.com\/#website\"},\"primaryImageOfPage\":{\"@id\":\"https:\/\/optics.carritech.com\/optical-transceivers\/optical-transceivers\/qsfp-dd\/400g-qsfp-dd\/400g-qsfp-dd-lr8\/#primaryimage\"},\"image\":{\"@id\":\"https:\/\/optics.carritech.com\/optical-transceivers\/optical-transceivers\/qsfp-dd\/400g-qsfp-dd\/400g-qsfp-dd-lr8\/#primaryimage\"},\"thumbnailUrl\":\"https:\/\/optics.carritech.com\/wp-content\/uploads\/2024\/11\/QSFP-DD-LR8-400G.png\",\"datePublished\":\"2024-11-18T15:47:55+00:00\",\"dateModified\":\"2026-01-09T10:37:08+00:00\",\"description\":\"In stock. QSFP-DD LR8 400G Optical Transceivers from Carritech Optics. Lifetime Warranty, Fully Compatible with a wide range of OEM's. Contact us today.\",\"breadcrumb\":{\"@id\":\"https:\/\/optics.carritech.com\/optical-transceivers\/optical-transceivers\/qsfp-dd\/400g-qsfp-dd\/400g-qsfp-dd-lr8\/#breadcrumb\"},\"inLanguage\":\"es\",\"potentialAction\":[{\"@type\":\"ReadAction\",\"target\":[\"https:\/\/optics.carritech.com\/optical-transceivers\/optical-transceivers\/qsfp-dd\/400g-qsfp-dd\/400g-qsfp-dd-lr8\/\"]}]},{\"@type\":\"ImageObject\",\"inLanguage\":\"es\",\"@id\":\"https:\/\/optics.carritech.com\/optical-transceivers\/optical-transceivers\/qsfp-dd\/400g-qsfp-dd\/400g-qsfp-dd-lr8\/#primaryimage\",\"url\":\"https:\/\/optics.carritech.com\/wp-content\/uploads\/2024\/11\/QSFP-DD-LR8-400G.png\",\"contentUrl\":\"https:\/\/optics.carritech.com\/wp-content\/uploads\/2024\/11\/QSFP-DD-LR8-400G.png\",\"width\":800,\"height\":800,\"caption\":\"QSFP-DD-LR8-400G\"},{\"@type\":\"BreadcrumbList\",\"@id\":\"https:\/\/optics.carritech.com\/optical-transceivers\/optical-transceivers\/qsfp-dd\/400g-qsfp-dd\/400g-qsfp-dd-lr8\/#breadcrumb\",\"itemListElement\":[{\"@type\":\"ListItem\",\"position\":1,\"name\":\"Home\",\"item\":\"https:\/\/optics.carritech.com\/\"},{\"@type\":\"ListItem\",\"position\":2,\"name\":\"Optical Transceivers\",\"item\":\"https:\/\/optics.carritech.com\/optical-transceivers\/\"},{\"@type\":\"ListItem\",\"position\":3,\"name\":\"CT-400G-QDD-LR8\"}]},{\"@type\":\"WebSite\",\"@id\":\"https:\/\/optics.carritech.com\/#website\",\"url\":\"https:\/\/optics.carritech.com\/\",\"name\":\"Carritech Optics\",\"description\":\"High Quality Optical Transceivers\",\"publisher\":{\"@id\":\"https:\/\/optics.carritech.com\/#organization\"},\"alternateName\":\"Carritech Optics\",\"potentialAction\":[{\"@type\":\"SearchAction\",\"target\":{\"@type\":\"EntryPoint\",\"urlTemplate\":\"https:\/\/optics.carritech.com\/?s={search_term_string}\"},\"query-input\":{\"@type\":\"PropertyValueSpecification\",\"valueRequired\":true,\"valueName\":\"search_term_string\"}}],\"inLanguage\":\"es\"},{\"@type\":\"Organization\",\"@id\":\"https:\/\/optics.carritech.com\/#organization\",\"name\":\"Carritech Optics\",\"url\":\"https:\/\/optics.carritech.com\/\",\"logo\":{\"@type\":\"ImageObject\",\"inLanguage\":\"es\",\"@id\":\"https:\/\/optics.carritech.com\/#\/schema\/logo\/image\/\",\"url\":\"https:\/\/optics.carritech.com\/wp-content\/uploads\/2024\/11\/Carritech-optics.png\",\"contentUrl\":\"https:\/\/optics.carritech.com\/wp-content\/uploads\/2024\/11\/Carritech-optics.png\",\"width\":2048,\"height\":681,\"caption\":\"Carritech Optics\"},\"image\":{\"@id\":\"https:\/\/optics.carritech.com\/#\/schema\/logo\/image\/\"}}]}<\/script>\n<!-- \/ Yoast SEO Premium plugin. -->","yoast_head_json":{"title":"QSFP DD LR8 400G | Optical Transceivers | Carritech Optics","description":"In stock. QSFP-DD LR8 400G Optical Transceivers from Carritech Optics. Lifetime Warranty, Fully Compatible with a wide range of OEM's. Contact us today.","robots":{"index":"index","follow":"follow","max-snippet":"max-snippet:-1","max-image-preview":"max-image-preview:large","max-video-preview":"max-video-preview:-1"},"canonical":"https:\/\/optics.carritech.com\/es\/optical-transceivers\/optical-transceivers\/qsfp-dd\/400g-qsfp-dd\/400g-qsfp-dd-lr8\/","og_locale":"es_ES","og_type":"article","og_title":"CT-400G-QDD-LR8","og_description":"In stock. QSFP-DD LR8 400G Optical Transceivers from Carritech Optics. Lifetime Warranty, Fully Compatible with a wide range of OEM's. Contact us today.","og_url":"https:\/\/optics.carritech.com\/es\/optical-transceivers\/optical-transceivers\/qsfp-dd\/400g-qsfp-dd\/400g-qsfp-dd-lr8\/","og_site_name":"Carritech Optics","article_modified_time":"2026-01-09T10:37:08+00:00","og_image":[{"width":800,"height":800,"url":"https:\/\/optics.carritech.com\/wp-content\/uploads\/2024\/11\/QSFP-DD-LR8-400G.png","type":"image\/png"}],"twitter_card":"summary_large_image","twitter_misc":{"Tiempo de lectura":"3 minutos"},"schema":{"@context":"https:\/\/schema.org","@graph":[{"@type":"WebPage","@id":"https:\/\/optics.carritech.com\/optical-transceivers\/optical-transceivers\/qsfp-dd\/400g-qsfp-dd\/400g-qsfp-dd-lr8\/","url":"https:\/\/optics.carritech.com\/optical-transceivers\/optical-transceivers\/qsfp-dd\/400g-qsfp-dd\/400g-qsfp-dd-lr8\/","name":"QSFP DD LR8 400G | Optical Transceivers | Carritech Optics","isPartOf":{"@id":"https:\/\/optics.carritech.com\/#website"},"primaryImageOfPage":{"@id":"https:\/\/optics.carritech.com\/optical-transceivers\/optical-transceivers\/qsfp-dd\/400g-qsfp-dd\/400g-qsfp-dd-lr8\/#primaryimage"},"image":{"@id":"https:\/\/optics.carritech.com\/optical-transceivers\/optical-transceivers\/qsfp-dd\/400g-qsfp-dd\/400g-qsfp-dd-lr8\/#primaryimage"},"thumbnailUrl":"https:\/\/optics.carritech.com\/wp-content\/uploads\/2024\/11\/QSFP-DD-LR8-400G.png","datePublished":"2024-11-18T15:47:55+00:00","dateModified":"2026-01-09T10:37:08+00:00","description":"In stock. QSFP-DD LR8 400G Optical Transceivers from Carritech Optics. Lifetime Warranty, Fully Compatible with a wide range of OEM's. Contact us today.","breadcrumb":{"@id":"https:\/\/optics.carritech.com\/optical-transceivers\/optical-transceivers\/qsfp-dd\/400g-qsfp-dd\/400g-qsfp-dd-lr8\/#breadcrumb"},"inLanguage":"es","potentialAction":[{"@type":"ReadAction","target":["https:\/\/optics.carritech.com\/optical-transceivers\/optical-transceivers\/qsfp-dd\/400g-qsfp-dd\/400g-qsfp-dd-lr8\/"]}]},{"@type":"ImageObject","inLanguage":"es","@id":"https:\/\/optics.carritech.com\/optical-transceivers\/optical-transceivers\/qsfp-dd\/400g-qsfp-dd\/400g-qsfp-dd-lr8\/#primaryimage","url":"https:\/\/optics.carritech.com\/wp-content\/uploads\/2024\/11\/QSFP-DD-LR8-400G.png","contentUrl":"https:\/\/optics.carritech.com\/wp-content\/uploads\/2024\/11\/QSFP-DD-LR8-400G.png","width":800,"height":800,"caption":"QSFP-DD-LR8-400G"},{"@type":"BreadcrumbList","@id":"https:\/\/optics.carritech.com\/optical-transceivers\/optical-transceivers\/qsfp-dd\/400g-qsfp-dd\/400g-qsfp-dd-lr8\/#breadcrumb","itemListElement":[{"@type":"ListItem","position":1,"name":"Home","item":"https:\/\/optics.carritech.com\/"},{"@type":"ListItem","position":2,"name":"Optical Transceivers","item":"https:\/\/optics.carritech.com\/optical-transceivers\/"},{"@type":"ListItem","position":3,"name":"CT-400G-QDD-LR8"}]},{"@type":"WebSite","@id":"https:\/\/optics.carritech.com\/#website","url":"https:\/\/optics.carritech.com\/","name":"\u00d3ptica Carritech","description":"High Quality Optical Transceivers","publisher":{"@id":"https:\/\/optics.carritech.com\/#organization"},"alternateName":"Carritech Optics","potentialAction":[{"@type":"SearchAction","target":{"@type":"EntryPoint","urlTemplate":"https:\/\/optics.carritech.com\/?s={search_term_string}"},"query-input":{"@type":"PropertyValueSpecification","valueRequired":true,"valueName":"search_term_string"}}],"inLanguage":"es"},{"@type":"Organization","@id":"https:\/\/optics.carritech.com\/#organization","name":"\u00d3ptica Carritech","url":"https:\/\/optics.carritech.com\/","logo":{"@type":"ImageObject","inLanguage":"es","@id":"https:\/\/optics.carritech.com\/#\/schema\/logo\/image\/","url":"https:\/\/optics.carritech.com\/wp-content\/uploads\/2024\/11\/Carritech-optics.png","contentUrl":"https:\/\/optics.carritech.com\/wp-content\/uploads\/2024\/11\/Carritech-optics.png","width":2048,"height":681,"caption":"Carritech Optics"},"image":{"@id":"https:\/\/optics.carritech.com\/#\/schema\/logo\/image\/"}}]}},"_links":{"self":[{"href":"https:\/\/optics.carritech.com\/es\/wp-json\/wp\/v2\/product\/148","targetHints":{"allow":["GET"]}}],"collection":[{"href":"https:\/\/optics.carritech.com\/es\/wp-json\/wp\/v2\/product"}],"about":[{"href":"https:\/\/optics.carritech.com\/es\/wp-json\/wp\/v2\/types\/product"}],"replies":[{"embeddable":true,"href":"https:\/\/optics.carritech.com\/es\/wp-json\/wp\/v2\/comments?post=148"}],"wp:featuredmedia":[{"embeddable":true,"href":"https:\/\/optics.carritech.com\/es\/wp-json\/wp\/v2\/media\/2560"}],"wp:attachment":[{"href":"https:\/\/optics.carritech.com\/es\/wp-json\/wp\/v2\/media?parent=148"}],"wp:term":[{"taxonomy":"product_brand","embeddable":true,"href":"https:\/\/optics.carritech.com\/es\/wp-json\/wp\/v2\/product_brand?post=148"},{"taxonomy":"product_cat","embeddable":true,"href":"https:\/\/optics.carritech.com\/es\/wp-json\/wp\/v2\/product_cat?post=148"},{"taxonomy":"product_tag","embeddable":true,"href":"https:\/\/optics.carritech.com\/es\/wp-json\/wp\/v2\/product_tag?post=148"}],"curies":[{"name":"wp","href":"https:\/\/api.w.org\/{rel}","templated":true}]}}