{"id":2048,"date":"2024-12-17T09:14:01","date_gmt":"2024-12-17T09:14:01","guid":{"rendered":"https:\/\/youbiquity.online\/?post_type=product&#038;p=2048"},"modified":"2025-01-07T09:29:40","modified_gmt":"2025-01-07T09:29:40","slug":"10g-sfp-media-converter","status":"publish","type":"product","link":"https:\/\/optics.carritech.com\/es\/optical-transceivers\/media-converters\/10g-sfp-media-converter\/","title":{"rendered":"Convertidor de medios SFP+ 10G"},"content":{"rendered":"<p>El convertidor de medios SFP 10G de Carritech transforma el medio de transmisi\u00f3n de la se\u00f1al Ethernet de par trenzado a fibra \u00f3ptica. Ampl\u00eda la distancia de transmisi\u00f3n de 300 m multimodo a 120 kms monomodo. El convertidor de medios es una soluci\u00f3n econ\u00f3mica para conseguir una transmisi\u00f3n punto a punto (PTP) de larga distancia basada en los equipos de red tradicionales.<\/p>","protected":false},"excerpt":{"rendered":"<ul>\n<li>Velocidad de datos de hasta 10 Gbps<\/li>\n<li>Conexi\u00f3n LC en est\u00e1ndar<\/li>\n<li>Soporta la funci\u00f3n de paso de fallo de enlace<\/li>\n<li>Indicador LED de los modos de trabajo<\/li>\n<li>Distancia de transmisi\u00f3n de hasta 120 km en el convertidor de medios de ranura SFP+.<\/li>\n<li>Soporta configuraci\u00f3n EEPROM (opcional)<\/li>\n<\/ul>","protected":false},"featured_media":2049,"comment_status":"open","ping_status":"closed","template":"","meta":{"_acf_changed":false},"product_brand":[],"product_cat":[195],"product_tag":[],"class_list":{"0":"post-2048","1":"product","2":"type-product","3":"status-publish","4":"has-post-thumbnail","6":"product_cat-media-converters","8":"first","9":"instock","10":"shipping-taxable","11":"product-type-simple"},"acf":[],"yoast_head":"<!-- This site is optimized with the Yoast SEO Premium plugin v26.8 (Yoast SEO v26.8) - https:\/\/yoast.com\/product\/yoast-seo-premium-wordpress\/ -->\n<title>10G SFP+ Media Converter | Carritech Optics<\/title>\n<meta name=\"robots\" content=\"index, follow, max-snippet:-1, max-image-preview:large, max-video-preview:-1\" \/>\n<link rel=\"canonical\" href=\"https:\/\/optics.carritech.com\/es\/optical-transceivers\/media-converters\/10g-sfp-media-converter\/\" \/>\n<meta property=\"og:locale\" content=\"es_ES\" \/>\n<meta property=\"og:type\" content=\"article\" \/>\n<meta property=\"og:title\" content=\"10G SFP+ Media Converter\" \/>\n<meta property=\"og:description\" content=\"Data rate up to 10G bps  LC connection in standard  Support link fault pass through function  LED display for working modes  Transmission distance up to 120km on SFP+ slot media converter.  Support EEPROM configuration (optional)\" \/>\n<meta property=\"og:url\" content=\"https:\/\/optics.carritech.com\/es\/optical-transceivers\/media-converters\/10g-sfp-media-converter\/\" \/>\n<meta property=\"og:site_name\" content=\"Carritech Optics\" \/>\n<meta property=\"article:modified_time\" content=\"2025-01-07T09:29:40+00:00\" \/>\n<meta property=\"og:image\" content=\"https:\/\/optics.carritech.com\/wp-content\/uploads\/2024\/12\/10G-SFP-Media-Converter.png\" \/>\n\t<meta property=\"og:image:width\" content=\"1000\" \/>\n\t<meta property=\"og:image:height\" content=\"1000\" \/>\n\t<meta property=\"og:image:type\" content=\"image\/png\" \/>\n<meta name=\"twitter:card\" content=\"summary_large_image\" \/>\n<script type=\"application\/ld+json\" class=\"yoast-schema-graph\">{\"@context\":\"https:\/\/schema.org\",\"@graph\":[{\"@type\":\"WebPage\",\"@id\":\"https:\/\/optics.carritech.com\/optical-transceivers\/media-converters\/10g-sfp-media-converter\/\",\"url\":\"https:\/\/optics.carritech.com\/optical-transceivers\/media-converters\/10g-sfp-media-converter\/\",\"name\":\"10G SFP+ Media Converter | Carritech Optics\",\"isPartOf\":{\"@id\":\"https:\/\/optics.carritech.com\/#website\"},\"primaryImageOfPage\":{\"@id\":\"https:\/\/optics.carritech.com\/optical-transceivers\/media-converters\/10g-sfp-media-converter\/#primaryimage\"},\"image\":{\"@id\":\"https:\/\/optics.carritech.com\/optical-transceivers\/media-converters\/10g-sfp-media-converter\/#primaryimage\"},\"thumbnailUrl\":\"https:\/\/optics.carritech.com\/wp-content\/uploads\/2024\/12\/10G-SFP-Media-Converter.png\",\"datePublished\":\"2024-12-17T09:14:01+00:00\",\"dateModified\":\"2025-01-07T09:29:40+00:00\",\"breadcrumb\":{\"@id\":\"https:\/\/optics.carritech.com\/optical-transceivers\/media-converters\/10g-sfp-media-converter\/#breadcrumb\"},\"inLanguage\":\"es\",\"potentialAction\":[{\"@type\":\"ReadAction\",\"target\":[\"https:\/\/optics.carritech.com\/optical-transceivers\/media-converters\/10g-sfp-media-converter\/\"]}]},{\"@type\":\"ImageObject\",\"inLanguage\":\"es\",\"@id\":\"https:\/\/optics.carritech.com\/optical-transceivers\/media-converters\/10g-sfp-media-converter\/#primaryimage\",\"url\":\"https:\/\/optics.carritech.com\/wp-content\/uploads\/2024\/12\/10G-SFP-Media-Converter.png\",\"contentUrl\":\"https:\/\/optics.carritech.com\/wp-content\/uploads\/2024\/12\/10G-SFP-Media-Converter.png\",\"width\":1000,\"height\":1000},{\"@type\":\"BreadcrumbList\",\"@id\":\"https:\/\/optics.carritech.com\/optical-transceivers\/media-converters\/10g-sfp-media-converter\/#breadcrumb\",\"itemListElement\":[{\"@type\":\"ListItem\",\"position\":1,\"name\":\"Home\",\"item\":\"https:\/\/optics.carritech.com\/\"},{\"@type\":\"ListItem\",\"position\":2,\"name\":\"Optical Transceivers\",\"item\":\"https:\/\/optics.carritech.com\/optical-transceivers\/\"},{\"@type\":\"ListItem\",\"position\":3,\"name\":\"10G SFP+ Media Converter\"}]},{\"@type\":\"WebSite\",\"@id\":\"https:\/\/optics.carritech.com\/#website\",\"url\":\"https:\/\/optics.carritech.com\/\",\"name\":\"Carritech Optics\",\"description\":\"High Quality Optical Transceivers\",\"publisher\":{\"@id\":\"https:\/\/optics.carritech.com\/#organization\"},\"alternateName\":\"Carritech Optics\",\"potentialAction\":[{\"@type\":\"SearchAction\",\"target\":{\"@type\":\"EntryPoint\",\"urlTemplate\":\"https:\/\/optics.carritech.com\/?s={search_term_string}\"},\"query-input\":{\"@type\":\"PropertyValueSpecification\",\"valueRequired\":true,\"valueName\":\"search_term_string\"}}],\"inLanguage\":\"es\"},{\"@type\":\"Organization\",\"@id\":\"https:\/\/optics.carritech.com\/#organization\",\"name\":\"Carritech Optics\",\"url\":\"https:\/\/optics.carritech.com\/\",\"logo\":{\"@type\":\"ImageObject\",\"inLanguage\":\"es\",\"@id\":\"https:\/\/optics.carritech.com\/#\/schema\/logo\/image\/\",\"url\":\"https:\/\/optics.carritech.com\/wp-content\/uploads\/2024\/11\/Carritech-optics.png\",\"contentUrl\":\"https:\/\/optics.carritech.com\/wp-content\/uploads\/2024\/11\/Carritech-optics.png\",\"width\":2048,\"height\":681,\"caption\":\"Carritech Optics\"},\"image\":{\"@id\":\"https:\/\/optics.carritech.com\/#\/schema\/logo\/image\/\"}}]}<\/script>\n<!-- \/ Yoast SEO Premium plugin. -->","yoast_head_json":{"title":"10G SFP+ Media Converter | Carritech Optics","robots":{"index":"index","follow":"follow","max-snippet":"max-snippet:-1","max-image-preview":"max-image-preview:large","max-video-preview":"max-video-preview:-1"},"canonical":"https:\/\/optics.carritech.com\/es\/optical-transceivers\/media-converters\/10g-sfp-media-converter\/","og_locale":"es_ES","og_type":"article","og_title":"10G SFP+ Media Converter","og_description":"Data rate up to 10G bps  LC connection in standard  Support link fault pass through function  LED display for working modes  Transmission distance up to 120km on SFP+ slot media converter.  Support EEPROM configuration (optional)","og_url":"https:\/\/optics.carritech.com\/es\/optical-transceivers\/media-converters\/10g-sfp-media-converter\/","og_site_name":"Carritech Optics","article_modified_time":"2025-01-07T09:29:40+00:00","og_image":[{"width":1000,"height":1000,"url":"https:\/\/optics.carritech.com\/wp-content\/uploads\/2024\/12\/10G-SFP-Media-Converter.png","type":"image\/png"}],"twitter_card":"summary_large_image","schema":{"@context":"https:\/\/schema.org","@graph":[{"@type":"WebPage","@id":"https:\/\/optics.carritech.com\/optical-transceivers\/media-converters\/10g-sfp-media-converter\/","url":"https:\/\/optics.carritech.com\/optical-transceivers\/media-converters\/10g-sfp-media-converter\/","name":"10G SFP+ Media Converter | Carritech Optics","isPartOf":{"@id":"https:\/\/optics.carritech.com\/#website"},"primaryImageOfPage":{"@id":"https:\/\/optics.carritech.com\/optical-transceivers\/media-converters\/10g-sfp-media-converter\/#primaryimage"},"image":{"@id":"https:\/\/optics.carritech.com\/optical-transceivers\/media-converters\/10g-sfp-media-converter\/#primaryimage"},"thumbnailUrl":"https:\/\/optics.carritech.com\/wp-content\/uploads\/2024\/12\/10G-SFP-Media-Converter.png","datePublished":"2024-12-17T09:14:01+00:00","dateModified":"2025-01-07T09:29:40+00:00","breadcrumb":{"@id":"https:\/\/optics.carritech.com\/optical-transceivers\/media-converters\/10g-sfp-media-converter\/#breadcrumb"},"inLanguage":"es","potentialAction":[{"@type":"ReadAction","target":["https:\/\/optics.carritech.com\/optical-transceivers\/media-converters\/10g-sfp-media-converter\/"]}]},{"@type":"ImageObject","inLanguage":"es","@id":"https:\/\/optics.carritech.com\/optical-transceivers\/media-converters\/10g-sfp-media-converter\/#primaryimage","url":"https:\/\/optics.carritech.com\/wp-content\/uploads\/2024\/12\/10G-SFP-Media-Converter.png","contentUrl":"https:\/\/optics.carritech.com\/wp-content\/uploads\/2024\/12\/10G-SFP-Media-Converter.png","width":1000,"height":1000},{"@type":"BreadcrumbList","@id":"https:\/\/optics.carritech.com\/optical-transceivers\/media-converters\/10g-sfp-media-converter\/#breadcrumb","itemListElement":[{"@type":"ListItem","position":1,"name":"Home","item":"https:\/\/optics.carritech.com\/"},{"@type":"ListItem","position":2,"name":"Optical Transceivers","item":"https:\/\/optics.carritech.com\/optical-transceivers\/"},{"@type":"ListItem","position":3,"name":"10G SFP+ Media Converter"}]},{"@type":"WebSite","@id":"https:\/\/optics.carritech.com\/#website","url":"https:\/\/optics.carritech.com\/","name":"\u00d3ptica Carritech","description":"High Quality Optical Transceivers","publisher":{"@id":"https:\/\/optics.carritech.com\/#organization"},"alternateName":"Carritech Optics","potentialAction":[{"@type":"SearchAction","target":{"@type":"EntryPoint","urlTemplate":"https:\/\/optics.carritech.com\/?s={search_term_string}"},"query-input":{"@type":"PropertyValueSpecification","valueRequired":true,"valueName":"search_term_string"}}],"inLanguage":"es"},{"@type":"Organization","@id":"https:\/\/optics.carritech.com\/#organization","name":"\u00d3ptica Carritech","url":"https:\/\/optics.carritech.com\/","logo":{"@type":"ImageObject","inLanguage":"es","@id":"https:\/\/optics.carritech.com\/#\/schema\/logo\/image\/","url":"https:\/\/optics.carritech.com\/wp-content\/uploads\/2024\/11\/Carritech-optics.png","contentUrl":"https:\/\/optics.carritech.com\/wp-content\/uploads\/2024\/11\/Carritech-optics.png","width":2048,"height":681,"caption":"Carritech Optics"},"image":{"@id":"https:\/\/optics.carritech.com\/#\/schema\/logo\/image\/"}}]}},"_links":{"self":[{"href":"https:\/\/optics.carritech.com\/es\/wp-json\/wp\/v2\/product\/2048","targetHints":{"allow":["GET"]}}],"collection":[{"href":"https:\/\/optics.carritech.com\/es\/wp-json\/wp\/v2\/product"}],"about":[{"href":"https:\/\/optics.carritech.com\/es\/wp-json\/wp\/v2\/types\/product"}],"replies":[{"embeddable":true,"href":"https:\/\/optics.carritech.com\/es\/wp-json\/wp\/v2\/comments?post=2048"}],"wp:featuredmedia":[{"embeddable":true,"href":"https:\/\/optics.carritech.com\/es\/wp-json\/wp\/v2\/media\/2049"}],"wp:attachment":[{"href":"https:\/\/optics.carritech.com\/es\/wp-json\/wp\/v2\/media?parent=2048"}],"wp:term":[{"taxonomy":"product_brand","embeddable":true,"href":"https:\/\/optics.carritech.com\/es\/wp-json\/wp\/v2\/product_brand?post=2048"},{"taxonomy":"product_cat","embeddable":true,"href":"https:\/\/optics.carritech.com\/es\/wp-json\/wp\/v2\/product_cat?post=2048"},{"taxonomy":"product_tag","embeddable":true,"href":"https:\/\/optics.carritech.com\/es\/wp-json\/wp\/v2\/product_tag?post=2048"}],"curies":[{"name":"wp","href":"https:\/\/api.w.org\/{rel}","templated":true}]}}