{"id":61,"date":"2024-01-01T00:01:28","date_gmt":"2024-01-01T00:01:28","guid":{"rendered":"https:\/\/youbiquity.online\/?product=ct-csfp-bx-20u-ct-csfp-bx-20d"},"modified":"2026-01-08T17:02:05","modified_gmt":"2026-01-08T17:02:05","slug":"ct-csfp-bx-20u","status":"publish","type":"product","link":"https:\/\/optics.carritech.com\/es\/optical-transceivers\/optical-transceivers\/cfsp\/1-25g-csfp\/ct-csfp-bx-20u\/","title":{"rendered":"CT-CSFP-BX-20U"},"content":{"rendered":"<p><strong>1,25G CSFP 1310\/1550NM,1310\/1490NM 20KM<\/strong><\/p>\n<p>\u00d3ptica Carritech <strong data-start=\"39\" data-end=\"103\">Transceptor SFP BiDi compacto de 1,25 Gbps (20 km, 1310\/1490 nm)<\/strong> es un m\u00f3dulo CSFP de doble canal dise\u00f1ado para despliegues Gigabit Ethernet BX20 y FTTH rentables, con transmisores l\u00e1ser FP\/DFB, receptores PIN y monitorizaci\u00f3n de diagn\u00f3stico digital completa.<\/p>","protected":false},"excerpt":{"rendered":"<ul>\n<li data-start=\"2919\" data-end=\"3003\"><strong data-start=\"2919\" data-end=\"2961\">Dise\u00f1o de doble canal SFP compacto (CSFP)<\/strong> permitiendo dos enlaces BiDi en un m\u00f3dulo.<\/li>\n<li data-start=\"3006\" data-end=\"3110\"><strong data-start=\"3006\" data-end=\"3048\">Opciones de l\u00e1ser 1310 nm FP \/ 1490 nm DFB<\/strong> con receptor PIN para una transmisi\u00f3n bidireccional fiable.<\/li>\n<li data-start=\"3113\" data-end=\"3192\"><strong data-start=\"3113\" data-end=\"3162\">Conexi\u00f3n en caliente con conector LC\/UPC<\/strong> para un despliegue simplificado.<\/li>\n<li data-start=\"3195\" data-end=\"3272\"><strong data-start=\"3195\" data-end=\"3235\">Control de diagn\u00f3stico digital (DDM)<\/strong> v\u00eda I\u00b2C con alarmas y avisos.<\/li>\n<li data-start=\"3275\" data-end=\"3343\"><strong data-start=\"3275\" data-end=\"3339\">Cumple la directiva RoHS, alimentaci\u00f3n \u00fanica de 3,3 V, rango de funcionamiento de 0-70 \u00b0C<\/strong>.<\/li>\n<\/ul>","protected":false},"featured_media":4109,"comment_status":"closed","ping_status":"closed","template":"","meta":{"_acf_changed":false},"product_brand":[],"product_cat":[44,43,17],"product_tag":[20],"class_list":{"0":"post-61","1":"product","2":"type-product","3":"status-publish","4":"has-post-thumbnail","6":"product_cat-1-25g-csfp","7":"product_cat-cfsp","8":"product_cat-optical-transceivers","9":"product_tag-155m-1-25g-sfp","11":"first","12":"instock","13":"shipping-taxable","14":"product-type-simple"},"acf":[],"yoast_head":"<!-- This site is optimized with the Yoast SEO Premium plugin v26.8 (Yoast SEO v26.8) - https:\/\/yoast.com\/product\/yoast-seo-premium-wordpress\/ -->\n<title>CT-CSFP-BX-20U | Carritech Optics<\/title>\n<meta name=\"robots\" content=\"index, follow, max-snippet:-1, max-image-preview:large, max-video-preview:-1\" \/>\n<link rel=\"canonical\" href=\"https:\/\/optics.carritech.com\/es\/optical-transceivers\/optical-transceivers\/cfsp\/1-25g-csfp\/ct-csfp-bx-20u\/\" \/>\n<meta property=\"og:locale\" content=\"es_ES\" \/>\n<meta property=\"og:type\" content=\"article\" \/>\n<meta property=\"og:title\" content=\"CT-CSFP-BX-20U\" \/>\n<meta property=\"og:description\" content=\"Compact SFP (CSFP) dual-channel design enabling two BiDi links in one module.  1310 nm FP \/ 1490 nm DFB laser options with PIN receiver for reliable bidirectional transmission.  Hot-pluggable footprint with LC\/UPC connector for simplified deployment.  Digital Diagnostics Monitoring (DDM) via I\u00b2C with alarms and warnings.  RoHS compliant, 3.3 V single supply, 0\u201370 \u00b0C operating range.\" \/>\n<meta property=\"og:url\" content=\"https:\/\/optics.carritech.com\/es\/optical-transceivers\/optical-transceivers\/cfsp\/1-25g-csfp\/ct-csfp-bx-20u\/\" \/>\n<meta property=\"og:site_name\" content=\"Carritech Optics\" \/>\n<meta property=\"article:modified_time\" content=\"2026-01-08T17:02:05+00:00\" \/>\n<meta property=\"og:image\" content=\"https:\/\/optics.carritech.com\/wp-content\/uploads\/2024\/01\/CT-CSFP-BX-20U.png\" \/>\n\t<meta property=\"og:image:width\" content=\"1200\" \/>\n\t<meta property=\"og:image:height\" content=\"1200\" \/>\n\t<meta property=\"og:image:type\" content=\"image\/png\" \/>\n<meta name=\"twitter:card\" content=\"summary_large_image\" \/>\n<meta name=\"twitter:label1\" content=\"Tiempo de lectura\" \/>\n\t<meta name=\"twitter:data1\" content=\"4 minutos\" \/>\n<script type=\"application\/ld+json\" class=\"yoast-schema-graph\">{\"@context\":\"https:\/\/schema.org\",\"@graph\":[{\"@type\":\"WebPage\",\"@id\":\"https:\/\/optics.carritech.com\/optical-transceivers\/optical-transceivers\/cfsp\/1-25g-csfp\/ct-csfp-bx-20u\/\",\"url\":\"https:\/\/optics.carritech.com\/optical-transceivers\/optical-transceivers\/cfsp\/1-25g-csfp\/ct-csfp-bx-20u\/\",\"name\":\"CT-CSFP-BX-20U | Carritech Optics\",\"isPartOf\":{\"@id\":\"https:\/\/optics.carritech.com\/#website\"},\"primaryImageOfPage\":{\"@id\":\"https:\/\/optics.carritech.com\/optical-transceivers\/optical-transceivers\/cfsp\/1-25g-csfp\/ct-csfp-bx-20u\/#primaryimage\"},\"image\":{\"@id\":\"https:\/\/optics.carritech.com\/optical-transceivers\/optical-transceivers\/cfsp\/1-25g-csfp\/ct-csfp-bx-20u\/#primaryimage\"},\"thumbnailUrl\":\"https:\/\/optics.carritech.com\/wp-content\/uploads\/2024\/01\/CT-CSFP-BX-20U.png\",\"datePublished\":\"2024-01-01T00:01:28+00:00\",\"dateModified\":\"2026-01-08T17:02:05+00:00\",\"breadcrumb\":{\"@id\":\"https:\/\/optics.carritech.com\/optical-transceivers\/optical-transceivers\/cfsp\/1-25g-csfp\/ct-csfp-bx-20u\/#breadcrumb\"},\"inLanguage\":\"es\",\"potentialAction\":[{\"@type\":\"ReadAction\",\"target\":[\"https:\/\/optics.carritech.com\/optical-transceivers\/optical-transceivers\/cfsp\/1-25g-csfp\/ct-csfp-bx-20u\/\"]}]},{\"@type\":\"ImageObject\",\"inLanguage\":\"es\",\"@id\":\"https:\/\/optics.carritech.com\/optical-transceivers\/optical-transceivers\/cfsp\/1-25g-csfp\/ct-csfp-bx-20u\/#primaryimage\",\"url\":\"https:\/\/optics.carritech.com\/wp-content\/uploads\/2024\/01\/CT-CSFP-BX-20U.png\",\"contentUrl\":\"https:\/\/optics.carritech.com\/wp-content\/uploads\/2024\/01\/CT-CSFP-BX-20U.png\",\"width\":1200,\"height\":1200,\"caption\":\"CSFP 2-Channel BiDi 1490nm-TX\/1310nm-RX 10km DOM Duplex LC\/UPC SMF Optical Transceiver Module\"},{\"@type\":\"BreadcrumbList\",\"@id\":\"https:\/\/optics.carritech.com\/optical-transceivers\/optical-transceivers\/cfsp\/1-25g-csfp\/ct-csfp-bx-20u\/#breadcrumb\",\"itemListElement\":[{\"@type\":\"ListItem\",\"position\":1,\"name\":\"Home\",\"item\":\"https:\/\/optics.carritech.com\/\"},{\"@type\":\"ListItem\",\"position\":2,\"name\":\"Optical Transceivers\",\"item\":\"https:\/\/optics.carritech.com\/optical-transceivers\/\"},{\"@type\":\"ListItem\",\"position\":3,\"name\":\"CT-CSFP-BX-20U\"}]},{\"@type\":\"WebSite\",\"@id\":\"https:\/\/optics.carritech.com\/#website\",\"url\":\"https:\/\/optics.carritech.com\/\",\"name\":\"Carritech Optics\",\"description\":\"High Quality Optical Transceivers\",\"publisher\":{\"@id\":\"https:\/\/optics.carritech.com\/#organization\"},\"alternateName\":\"Carritech Optics\",\"potentialAction\":[{\"@type\":\"SearchAction\",\"target\":{\"@type\":\"EntryPoint\",\"urlTemplate\":\"https:\/\/optics.carritech.com\/?s={search_term_string}\"},\"query-input\":{\"@type\":\"PropertyValueSpecification\",\"valueRequired\":true,\"valueName\":\"search_term_string\"}}],\"inLanguage\":\"es\"},{\"@type\":\"Organization\",\"@id\":\"https:\/\/optics.carritech.com\/#organization\",\"name\":\"Carritech Optics\",\"url\":\"https:\/\/optics.carritech.com\/\",\"logo\":{\"@type\":\"ImageObject\",\"inLanguage\":\"es\",\"@id\":\"https:\/\/optics.carritech.com\/#\/schema\/logo\/image\/\",\"url\":\"https:\/\/optics.carritech.com\/wp-content\/uploads\/2024\/11\/Carritech-optics.png\",\"contentUrl\":\"https:\/\/optics.carritech.com\/wp-content\/uploads\/2024\/11\/Carritech-optics.png\",\"width\":2048,\"height\":681,\"caption\":\"Carritech Optics\"},\"image\":{\"@id\":\"https:\/\/optics.carritech.com\/#\/schema\/logo\/image\/\"}}]}<\/script>\n<!-- \/ Yoast SEO Premium plugin. -->","yoast_head_json":{"title":"CT-CSFP-BX-20U | Carritech Optics","robots":{"index":"index","follow":"follow","max-snippet":"max-snippet:-1","max-image-preview":"max-image-preview:large","max-video-preview":"max-video-preview:-1"},"canonical":"https:\/\/optics.carritech.com\/es\/optical-transceivers\/optical-transceivers\/cfsp\/1-25g-csfp\/ct-csfp-bx-20u\/","og_locale":"es_ES","og_type":"article","og_title":"CT-CSFP-BX-20U","og_description":"Compact SFP (CSFP) dual-channel design enabling two BiDi links in one module.  1310 nm FP \/ 1490 nm DFB laser options with PIN receiver for reliable bidirectional transmission.  Hot-pluggable footprint with LC\/UPC connector for simplified deployment.  Digital Diagnostics Monitoring (DDM) via I\u00b2C with alarms and warnings.  RoHS compliant, 3.3 V single supply, 0\u201370 \u00b0C operating range.","og_url":"https:\/\/optics.carritech.com\/es\/optical-transceivers\/optical-transceivers\/cfsp\/1-25g-csfp\/ct-csfp-bx-20u\/","og_site_name":"Carritech Optics","article_modified_time":"2026-01-08T17:02:05+00:00","og_image":[{"width":1200,"height":1200,"url":"https:\/\/optics.carritech.com\/wp-content\/uploads\/2024\/01\/CT-CSFP-BX-20U.png","type":"image\/png"}],"twitter_card":"summary_large_image","twitter_misc":{"Tiempo de lectura":"4 minutos"},"schema":{"@context":"https:\/\/schema.org","@graph":[{"@type":"WebPage","@id":"https:\/\/optics.carritech.com\/optical-transceivers\/optical-transceivers\/cfsp\/1-25g-csfp\/ct-csfp-bx-20u\/","url":"https:\/\/optics.carritech.com\/optical-transceivers\/optical-transceivers\/cfsp\/1-25g-csfp\/ct-csfp-bx-20u\/","name":"CT-CSFP-BX-20U | Carritech Optics","isPartOf":{"@id":"https:\/\/optics.carritech.com\/#website"},"primaryImageOfPage":{"@id":"https:\/\/optics.carritech.com\/optical-transceivers\/optical-transceivers\/cfsp\/1-25g-csfp\/ct-csfp-bx-20u\/#primaryimage"},"image":{"@id":"https:\/\/optics.carritech.com\/optical-transceivers\/optical-transceivers\/cfsp\/1-25g-csfp\/ct-csfp-bx-20u\/#primaryimage"},"thumbnailUrl":"https:\/\/optics.carritech.com\/wp-content\/uploads\/2024\/01\/CT-CSFP-BX-20U.png","datePublished":"2024-01-01T00:01:28+00:00","dateModified":"2026-01-08T17:02:05+00:00","breadcrumb":{"@id":"https:\/\/optics.carritech.com\/optical-transceivers\/optical-transceivers\/cfsp\/1-25g-csfp\/ct-csfp-bx-20u\/#breadcrumb"},"inLanguage":"es","potentialAction":[{"@type":"ReadAction","target":["https:\/\/optics.carritech.com\/optical-transceivers\/optical-transceivers\/cfsp\/1-25g-csfp\/ct-csfp-bx-20u\/"]}]},{"@type":"ImageObject","inLanguage":"es","@id":"https:\/\/optics.carritech.com\/optical-transceivers\/optical-transceivers\/cfsp\/1-25g-csfp\/ct-csfp-bx-20u\/#primaryimage","url":"https:\/\/optics.carritech.com\/wp-content\/uploads\/2024\/01\/CT-CSFP-BX-20U.png","contentUrl":"https:\/\/optics.carritech.com\/wp-content\/uploads\/2024\/01\/CT-CSFP-BX-20U.png","width":1200,"height":1200,"caption":"CSFP 2-Channel BiDi 1490nm-TX\/1310nm-RX 10km DOM Duplex LC\/UPC SMF Optical Transceiver Module"},{"@type":"BreadcrumbList","@id":"https:\/\/optics.carritech.com\/optical-transceivers\/optical-transceivers\/cfsp\/1-25g-csfp\/ct-csfp-bx-20u\/#breadcrumb","itemListElement":[{"@type":"ListItem","position":1,"name":"Home","item":"https:\/\/optics.carritech.com\/"},{"@type":"ListItem","position":2,"name":"Optical Transceivers","item":"https:\/\/optics.carritech.com\/optical-transceivers\/"},{"@type":"ListItem","position":3,"name":"CT-CSFP-BX-20U"}]},{"@type":"WebSite","@id":"https:\/\/optics.carritech.com\/#website","url":"https:\/\/optics.carritech.com\/","name":"\u00d3ptica Carritech","description":"High Quality Optical Transceivers","publisher":{"@id":"https:\/\/optics.carritech.com\/#organization"},"alternateName":"Carritech Optics","potentialAction":[{"@type":"SearchAction","target":{"@type":"EntryPoint","urlTemplate":"https:\/\/optics.carritech.com\/?s={search_term_string}"},"query-input":{"@type":"PropertyValueSpecification","valueRequired":true,"valueName":"search_term_string"}}],"inLanguage":"es"},{"@type":"Organization","@id":"https:\/\/optics.carritech.com\/#organization","name":"\u00d3ptica Carritech","url":"https:\/\/optics.carritech.com\/","logo":{"@type":"ImageObject","inLanguage":"es","@id":"https:\/\/optics.carritech.com\/#\/schema\/logo\/image\/","url":"https:\/\/optics.carritech.com\/wp-content\/uploads\/2024\/11\/Carritech-optics.png","contentUrl":"https:\/\/optics.carritech.com\/wp-content\/uploads\/2024\/11\/Carritech-optics.png","width":2048,"height":681,"caption":"Carritech Optics"},"image":{"@id":"https:\/\/optics.carritech.com\/#\/schema\/logo\/image\/"}}]}},"_links":{"self":[{"href":"https:\/\/optics.carritech.com\/es\/wp-json\/wp\/v2\/product\/61","targetHints":{"allow":["GET"]}}],"collection":[{"href":"https:\/\/optics.carritech.com\/es\/wp-json\/wp\/v2\/product"}],"about":[{"href":"https:\/\/optics.carritech.com\/es\/wp-json\/wp\/v2\/types\/product"}],"replies":[{"embeddable":true,"href":"https:\/\/optics.carritech.com\/es\/wp-json\/wp\/v2\/comments?post=61"}],"wp:featuredmedia":[{"embeddable":true,"href":"https:\/\/optics.carritech.com\/es\/wp-json\/wp\/v2\/media\/4109"}],"wp:attachment":[{"href":"https:\/\/optics.carritech.com\/es\/wp-json\/wp\/v2\/media?parent=61"}],"wp:term":[{"taxonomy":"product_brand","embeddable":true,"href":"https:\/\/optics.carritech.com\/es\/wp-json\/wp\/v2\/product_brand?post=61"},{"taxonomy":"product_cat","embeddable":true,"href":"https:\/\/optics.carritech.com\/es\/wp-json\/wp\/v2\/product_cat?post=61"},{"taxonomy":"product_tag","embeddable":true,"href":"https:\/\/optics.carritech.com\/es\/wp-json\/wp\/v2\/product_tag?post=61"}],"curies":[{"name":"wp","href":"https:\/\/api.w.org\/{rel}","templated":true}]}}