{"id":141,"date":"2024-11-18T15:47:48","date_gmt":"2024-11-18T15:47:48","guid":{"rendered":"https:\/\/youbiquity.online\/?product=ct-cfp4-sr4"},"modified":"2024-12-19T13:51:05","modified_gmt":"2024-12-19T13:51:05","slug":"ct-cfp4-sr4","status":"publish","type":"product","link":"https:\/\/optics.carritech.com\/fr\/optical-transceivers\/optical-transceivers\/cfp4\/100g-cfp4\/ct-cfp4-sr4\/","title":{"rendered":"CT-CFP4-SR4"},"content":{"rendered":"<p>100G CFP4 850NM 100M<\/p>","protected":false},"excerpt":{"rendered":"<ul>\n<li>4 independent full-duplex channels<\/li>\n<li>Up to 28Gb\/s data rate per channel<\/li>\n<li>CFP4 MSA compliant<\/li>\n<li>Compliant to IEEE 802.3bm 100GBASE-SR4<\/li>\n<li>Up to 100m OM4 MMF transmission<\/li>\n<li>Temp\u00e9rature de fonctionnement du bo\u00eetier : 0 \u00e0 70<sup>o<\/sup>C<\/li>\n<li>Single 3.3V power supply<\/li>\n<li>Consommation \u00e9lectrique maximale 3,5 W<\/li>\n<li>MTP\/MPO optical connector<\/li>\n<li>RoHS-6 compliant<\/li>\n<\/ul>","protected":false},"featured_media":1848,"comment_status":"closed","ping_status":"closed","template":"","meta":{"_acf_changed":false},"product_brand":[],"product_cat":[89,88,17],"product_tag":[83],"class_list":{"0":"post-141","1":"product","2":"type-product","3":"status-publish","4":"has-post-thumbnail","6":"product_cat-100g-cfp4","7":"product_cat-cfp4","8":"product_cat-optical-transceivers","9":"product_tag-100g-cfp-cfp2-cfp4","11":"first","12":"instock","13":"shipping-taxable","14":"product-type-simple"},"acf":[],"yoast_head":"<!-- This site is optimized with the Yoast SEO Premium plugin v26.8 (Yoast SEO v26.8) - https:\/\/yoast.com\/product\/yoast-seo-premium-wordpress\/ -->\n<title>CT-CFP4-SR4 | Carritech Optics<\/title>\n<meta name=\"robots\" content=\"index, follow, max-snippet:-1, max-image-preview:large, max-video-preview:-1\" \/>\n<link rel=\"canonical\" href=\"https:\/\/optics.carritech.com\/fr\/optical-transceivers\/optical-transceivers\/cfp4\/100g-cfp4\/ct-cfp4-sr4\/\" \/>\n<meta property=\"og:locale\" content=\"fr_FR\" \/>\n<meta property=\"og:type\" content=\"article\" \/>\n<meta property=\"og:title\" content=\"CT-CFP4-SR4\" \/>\n<meta property=\"og:description\" content=\"4 independent full-duplex channels  Up to 28Gb\/s data rate per channel  CFP4 MSA compliant  Compliant to IEEE 802.3bm 100GBASE-SR4  Up to 100m OM4 MMF transmission  Operating case temperature: 0 to 70oC  Single 3.3V power supply  Maximum power consumption 3.5W  MTP\/MPO optical connector  RoHS-6 compliant\" \/>\n<meta property=\"og:url\" content=\"https:\/\/optics.carritech.com\/fr\/optical-transceivers\/optical-transceivers\/cfp4\/100g-cfp4\/ct-cfp4-sr4\/\" \/>\n<meta property=\"og:site_name\" content=\"Carritech Optics\" \/>\n<meta property=\"article:modified_time\" content=\"2024-12-19T13:51:05+00:00\" \/>\n<meta property=\"og:image\" content=\"https:\/\/optics.carritech.com\/wp-content\/uploads\/2024\/11\/100G-CFP4-300x300-1.png\" \/>\n\t<meta property=\"og:image:width\" content=\"300\" \/>\n\t<meta property=\"og:image:height\" content=\"300\" \/>\n\t<meta property=\"og:image:type\" content=\"image\/png\" \/>\n<meta name=\"twitter:card\" content=\"summary_large_image\" \/>\n<script type=\"application\/ld+json\" class=\"yoast-schema-graph\">{\"@context\":\"https:\/\/schema.org\",\"@graph\":[{\"@type\":\"WebPage\",\"@id\":\"https:\/\/optics.carritech.com\/optical-transceivers\/optical-transceivers\/cfp4\/100g-cfp4\/ct-cfp4-sr4\/\",\"url\":\"https:\/\/optics.carritech.com\/optical-transceivers\/optical-transceivers\/cfp4\/100g-cfp4\/ct-cfp4-sr4\/\",\"name\":\"CT-CFP4-SR4 | Carritech Optics\",\"isPartOf\":{\"@id\":\"https:\/\/optics.carritech.com\/#website\"},\"primaryImageOfPage\":{\"@id\":\"https:\/\/optics.carritech.com\/optical-transceivers\/optical-transceivers\/cfp4\/100g-cfp4\/ct-cfp4-sr4\/#primaryimage\"},\"image\":{\"@id\":\"https:\/\/optics.carritech.com\/optical-transceivers\/optical-transceivers\/cfp4\/100g-cfp4\/ct-cfp4-sr4\/#primaryimage\"},\"thumbnailUrl\":\"https:\/\/optics.carritech.com\/wp-content\/uploads\/2024\/11\/100G-CFP4-300x300-1.png\",\"datePublished\":\"2024-11-18T15:47:48+00:00\",\"dateModified\":\"2024-12-19T13:51:05+00:00\",\"breadcrumb\":{\"@id\":\"https:\/\/optics.carritech.com\/optical-transceivers\/optical-transceivers\/cfp4\/100g-cfp4\/ct-cfp4-sr4\/#breadcrumb\"},\"inLanguage\":\"fr-FR\",\"potentialAction\":[{\"@type\":\"ReadAction\",\"target\":[\"https:\/\/optics.carritech.com\/optical-transceivers\/optical-transceivers\/cfp4\/100g-cfp4\/ct-cfp4-sr4\/\"]}]},{\"@type\":\"ImageObject\",\"inLanguage\":\"fr-FR\",\"@id\":\"https:\/\/optics.carritech.com\/optical-transceivers\/optical-transceivers\/cfp4\/100g-cfp4\/ct-cfp4-sr4\/#primaryimage\",\"url\":\"https:\/\/optics.carritech.com\/wp-content\/uploads\/2024\/11\/100G-CFP4-300x300-1.png\",\"contentUrl\":\"https:\/\/optics.carritech.com\/wp-content\/uploads\/2024\/11\/100G-CFP4-300x300-1.png\",\"width\":300,\"height\":300,\"caption\":\"100GBASE-LR4 CFP4 1310nm 10km DOM Duplex LC SMF Optical Transceiver Module\"},{\"@type\":\"BreadcrumbList\",\"@id\":\"https:\/\/optics.carritech.com\/optical-transceivers\/optical-transceivers\/cfp4\/100g-cfp4\/ct-cfp4-sr4\/#breadcrumb\",\"itemListElement\":[{\"@type\":\"ListItem\",\"position\":1,\"name\":\"Home\",\"item\":\"https:\/\/optics.carritech.com\/\"},{\"@type\":\"ListItem\",\"position\":2,\"name\":\"Optical Transceivers\",\"item\":\"https:\/\/optics.carritech.com\/optical-transceivers\/\"},{\"@type\":\"ListItem\",\"position\":3,\"name\":\"CT-CFP4-SR4\"}]},{\"@type\":\"WebSite\",\"@id\":\"https:\/\/optics.carritech.com\/#website\",\"url\":\"https:\/\/optics.carritech.com\/\",\"name\":\"Carritech Optics\",\"description\":\"High Quality Optical Transceivers\",\"publisher\":{\"@id\":\"https:\/\/optics.carritech.com\/#organization\"},\"alternateName\":\"Carritech Optics\",\"potentialAction\":[{\"@type\":\"SearchAction\",\"target\":{\"@type\":\"EntryPoint\",\"urlTemplate\":\"https:\/\/optics.carritech.com\/?s={search_term_string}\"},\"query-input\":{\"@type\":\"PropertyValueSpecification\",\"valueRequired\":true,\"valueName\":\"search_term_string\"}}],\"inLanguage\":\"fr-FR\"},{\"@type\":\"Organization\",\"@id\":\"https:\/\/optics.carritech.com\/#organization\",\"name\":\"Carritech Optics\",\"url\":\"https:\/\/optics.carritech.com\/\",\"logo\":{\"@type\":\"ImageObject\",\"inLanguage\":\"fr-FR\",\"@id\":\"https:\/\/optics.carritech.com\/#\/schema\/logo\/image\/\",\"url\":\"https:\/\/optics.carritech.com\/wp-content\/uploads\/2024\/11\/Carritech-optics.png\",\"contentUrl\":\"https:\/\/optics.carritech.com\/wp-content\/uploads\/2024\/11\/Carritech-optics.png\",\"width\":2048,\"height\":681,\"caption\":\"Carritech Optics\"},\"image\":{\"@id\":\"https:\/\/optics.carritech.com\/#\/schema\/logo\/image\/\"}}]}<\/script>\n<!-- \/ Yoast SEO Premium plugin. -->","yoast_head_json":{"title":"CT-CFP4-SR4 | Carritech Optics","robots":{"index":"index","follow":"follow","max-snippet":"max-snippet:-1","max-image-preview":"max-image-preview:large","max-video-preview":"max-video-preview:-1"},"canonical":"https:\/\/optics.carritech.com\/fr\/optical-transceivers\/optical-transceivers\/cfp4\/100g-cfp4\/ct-cfp4-sr4\/","og_locale":"fr_FR","og_type":"article","og_title":"CT-CFP4-SR4","og_description":"4 independent full-duplex channels  Up to 28Gb\/s data rate per channel  CFP4 MSA compliant  Compliant to IEEE 802.3bm 100GBASE-SR4  Up to 100m OM4 MMF transmission  Operating case temperature: 0 to 70oC  Single 3.3V power supply  Maximum power consumption 3.5W  MTP\/MPO optical connector  RoHS-6 compliant","og_url":"https:\/\/optics.carritech.com\/fr\/optical-transceivers\/optical-transceivers\/cfp4\/100g-cfp4\/ct-cfp4-sr4\/","og_site_name":"Carritech Optics","article_modified_time":"2024-12-19T13:51:05+00:00","og_image":[{"width":300,"height":300,"url":"https:\/\/optics.carritech.com\/wp-content\/uploads\/2024\/11\/100G-CFP4-300x300-1.png","type":"image\/png"}],"twitter_card":"summary_large_image","schema":{"@context":"https:\/\/schema.org","@graph":[{"@type":"WebPage","@id":"https:\/\/optics.carritech.com\/optical-transceivers\/optical-transceivers\/cfp4\/100g-cfp4\/ct-cfp4-sr4\/","url":"https:\/\/optics.carritech.com\/optical-transceivers\/optical-transceivers\/cfp4\/100g-cfp4\/ct-cfp4-sr4\/","name":"CT-CFP4-SR4 | Carritech Optics","isPartOf":{"@id":"https:\/\/optics.carritech.com\/#website"},"primaryImageOfPage":{"@id":"https:\/\/optics.carritech.com\/optical-transceivers\/optical-transceivers\/cfp4\/100g-cfp4\/ct-cfp4-sr4\/#primaryimage"},"image":{"@id":"https:\/\/optics.carritech.com\/optical-transceivers\/optical-transceivers\/cfp4\/100g-cfp4\/ct-cfp4-sr4\/#primaryimage"},"thumbnailUrl":"https:\/\/optics.carritech.com\/wp-content\/uploads\/2024\/11\/100G-CFP4-300x300-1.png","datePublished":"2024-11-18T15:47:48+00:00","dateModified":"2024-12-19T13:51:05+00:00","breadcrumb":{"@id":"https:\/\/optics.carritech.com\/optical-transceivers\/optical-transceivers\/cfp4\/100g-cfp4\/ct-cfp4-sr4\/#breadcrumb"},"inLanguage":"fr-FR","potentialAction":[{"@type":"ReadAction","target":["https:\/\/optics.carritech.com\/optical-transceivers\/optical-transceivers\/cfp4\/100g-cfp4\/ct-cfp4-sr4\/"]}]},{"@type":"ImageObject","inLanguage":"fr-FR","@id":"https:\/\/optics.carritech.com\/optical-transceivers\/optical-transceivers\/cfp4\/100g-cfp4\/ct-cfp4-sr4\/#primaryimage","url":"https:\/\/optics.carritech.com\/wp-content\/uploads\/2024\/11\/100G-CFP4-300x300-1.png","contentUrl":"https:\/\/optics.carritech.com\/wp-content\/uploads\/2024\/11\/100G-CFP4-300x300-1.png","width":300,"height":300,"caption":"100GBASE-LR4 CFP4 1310nm 10km DOM Duplex LC SMF Optical Transceiver Module"},{"@type":"BreadcrumbList","@id":"https:\/\/optics.carritech.com\/optical-transceivers\/optical-transceivers\/cfp4\/100g-cfp4\/ct-cfp4-sr4\/#breadcrumb","itemListElement":[{"@type":"ListItem","position":1,"name":"Home","item":"https:\/\/optics.carritech.com\/"},{"@type":"ListItem","position":2,"name":"Optical Transceivers","item":"https:\/\/optics.carritech.com\/optical-transceivers\/"},{"@type":"ListItem","position":3,"name":"CT-CFP4-SR4"}]},{"@type":"WebSite","@id":"https:\/\/optics.carritech.com\/#website","url":"https:\/\/optics.carritech.com\/","name":"Carritech Optics","description":"High Quality Optical Transceivers","publisher":{"@id":"https:\/\/optics.carritech.com\/#organization"},"alternateName":"Carritech Optics","potentialAction":[{"@type":"SearchAction","target":{"@type":"EntryPoint","urlTemplate":"https:\/\/optics.carritech.com\/?s={search_term_string}"},"query-input":{"@type":"PropertyValueSpecification","valueRequired":true,"valueName":"search_term_string"}}],"inLanguage":"fr-FR"},{"@type":"Organization","@id":"https:\/\/optics.carritech.com\/#organization","name":"Carritech Optics","url":"https:\/\/optics.carritech.com\/","logo":{"@type":"ImageObject","inLanguage":"fr-FR","@id":"https:\/\/optics.carritech.com\/#\/schema\/logo\/image\/","url":"https:\/\/optics.carritech.com\/wp-content\/uploads\/2024\/11\/Carritech-optics.png","contentUrl":"https:\/\/optics.carritech.com\/wp-content\/uploads\/2024\/11\/Carritech-optics.png","width":2048,"height":681,"caption":"Carritech Optics"},"image":{"@id":"https:\/\/optics.carritech.com\/#\/schema\/logo\/image\/"}}]}},"_links":{"self":[{"href":"https:\/\/optics.carritech.com\/fr\/wp-json\/wp\/v2\/product\/141","targetHints":{"allow":["GET"]}}],"collection":[{"href":"https:\/\/optics.carritech.com\/fr\/wp-json\/wp\/v2\/product"}],"about":[{"href":"https:\/\/optics.carritech.com\/fr\/wp-json\/wp\/v2\/types\/product"}],"replies":[{"embeddable":true,"href":"https:\/\/optics.carritech.com\/fr\/wp-json\/wp\/v2\/comments?post=141"}],"wp:featuredmedia":[{"embeddable":true,"href":"https:\/\/optics.carritech.com\/fr\/wp-json\/wp\/v2\/media\/1848"}],"wp:attachment":[{"href":"https:\/\/optics.carritech.com\/fr\/wp-json\/wp\/v2\/media?parent=141"}],"wp:term":[{"taxonomy":"product_brand","embeddable":true,"href":"https:\/\/optics.carritech.com\/fr\/wp-json\/wp\/v2\/product_brand?post=141"},{"taxonomy":"product_cat","embeddable":true,"href":"https:\/\/optics.carritech.com\/fr\/wp-json\/wp\/v2\/product_cat?post=141"},{"taxonomy":"product_tag","embeddable":true,"href":"https:\/\/optics.carritech.com\/fr\/wp-json\/wp\/v2\/product_tag?post=141"}],"curies":[{"name":"wp","href":"https:\/\/api.w.org\/{rel}","templated":true}]}}