{"id":184,"date":"2024-11-18T15:48:30","date_gmt":"2024-11-18T15:48:30","guid":{"rendered":"https:\/\/youbiquity.online\/?product=ct-100g-qdac-5"},"modified":"2024-11-29T16:33:35","modified_gmt":"2024-11-29T16:33:35","slug":"ct-100g-qdac-5","status":"publish","type":"product","link":"https:\/\/optics.carritech.com\/fr\/optical-transceivers\/direct-attached-cable-dac\/100g-qsfp28-dac\/ct-100g-qdac-5\/","title":{"rendered":"CT-100G-QDAC-5"},"content":{"rendered":"<p>100G QSFP28 TO QSFP28 DAC 5M<\/p>","protected":false},"excerpt":{"rendered":"<ul>\n<li>QSFP28 est conforme \u00e0 la norme Small Form Factor SFF8665<\/li>\n<li>\u00c9metteur-r\u00e9cepteur passif \u00e0 4 canaux pour c\u00e2ble en cuivre, duplex int\u00e9gral<\/li>\n<li>D\u00e9bits de donn\u00e9es pris en charge : 25,78 Gb\/s (par canal) w D\u00e9bit de donn\u00e9es agr\u00e9g\u00e9 maximal : 100Gb\/s (4 x 25,78Gb\/s)<\/li>\n<li>IEEE 802.3bj 100GBASE-CR4<\/li>\n<li>Longueur de la liaison cuivre jusqu'\u00e0 5m<\/li>\n<li>Alimentation :+3,3V<\/li>\n<li>Faible diaphonie<\/li>\n<li>Interface s\u00e9rie \u00e0 deux fils bas\u00e9e sur I2C pour la signature de l'EEPROM qui peut \u00eatre personnalis\u00e9e<\/li>\n<li>Temp\u00e9rature de fonctionnement : 0~ 70 \u00b0C w Conforme \u00e0 la directive ROHS<\/li>\n<\/ul>","protected":false},"featured_media":1315,"comment_status":"closed","ping_status":"closed","template":"","meta":{"_acf_changed":false},"product_brand":[],"product_cat":[157,102],"product_tag":[104],"class_list":{"0":"post-184","1":"product","2":"type-product","3":"status-publish","4":"has-post-thumbnail","6":"product_cat-100g-qsfp28-dac","7":"product_cat-direct-attached-cable-dac","8":"product_tag-direct-attached-cable-dac","10":"first","11":"instock","12":"shipping-taxable","13":"product-type-simple"},"acf":[],"yoast_head":"<!-- This site is optimized with the Yoast SEO Premium plugin v26.8 (Yoast SEO v26.8) - https:\/\/yoast.com\/product\/yoast-seo-premium-wordpress\/ -->\n<title>CT-100G-QDAC-5 | Carritech Optics<\/title>\n<meta name=\"robots\" content=\"index, follow, max-snippet:-1, max-image-preview:large, max-video-preview:-1\" \/>\n<link rel=\"canonical\" href=\"https:\/\/optics.carritech.com\/fr\/optical-transceivers\/direct-attached-cable-dac\/100g-qsfp28-dac\/ct-100g-qdac-5\/\" \/>\n<meta property=\"og:locale\" content=\"fr_FR\" \/>\n<meta property=\"og:type\" content=\"article\" \/>\n<meta property=\"og:title\" content=\"CT-100G-QDAC-5\" \/>\n<meta property=\"og:description\" content=\"QSFP28 conforms to the Small Form Factor SFF8665  4-Channel Full-Duplex Passive Copper Cable Transceiver  Support data rates : 25.78Gb\/s (per channel) w Maximum aggregate data rate: 100Gb\/s (4 x 25.78Gb\/s)  IEEE 802.3bj 100GBASE-CR4  Copper link length up to 5m  Power Supply :+3.3V  Low crosstalk  I2C based two-wire serial interface for EEPROM signature which can be customized  Operating Temperature: 0~ 70 \u00b0C w ROHS Compliant\" \/>\n<meta property=\"og:url\" content=\"https:\/\/optics.carritech.com\/fr\/optical-transceivers\/direct-attached-cable-dac\/100g-qsfp28-dac\/ct-100g-qdac-5\/\" \/>\n<meta property=\"og:site_name\" content=\"Carritech Optics\" \/>\n<meta property=\"article:modified_time\" content=\"2024-11-29T16:33:35+00:00\" \/>\n<meta property=\"og:image\" content=\"https:\/\/optics.carritech.com\/wp-content\/uploads\/2024\/11\/100G-QSFP28-DAC.png\" \/>\n\t<meta property=\"og:image:width\" content=\"1000\" \/>\n\t<meta property=\"og:image:height\" content=\"1000\" \/>\n\t<meta property=\"og:image:type\" content=\"image\/png\" \/>\n<meta name=\"twitter:card\" content=\"summary_large_image\" \/>\n<script type=\"application\/ld+json\" class=\"yoast-schema-graph\">{\"@context\":\"https:\/\/schema.org\",\"@graph\":[{\"@type\":\"WebPage\",\"@id\":\"https:\/\/optics.carritech.com\/optical-transceivers\/direct-attached-cable-dac\/100g-qsfp28-dac\/ct-100g-qdac-5\/\",\"url\":\"https:\/\/optics.carritech.com\/optical-transceivers\/direct-attached-cable-dac\/100g-qsfp28-dac\/ct-100g-qdac-5\/\",\"name\":\"CT-100G-QDAC-5 | Carritech Optics\",\"isPartOf\":{\"@id\":\"https:\/\/optics.carritech.com\/#website\"},\"primaryImageOfPage\":{\"@id\":\"https:\/\/optics.carritech.com\/optical-transceivers\/direct-attached-cable-dac\/100g-qsfp28-dac\/ct-100g-qdac-5\/#primaryimage\"},\"image\":{\"@id\":\"https:\/\/optics.carritech.com\/optical-transceivers\/direct-attached-cable-dac\/100g-qsfp28-dac\/ct-100g-qdac-5\/#primaryimage\"},\"thumbnailUrl\":\"https:\/\/optics.carritech.com\/wp-content\/uploads\/2024\/11\/100G-QSFP28-DAC.png\",\"datePublished\":\"2024-11-18T15:48:30+00:00\",\"dateModified\":\"2024-11-29T16:33:35+00:00\",\"breadcrumb\":{\"@id\":\"https:\/\/optics.carritech.com\/optical-transceivers\/direct-attached-cable-dac\/100g-qsfp28-dac\/ct-100g-qdac-5\/#breadcrumb\"},\"inLanguage\":\"fr-FR\",\"potentialAction\":[{\"@type\":\"ReadAction\",\"target\":[\"https:\/\/optics.carritech.com\/optical-transceivers\/direct-attached-cable-dac\/100g-qsfp28-dac\/ct-100g-qdac-5\/\"]}]},{\"@type\":\"ImageObject\",\"inLanguage\":\"fr-FR\",\"@id\":\"https:\/\/optics.carritech.com\/optical-transceivers\/direct-attached-cable-dac\/100g-qsfp28-dac\/ct-100g-qdac-5\/#primaryimage\",\"url\":\"https:\/\/optics.carritech.com\/wp-content\/uploads\/2024\/11\/100G-QSFP28-DAC.png\",\"contentUrl\":\"https:\/\/optics.carritech.com\/wp-content\/uploads\/2024\/11\/100G-QSFP28-DAC.png\",\"width\":1000,\"height\":1000},{\"@type\":\"BreadcrumbList\",\"@id\":\"https:\/\/optics.carritech.com\/optical-transceivers\/direct-attached-cable-dac\/100g-qsfp28-dac\/ct-100g-qdac-5\/#breadcrumb\",\"itemListElement\":[{\"@type\":\"ListItem\",\"position\":1,\"name\":\"Home\",\"item\":\"https:\/\/optics.carritech.com\/\"},{\"@type\":\"ListItem\",\"position\":2,\"name\":\"Optical Transceivers\",\"item\":\"https:\/\/optics.carritech.com\/optical-transceivers\/\"},{\"@type\":\"ListItem\",\"position\":3,\"name\":\"CT-100G-QDAC-5\"}]},{\"@type\":\"WebSite\",\"@id\":\"https:\/\/optics.carritech.com\/#website\",\"url\":\"https:\/\/optics.carritech.com\/\",\"name\":\"Carritech Optics\",\"description\":\"High Quality Optical Transceivers\",\"publisher\":{\"@id\":\"https:\/\/optics.carritech.com\/#organization\"},\"alternateName\":\"Carritech Optics\",\"potentialAction\":[{\"@type\":\"SearchAction\",\"target\":{\"@type\":\"EntryPoint\",\"urlTemplate\":\"https:\/\/optics.carritech.com\/?s={search_term_string}\"},\"query-input\":{\"@type\":\"PropertyValueSpecification\",\"valueRequired\":true,\"valueName\":\"search_term_string\"}}],\"inLanguage\":\"fr-FR\"},{\"@type\":\"Organization\",\"@id\":\"https:\/\/optics.carritech.com\/#organization\",\"name\":\"Carritech Optics\",\"url\":\"https:\/\/optics.carritech.com\/\",\"logo\":{\"@type\":\"ImageObject\",\"inLanguage\":\"fr-FR\",\"@id\":\"https:\/\/optics.carritech.com\/#\/schema\/logo\/image\/\",\"url\":\"https:\/\/optics.carritech.com\/wp-content\/uploads\/2024\/11\/Carritech-optics.png\",\"contentUrl\":\"https:\/\/optics.carritech.com\/wp-content\/uploads\/2024\/11\/Carritech-optics.png\",\"width\":2048,\"height\":681,\"caption\":\"Carritech Optics\"},\"image\":{\"@id\":\"https:\/\/optics.carritech.com\/#\/schema\/logo\/image\/\"}}]}<\/script>\n<!-- \/ Yoast SEO Premium plugin. -->","yoast_head_json":{"title":"CT-100G-QDAC-5 | Carritech Optics","robots":{"index":"index","follow":"follow","max-snippet":"max-snippet:-1","max-image-preview":"max-image-preview:large","max-video-preview":"max-video-preview:-1"},"canonical":"https:\/\/optics.carritech.com\/fr\/optical-transceivers\/direct-attached-cable-dac\/100g-qsfp28-dac\/ct-100g-qdac-5\/","og_locale":"fr_FR","og_type":"article","og_title":"CT-100G-QDAC-5","og_description":"QSFP28 conforms to the Small Form Factor SFF8665  4-Channel Full-Duplex Passive Copper Cable Transceiver  Support data rates : 25.78Gb\/s (per channel) w Maximum aggregate data rate: 100Gb\/s (4 x 25.78Gb\/s)  IEEE 802.3bj 100GBASE-CR4  Copper link length up to 5m  Power Supply :+3.3V  Low crosstalk  I2C based two-wire serial interface for EEPROM signature which can be customized  Operating Temperature: 0~ 70 \u00b0C w ROHS Compliant","og_url":"https:\/\/optics.carritech.com\/fr\/optical-transceivers\/direct-attached-cable-dac\/100g-qsfp28-dac\/ct-100g-qdac-5\/","og_site_name":"Carritech Optics","article_modified_time":"2024-11-29T16:33:35+00:00","og_image":[{"width":1000,"height":1000,"url":"https:\/\/optics.carritech.com\/wp-content\/uploads\/2024\/11\/100G-QSFP28-DAC.png","type":"image\/png"}],"twitter_card":"summary_large_image","schema":{"@context":"https:\/\/schema.org","@graph":[{"@type":"WebPage","@id":"https:\/\/optics.carritech.com\/optical-transceivers\/direct-attached-cable-dac\/100g-qsfp28-dac\/ct-100g-qdac-5\/","url":"https:\/\/optics.carritech.com\/optical-transceivers\/direct-attached-cable-dac\/100g-qsfp28-dac\/ct-100g-qdac-5\/","name":"CT-100G-QDAC-5 | Carritech Optics","isPartOf":{"@id":"https:\/\/optics.carritech.com\/#website"},"primaryImageOfPage":{"@id":"https:\/\/optics.carritech.com\/optical-transceivers\/direct-attached-cable-dac\/100g-qsfp28-dac\/ct-100g-qdac-5\/#primaryimage"},"image":{"@id":"https:\/\/optics.carritech.com\/optical-transceivers\/direct-attached-cable-dac\/100g-qsfp28-dac\/ct-100g-qdac-5\/#primaryimage"},"thumbnailUrl":"https:\/\/optics.carritech.com\/wp-content\/uploads\/2024\/11\/100G-QSFP28-DAC.png","datePublished":"2024-11-18T15:48:30+00:00","dateModified":"2024-11-29T16:33:35+00:00","breadcrumb":{"@id":"https:\/\/optics.carritech.com\/optical-transceivers\/direct-attached-cable-dac\/100g-qsfp28-dac\/ct-100g-qdac-5\/#breadcrumb"},"inLanguage":"fr-FR","potentialAction":[{"@type":"ReadAction","target":["https:\/\/optics.carritech.com\/optical-transceivers\/direct-attached-cable-dac\/100g-qsfp28-dac\/ct-100g-qdac-5\/"]}]},{"@type":"ImageObject","inLanguage":"fr-FR","@id":"https:\/\/optics.carritech.com\/optical-transceivers\/direct-attached-cable-dac\/100g-qsfp28-dac\/ct-100g-qdac-5\/#primaryimage","url":"https:\/\/optics.carritech.com\/wp-content\/uploads\/2024\/11\/100G-QSFP28-DAC.png","contentUrl":"https:\/\/optics.carritech.com\/wp-content\/uploads\/2024\/11\/100G-QSFP28-DAC.png","width":1000,"height":1000},{"@type":"BreadcrumbList","@id":"https:\/\/optics.carritech.com\/optical-transceivers\/direct-attached-cable-dac\/100g-qsfp28-dac\/ct-100g-qdac-5\/#breadcrumb","itemListElement":[{"@type":"ListItem","position":1,"name":"Home","item":"https:\/\/optics.carritech.com\/"},{"@type":"ListItem","position":2,"name":"Optical Transceivers","item":"https:\/\/optics.carritech.com\/optical-transceivers\/"},{"@type":"ListItem","position":3,"name":"CT-100G-QDAC-5"}]},{"@type":"WebSite","@id":"https:\/\/optics.carritech.com\/#website","url":"https:\/\/optics.carritech.com\/","name":"Carritech Optics","description":"High Quality Optical Transceivers","publisher":{"@id":"https:\/\/optics.carritech.com\/#organization"},"alternateName":"Carritech Optics","potentialAction":[{"@type":"SearchAction","target":{"@type":"EntryPoint","urlTemplate":"https:\/\/optics.carritech.com\/?s={search_term_string}"},"query-input":{"@type":"PropertyValueSpecification","valueRequired":true,"valueName":"search_term_string"}}],"inLanguage":"fr-FR"},{"@type":"Organization","@id":"https:\/\/optics.carritech.com\/#organization","name":"Carritech Optics","url":"https:\/\/optics.carritech.com\/","logo":{"@type":"ImageObject","inLanguage":"fr-FR","@id":"https:\/\/optics.carritech.com\/#\/schema\/logo\/image\/","url":"https:\/\/optics.carritech.com\/wp-content\/uploads\/2024\/11\/Carritech-optics.png","contentUrl":"https:\/\/optics.carritech.com\/wp-content\/uploads\/2024\/11\/Carritech-optics.png","width":2048,"height":681,"caption":"Carritech Optics"},"image":{"@id":"https:\/\/optics.carritech.com\/#\/schema\/logo\/image\/"}}]}},"_links":{"self":[{"href":"https:\/\/optics.carritech.com\/fr\/wp-json\/wp\/v2\/product\/184","targetHints":{"allow":["GET"]}}],"collection":[{"href":"https:\/\/optics.carritech.com\/fr\/wp-json\/wp\/v2\/product"}],"about":[{"href":"https:\/\/optics.carritech.com\/fr\/wp-json\/wp\/v2\/types\/product"}],"replies":[{"embeddable":true,"href":"https:\/\/optics.carritech.com\/fr\/wp-json\/wp\/v2\/comments?post=184"}],"wp:featuredmedia":[{"embeddable":true,"href":"https:\/\/optics.carritech.com\/fr\/wp-json\/wp\/v2\/media\/1315"}],"wp:attachment":[{"href":"https:\/\/optics.carritech.com\/fr\/wp-json\/wp\/v2\/media?parent=184"}],"wp:term":[{"taxonomy":"product_brand","embeddable":true,"href":"https:\/\/optics.carritech.com\/fr\/wp-json\/wp\/v2\/product_brand?post=184"},{"taxonomy":"product_cat","embeddable":true,"href":"https:\/\/optics.carritech.com\/fr\/wp-json\/wp\/v2\/product_cat?post=184"},{"taxonomy":"product_tag","embeddable":true,"href":"https:\/\/optics.carritech.com\/fr\/wp-json\/wp\/v2\/product_tag?post=184"}],"curies":[{"name":"wp","href":"https:\/\/api.w.org\/{rel}","templated":true}]}}