{"id":203,"date":"2024-11-18T15:48:56","date_gmt":"2024-11-18T15:48:56","guid":{"rendered":"https:\/\/youbiquity.online\/?product=ct-10g-saoc-1"},"modified":"2025-01-20T13:54:13","modified_gmt":"2025-01-20T13:54:13","slug":"ct-10g-saoc-1","status":"publish","type":"product","link":"https:\/\/optics.carritech.com\/fr\/optical-transceivers\/active-optical-cable-aoc\/10g-sfp-aoc\/ct-10g-saoc-1\/","title":{"rendered":"CT-10G-SAOC-1"},"content":{"rendered":"<p>10G SFP+ TO SFP+ AOC 1M<\/p>","protected":false},"excerpt":{"rendered":"<ul>\n<li>Interface \u00e9lectrique conforme \u00e0 la norme SFF-8431<\/li>\n<li>Facteur de forme SFP+ enfichable \u00e0 chaud<\/li>\n<li>\u00c9metteur VCSEL 850nm<\/li>\n<li>R\u00e9cepteur photod\u00e9tecteur PIN<\/li>\n<li>Jusqu'\u00e0 300 m sur OM3 MMF<\/li>\n<li>Plage de temp\u00e9rature du bo\u00eetier de fonctionnement 0\u00b0C \u00e0 70\u00b0C<\/li>\n<li>Bo\u00eetier enti\u00e8rement m\u00e9tallique pour des performances EMI sup\u00e9rieures<\/li>\n<li>Conforme \u00e0 la directive RoHS (sans plomb)<\/li>\n<\/ul>","protected":false},"featured_media":452,"comment_status":"closed","ping_status":"closed","template":"","meta":{"_acf_changed":false},"product_brand":[],"product_cat":[161,120],"product_tag":[122],"class_list":{"0":"post-203","1":"product","2":"type-product","3":"status-publish","4":"has-post-thumbnail","6":"product_cat-10g-sfp-aoc","7":"product_cat-active-optical-cable-aoc","8":"product_tag-active-optical-cable-aoc","10":"first","11":"instock","12":"shipping-taxable","13":"product-type-simple"},"acf":[],"yoast_head":"<!-- This site is optimized with the Yoast SEO Premium plugin v26.8 (Yoast SEO v26.8) - https:\/\/yoast.com\/product\/yoast-seo-premium-wordpress\/ -->\n<title>CT-10G-SAOC-1 | Carritech Optics<\/title>\n<meta name=\"robots\" content=\"index, follow, max-snippet:-1, max-image-preview:large, max-video-preview:-1\" \/>\n<link rel=\"canonical\" href=\"https:\/\/optics.carritech.com\/fr\/optical-transceivers\/active-optical-cable-aoc\/10g-sfp-aoc\/ct-10g-saoc-1\/\" \/>\n<meta property=\"og:locale\" content=\"fr_FR\" \/>\n<meta property=\"og:type\" content=\"article\" \/>\n<meta property=\"og:title\" content=\"CT-10G-SAOC-1\" \/>\n<meta property=\"og:description\" content=\"Electrical interface compliant to SFF-8431  Hot-pluggable SFP+ form-factor  850nm VCSEL transmitter  PIN photo-detector receiver  Up to 300m on OM3 MMF  Operating case temperature range 0\u00b0C to 70\u00b0C  All-metal housing for superior EMI performance  RoHS compliant (lead free)\" \/>\n<meta property=\"og:url\" content=\"https:\/\/optics.carritech.com\/fr\/optical-transceivers\/active-optical-cable-aoc\/10g-sfp-aoc\/ct-10g-saoc-1\/\" \/>\n<meta property=\"og:site_name\" content=\"Carritech Optics\" \/>\n<meta property=\"article:modified_time\" content=\"2025-01-20T13:54:13+00:00\" \/>\n<meta property=\"og:image\" content=\"https:\/\/optics.carritech.com\/wp-content\/uploads\/2024\/11\/Active-Optical-Cabling.png\" \/>\n\t<meta property=\"og:image:width\" content=\"1000\" \/>\n\t<meta property=\"og:image:height\" content=\"1000\" \/>\n\t<meta property=\"og:image:type\" content=\"image\/png\" \/>\n<meta name=\"twitter:card\" content=\"summary_large_image\" \/>\n<meta name=\"twitter:label1\" content=\"Dur\u00e9e de lecture estim\u00e9e\" \/>\n\t<meta name=\"twitter:data1\" content=\"1 minute\" \/>\n<script type=\"application\/ld+json\" class=\"yoast-schema-graph\">{\"@context\":\"https:\/\/schema.org\",\"@graph\":[{\"@type\":\"WebPage\",\"@id\":\"https:\/\/optics.carritech.com\/optical-transceivers\/active-optical-cable-aoc\/10g-sfp-aoc\/ct-10g-saoc-1\/\",\"url\":\"https:\/\/optics.carritech.com\/optical-transceivers\/active-optical-cable-aoc\/10g-sfp-aoc\/ct-10g-saoc-1\/\",\"name\":\"CT-10G-SAOC-1 | Carritech Optics\",\"isPartOf\":{\"@id\":\"https:\/\/optics.carritech.com\/#website\"},\"primaryImageOfPage\":{\"@id\":\"https:\/\/optics.carritech.com\/optical-transceivers\/active-optical-cable-aoc\/10g-sfp-aoc\/ct-10g-saoc-1\/#primaryimage\"},\"image\":{\"@id\":\"https:\/\/optics.carritech.com\/optical-transceivers\/active-optical-cable-aoc\/10g-sfp-aoc\/ct-10g-saoc-1\/#primaryimage\"},\"thumbnailUrl\":\"https:\/\/optics.carritech.com\/wp-content\/uploads\/2024\/11\/Active-Optical-Cabling.png\",\"datePublished\":\"2024-11-18T15:48:56+00:00\",\"dateModified\":\"2025-01-20T13:54:13+00:00\",\"breadcrumb\":{\"@id\":\"https:\/\/optics.carritech.com\/optical-transceivers\/active-optical-cable-aoc\/10g-sfp-aoc\/ct-10g-saoc-1\/#breadcrumb\"},\"inLanguage\":\"fr-FR\",\"potentialAction\":[{\"@type\":\"ReadAction\",\"target\":[\"https:\/\/optics.carritech.com\/optical-transceivers\/active-optical-cable-aoc\/10g-sfp-aoc\/ct-10g-saoc-1\/\"]}]},{\"@type\":\"ImageObject\",\"inLanguage\":\"fr-FR\",\"@id\":\"https:\/\/optics.carritech.com\/optical-transceivers\/active-optical-cable-aoc\/10g-sfp-aoc\/ct-10g-saoc-1\/#primaryimage\",\"url\":\"https:\/\/optics.carritech.com\/wp-content\/uploads\/2024\/11\/Active-Optical-Cabling.png\",\"contentUrl\":\"https:\/\/optics.carritech.com\/wp-content\/uploads\/2024\/11\/Active-Optical-Cabling.png\",\"width\":1000,\"height\":1000,\"caption\":\"AOC-Cables\"},{\"@type\":\"BreadcrumbList\",\"@id\":\"https:\/\/optics.carritech.com\/optical-transceivers\/active-optical-cable-aoc\/10g-sfp-aoc\/ct-10g-saoc-1\/#breadcrumb\",\"itemListElement\":[{\"@type\":\"ListItem\",\"position\":1,\"name\":\"Home\",\"item\":\"https:\/\/optics.carritech.com\/\"},{\"@type\":\"ListItem\",\"position\":2,\"name\":\"Optical Transceivers\",\"item\":\"https:\/\/optics.carritech.com\/optical-transceivers\/\"},{\"@type\":\"ListItem\",\"position\":3,\"name\":\"CT-10G-SAOC-1\"}]},{\"@type\":\"WebSite\",\"@id\":\"https:\/\/optics.carritech.com\/#website\",\"url\":\"https:\/\/optics.carritech.com\/\",\"name\":\"Carritech Optics\",\"description\":\"High Quality Optical Transceivers\",\"publisher\":{\"@id\":\"https:\/\/optics.carritech.com\/#organization\"},\"alternateName\":\"Carritech Optics\",\"potentialAction\":[{\"@type\":\"SearchAction\",\"target\":{\"@type\":\"EntryPoint\",\"urlTemplate\":\"https:\/\/optics.carritech.com\/?s={search_term_string}\"},\"query-input\":{\"@type\":\"PropertyValueSpecification\",\"valueRequired\":true,\"valueName\":\"search_term_string\"}}],\"inLanguage\":\"fr-FR\"},{\"@type\":\"Organization\",\"@id\":\"https:\/\/optics.carritech.com\/#organization\",\"name\":\"Carritech Optics\",\"url\":\"https:\/\/optics.carritech.com\/\",\"logo\":{\"@type\":\"ImageObject\",\"inLanguage\":\"fr-FR\",\"@id\":\"https:\/\/optics.carritech.com\/#\/schema\/logo\/image\/\",\"url\":\"https:\/\/optics.carritech.com\/wp-content\/uploads\/2024\/11\/Carritech-optics.png\",\"contentUrl\":\"https:\/\/optics.carritech.com\/wp-content\/uploads\/2024\/11\/Carritech-optics.png\",\"width\":2048,\"height\":681,\"caption\":\"Carritech Optics\"},\"image\":{\"@id\":\"https:\/\/optics.carritech.com\/#\/schema\/logo\/image\/\"}}]}<\/script>\n<!-- \/ Yoast SEO Premium plugin. -->","yoast_head_json":{"title":"CT-10G-SAOC-1 | Carritech Optics","robots":{"index":"index","follow":"follow","max-snippet":"max-snippet:-1","max-image-preview":"max-image-preview:large","max-video-preview":"max-video-preview:-1"},"canonical":"https:\/\/optics.carritech.com\/fr\/optical-transceivers\/active-optical-cable-aoc\/10g-sfp-aoc\/ct-10g-saoc-1\/","og_locale":"fr_FR","og_type":"article","og_title":"CT-10G-SAOC-1","og_description":"Electrical interface compliant to SFF-8431  Hot-pluggable SFP+ form-factor  850nm VCSEL transmitter  PIN photo-detector receiver  Up to 300m on OM3 MMF  Operating case temperature range 0\u00b0C to 70\u00b0C  All-metal housing for superior EMI performance  RoHS compliant (lead free)","og_url":"https:\/\/optics.carritech.com\/fr\/optical-transceivers\/active-optical-cable-aoc\/10g-sfp-aoc\/ct-10g-saoc-1\/","og_site_name":"Carritech Optics","article_modified_time":"2025-01-20T13:54:13+00:00","og_image":[{"width":1000,"height":1000,"url":"https:\/\/optics.carritech.com\/wp-content\/uploads\/2024\/11\/Active-Optical-Cabling.png","type":"image\/png"}],"twitter_card":"summary_large_image","twitter_misc":{"Dur\u00e9e de lecture estim\u00e9e":"1 minute"},"schema":{"@context":"https:\/\/schema.org","@graph":[{"@type":"WebPage","@id":"https:\/\/optics.carritech.com\/optical-transceivers\/active-optical-cable-aoc\/10g-sfp-aoc\/ct-10g-saoc-1\/","url":"https:\/\/optics.carritech.com\/optical-transceivers\/active-optical-cable-aoc\/10g-sfp-aoc\/ct-10g-saoc-1\/","name":"CT-10G-SAOC-1 | Carritech Optics","isPartOf":{"@id":"https:\/\/optics.carritech.com\/#website"},"primaryImageOfPage":{"@id":"https:\/\/optics.carritech.com\/optical-transceivers\/active-optical-cable-aoc\/10g-sfp-aoc\/ct-10g-saoc-1\/#primaryimage"},"image":{"@id":"https:\/\/optics.carritech.com\/optical-transceivers\/active-optical-cable-aoc\/10g-sfp-aoc\/ct-10g-saoc-1\/#primaryimage"},"thumbnailUrl":"https:\/\/optics.carritech.com\/wp-content\/uploads\/2024\/11\/Active-Optical-Cabling.png","datePublished":"2024-11-18T15:48:56+00:00","dateModified":"2025-01-20T13:54:13+00:00","breadcrumb":{"@id":"https:\/\/optics.carritech.com\/optical-transceivers\/active-optical-cable-aoc\/10g-sfp-aoc\/ct-10g-saoc-1\/#breadcrumb"},"inLanguage":"fr-FR","potentialAction":[{"@type":"ReadAction","target":["https:\/\/optics.carritech.com\/optical-transceivers\/active-optical-cable-aoc\/10g-sfp-aoc\/ct-10g-saoc-1\/"]}]},{"@type":"ImageObject","inLanguage":"fr-FR","@id":"https:\/\/optics.carritech.com\/optical-transceivers\/active-optical-cable-aoc\/10g-sfp-aoc\/ct-10g-saoc-1\/#primaryimage","url":"https:\/\/optics.carritech.com\/wp-content\/uploads\/2024\/11\/Active-Optical-Cabling.png","contentUrl":"https:\/\/optics.carritech.com\/wp-content\/uploads\/2024\/11\/Active-Optical-Cabling.png","width":1000,"height":1000,"caption":"AOC-Cables"},{"@type":"BreadcrumbList","@id":"https:\/\/optics.carritech.com\/optical-transceivers\/active-optical-cable-aoc\/10g-sfp-aoc\/ct-10g-saoc-1\/#breadcrumb","itemListElement":[{"@type":"ListItem","position":1,"name":"Home","item":"https:\/\/optics.carritech.com\/"},{"@type":"ListItem","position":2,"name":"Optical Transceivers","item":"https:\/\/optics.carritech.com\/optical-transceivers\/"},{"@type":"ListItem","position":3,"name":"CT-10G-SAOC-1"}]},{"@type":"WebSite","@id":"https:\/\/optics.carritech.com\/#website","url":"https:\/\/optics.carritech.com\/","name":"Carritech Optics","description":"High Quality Optical Transceivers","publisher":{"@id":"https:\/\/optics.carritech.com\/#organization"},"alternateName":"Carritech Optics","potentialAction":[{"@type":"SearchAction","target":{"@type":"EntryPoint","urlTemplate":"https:\/\/optics.carritech.com\/?s={search_term_string}"},"query-input":{"@type":"PropertyValueSpecification","valueRequired":true,"valueName":"search_term_string"}}],"inLanguage":"fr-FR"},{"@type":"Organization","@id":"https:\/\/optics.carritech.com\/#organization","name":"Carritech Optics","url":"https:\/\/optics.carritech.com\/","logo":{"@type":"ImageObject","inLanguage":"fr-FR","@id":"https:\/\/optics.carritech.com\/#\/schema\/logo\/image\/","url":"https:\/\/optics.carritech.com\/wp-content\/uploads\/2024\/11\/Carritech-optics.png","contentUrl":"https:\/\/optics.carritech.com\/wp-content\/uploads\/2024\/11\/Carritech-optics.png","width":2048,"height":681,"caption":"Carritech Optics"},"image":{"@id":"https:\/\/optics.carritech.com\/#\/schema\/logo\/image\/"}}]}},"_links":{"self":[{"href":"https:\/\/optics.carritech.com\/fr\/wp-json\/wp\/v2\/product\/203","targetHints":{"allow":["GET"]}}],"collection":[{"href":"https:\/\/optics.carritech.com\/fr\/wp-json\/wp\/v2\/product"}],"about":[{"href":"https:\/\/optics.carritech.com\/fr\/wp-json\/wp\/v2\/types\/product"}],"replies":[{"embeddable":true,"href":"https:\/\/optics.carritech.com\/fr\/wp-json\/wp\/v2\/comments?post=203"}],"wp:featuredmedia":[{"embeddable":true,"href":"https:\/\/optics.carritech.com\/fr\/wp-json\/wp\/v2\/media\/452"}],"wp:attachment":[{"href":"https:\/\/optics.carritech.com\/fr\/wp-json\/wp\/v2\/media?parent=203"}],"wp:term":[{"taxonomy":"product_brand","embeddable":true,"href":"https:\/\/optics.carritech.com\/fr\/wp-json\/wp\/v2\/product_brand?post=203"},{"taxonomy":"product_cat","embeddable":true,"href":"https:\/\/optics.carritech.com\/fr\/wp-json\/wp\/v2\/product_cat?post=203"},{"taxonomy":"product_tag","embeddable":true,"href":"https:\/\/optics.carritech.com\/fr\/wp-json\/wp\/v2\/product_tag?post=203"}],"curies":[{"name":"wp","href":"https:\/\/api.w.org\/{rel}","templated":true}]}}