{"id":2096,"date":"2024-12-17T15:14:26","date_gmt":"2024-12-17T15:14:26","guid":{"rendered":"https:\/\/youbiquity.online\/?post_type=product&#038;p=2096"},"modified":"2024-12-17T15:16:50","modified_gmt":"2024-12-17T15:16:50","slug":"10-100-1000m-media-converter","status":"publish","type":"product","link":"https:\/\/optics.carritech.com\/fr\/optical-transceivers\/media-converters\/10-100-1000m-media-converter\/","title":{"rendered":"Convertisseur de m\u00e9dia 10\/100\/1000M"},"content":{"rendered":"<p>Carritech\u2019s 10\/100\/1000M media converter transforms the transmission media of Ethernet signal from twisted pair to optical fiber. It extends the transmission distance from Multimode 550m to Singlemode hundred kms. Media converter is an economical solution to achieve long distance point to point (PTP) transmission based on traditional networking equipment.<\/p>","protected":false},"excerpt":{"rendered":"<ul>\n<li>D\u00e9bit de donn\u00e9es jusqu'\u00e0 1000M bps<\/li>\n<li>SC\/ST\/FC connection in standard, available in LC connection with SFP transceiver<\/li>\n<li>Fonction de passage des d\u00e9fauts de liaison<\/li>\n<li>Affichage LED des modes de travail<\/li>\n<li>Transmission distance up to 120KM on SC, ST, FC. Max 200km with LC connector on SFP slot media converter.<\/li>\n<li>Prise en charge de la configuration EEPROM (en option)<\/li>\n<\/ul>","protected":false},"featured_media":2097,"comment_status":"open","ping_status":"closed","template":"","meta":{"_acf_changed":false},"product_brand":[],"product_cat":[195],"product_tag":[],"class_list":{"0":"post-2096","1":"product","2":"type-product","3":"status-publish","4":"has-post-thumbnail","6":"product_cat-media-converters","8":"first","9":"instock","10":"shipping-taxable","11":"product-type-simple"},"acf":[],"yoast_head":"<!-- This site is optimized with the Yoast SEO Premium plugin v26.8 (Yoast SEO v26.8) - https:\/\/yoast.com\/product\/yoast-seo-premium-wordpress\/ -->\n<title>10\/100\/1000M Media Converter | Carritech Optics<\/title>\n<meta name=\"robots\" content=\"index, follow, max-snippet:-1, max-image-preview:large, max-video-preview:-1\" \/>\n<link rel=\"canonical\" href=\"https:\/\/optics.carritech.com\/fr\/optical-transceivers\/media-converters\/10-100-1000m-media-converter\/\" \/>\n<meta property=\"og:locale\" content=\"fr_FR\" \/>\n<meta property=\"og:type\" content=\"article\" \/>\n<meta property=\"og:title\" content=\"10\/100\/1000M Media Converter\" \/>\n<meta property=\"og:description\" content=\"Data rate up to 1000M bps  SC\/ST\/FC connection in standard, available in LC connection with SFP transceiver  Support link fault pass through function  LED display for working modes  Transmission distance up to 120KM on SC, ST, FC. Max 200km with LC connector on SFP slot media converter.  Support EEPROM configuration (optional)\" \/>\n<meta property=\"og:url\" content=\"https:\/\/optics.carritech.com\/fr\/optical-transceivers\/media-converters\/10-100-1000m-media-converter\/\" \/>\n<meta property=\"og:site_name\" content=\"Carritech Optics\" \/>\n<meta property=\"article:modified_time\" content=\"2024-12-17T15:16:50+00:00\" \/>\n<meta property=\"og:image\" content=\"https:\/\/optics.carritech.com\/wp-content\/uploads\/2024\/12\/10-100-1000M-Media-converter.png\" \/>\n\t<meta property=\"og:image:width\" content=\"1400\" \/>\n\t<meta property=\"og:image:height\" content=\"1400\" \/>\n\t<meta property=\"og:image:type\" content=\"image\/png\" \/>\n<meta name=\"twitter:card\" content=\"summary_large_image\" \/>\n<script type=\"application\/ld+json\" class=\"yoast-schema-graph\">{\"@context\":\"https:\/\/schema.org\",\"@graph\":[{\"@type\":\"WebPage\",\"@id\":\"https:\/\/optics.carritech.com\/optical-transceivers\/media-converters\/10-100-1000m-media-converter\/\",\"url\":\"https:\/\/optics.carritech.com\/optical-transceivers\/media-converters\/10-100-1000m-media-converter\/\",\"name\":\"10\/100\/1000M Media Converter | Carritech Optics\",\"isPartOf\":{\"@id\":\"https:\/\/optics.carritech.com\/#website\"},\"primaryImageOfPage\":{\"@id\":\"https:\/\/optics.carritech.com\/optical-transceivers\/media-converters\/10-100-1000m-media-converter\/#primaryimage\"},\"image\":{\"@id\":\"https:\/\/optics.carritech.com\/optical-transceivers\/media-converters\/10-100-1000m-media-converter\/#primaryimage\"},\"thumbnailUrl\":\"https:\/\/optics.carritech.com\/wp-content\/uploads\/2024\/12\/10-100-1000M-Media-converter.png\",\"datePublished\":\"2024-12-17T15:14:26+00:00\",\"dateModified\":\"2024-12-17T15:16:50+00:00\",\"breadcrumb\":{\"@id\":\"https:\/\/optics.carritech.com\/optical-transceivers\/media-converters\/10-100-1000m-media-converter\/#breadcrumb\"},\"inLanguage\":\"fr-FR\",\"potentialAction\":[{\"@type\":\"ReadAction\",\"target\":[\"https:\/\/optics.carritech.com\/optical-transceivers\/media-converters\/10-100-1000m-media-converter\/\"]}]},{\"@type\":\"ImageObject\",\"inLanguage\":\"fr-FR\",\"@id\":\"https:\/\/optics.carritech.com\/optical-transceivers\/media-converters\/10-100-1000m-media-converter\/#primaryimage\",\"url\":\"https:\/\/optics.carritech.com\/wp-content\/uploads\/2024\/12\/10-100-1000M-Media-converter.png\",\"contentUrl\":\"https:\/\/optics.carritech.com\/wp-content\/uploads\/2024\/12\/10-100-1000M-Media-converter.png\",\"width\":1400,\"height\":1400},{\"@type\":\"BreadcrumbList\",\"@id\":\"https:\/\/optics.carritech.com\/optical-transceivers\/media-converters\/10-100-1000m-media-converter\/#breadcrumb\",\"itemListElement\":[{\"@type\":\"ListItem\",\"position\":1,\"name\":\"Home\",\"item\":\"https:\/\/optics.carritech.com\/\"},{\"@type\":\"ListItem\",\"position\":2,\"name\":\"Optical Transceivers\",\"item\":\"https:\/\/optics.carritech.com\/optical-transceivers\/\"},{\"@type\":\"ListItem\",\"position\":3,\"name\":\"10\/100\/1000M Media Converter\"}]},{\"@type\":\"WebSite\",\"@id\":\"https:\/\/optics.carritech.com\/#website\",\"url\":\"https:\/\/optics.carritech.com\/\",\"name\":\"Carritech Optics\",\"description\":\"High Quality Optical Transceivers\",\"publisher\":{\"@id\":\"https:\/\/optics.carritech.com\/#organization\"},\"alternateName\":\"Carritech Optics\",\"potentialAction\":[{\"@type\":\"SearchAction\",\"target\":{\"@type\":\"EntryPoint\",\"urlTemplate\":\"https:\/\/optics.carritech.com\/?s={search_term_string}\"},\"query-input\":{\"@type\":\"PropertyValueSpecification\",\"valueRequired\":true,\"valueName\":\"search_term_string\"}}],\"inLanguage\":\"fr-FR\"},{\"@type\":\"Organization\",\"@id\":\"https:\/\/optics.carritech.com\/#organization\",\"name\":\"Carritech Optics\",\"url\":\"https:\/\/optics.carritech.com\/\",\"logo\":{\"@type\":\"ImageObject\",\"inLanguage\":\"fr-FR\",\"@id\":\"https:\/\/optics.carritech.com\/#\/schema\/logo\/image\/\",\"url\":\"https:\/\/optics.carritech.com\/wp-content\/uploads\/2024\/11\/Carritech-optics.png\",\"contentUrl\":\"https:\/\/optics.carritech.com\/wp-content\/uploads\/2024\/11\/Carritech-optics.png\",\"width\":2048,\"height\":681,\"caption\":\"Carritech Optics\"},\"image\":{\"@id\":\"https:\/\/optics.carritech.com\/#\/schema\/logo\/image\/\"}}]}<\/script>\n<!-- \/ Yoast SEO Premium plugin. -->","yoast_head_json":{"title":"10\/100\/1000M Media Converter | Carritech Optics","robots":{"index":"index","follow":"follow","max-snippet":"max-snippet:-1","max-image-preview":"max-image-preview:large","max-video-preview":"max-video-preview:-1"},"canonical":"https:\/\/optics.carritech.com\/fr\/optical-transceivers\/media-converters\/10-100-1000m-media-converter\/","og_locale":"fr_FR","og_type":"article","og_title":"10\/100\/1000M Media Converter","og_description":"Data rate up to 1000M bps  SC\/ST\/FC connection in standard, available in LC connection with SFP transceiver  Support link fault pass through function  LED display for working modes  Transmission distance up to 120KM on SC, ST, FC. Max 200km with LC connector on SFP slot media converter.  Support EEPROM configuration (optional)","og_url":"https:\/\/optics.carritech.com\/fr\/optical-transceivers\/media-converters\/10-100-1000m-media-converter\/","og_site_name":"Carritech Optics","article_modified_time":"2024-12-17T15:16:50+00:00","og_image":[{"width":1400,"height":1400,"url":"https:\/\/optics.carritech.com\/wp-content\/uploads\/2024\/12\/10-100-1000M-Media-converter.png","type":"image\/png"}],"twitter_card":"summary_large_image","schema":{"@context":"https:\/\/schema.org","@graph":[{"@type":"WebPage","@id":"https:\/\/optics.carritech.com\/optical-transceivers\/media-converters\/10-100-1000m-media-converter\/","url":"https:\/\/optics.carritech.com\/optical-transceivers\/media-converters\/10-100-1000m-media-converter\/","name":"10\/100\/1000M Media Converter | Carritech Optics","isPartOf":{"@id":"https:\/\/optics.carritech.com\/#website"},"primaryImageOfPage":{"@id":"https:\/\/optics.carritech.com\/optical-transceivers\/media-converters\/10-100-1000m-media-converter\/#primaryimage"},"image":{"@id":"https:\/\/optics.carritech.com\/optical-transceivers\/media-converters\/10-100-1000m-media-converter\/#primaryimage"},"thumbnailUrl":"https:\/\/optics.carritech.com\/wp-content\/uploads\/2024\/12\/10-100-1000M-Media-converter.png","datePublished":"2024-12-17T15:14:26+00:00","dateModified":"2024-12-17T15:16:50+00:00","breadcrumb":{"@id":"https:\/\/optics.carritech.com\/optical-transceivers\/media-converters\/10-100-1000m-media-converter\/#breadcrumb"},"inLanguage":"fr-FR","potentialAction":[{"@type":"ReadAction","target":["https:\/\/optics.carritech.com\/optical-transceivers\/media-converters\/10-100-1000m-media-converter\/"]}]},{"@type":"ImageObject","inLanguage":"fr-FR","@id":"https:\/\/optics.carritech.com\/optical-transceivers\/media-converters\/10-100-1000m-media-converter\/#primaryimage","url":"https:\/\/optics.carritech.com\/wp-content\/uploads\/2024\/12\/10-100-1000M-Media-converter.png","contentUrl":"https:\/\/optics.carritech.com\/wp-content\/uploads\/2024\/12\/10-100-1000M-Media-converter.png","width":1400,"height":1400},{"@type":"BreadcrumbList","@id":"https:\/\/optics.carritech.com\/optical-transceivers\/media-converters\/10-100-1000m-media-converter\/#breadcrumb","itemListElement":[{"@type":"ListItem","position":1,"name":"Home","item":"https:\/\/optics.carritech.com\/"},{"@type":"ListItem","position":2,"name":"Optical Transceivers","item":"https:\/\/optics.carritech.com\/optical-transceivers\/"},{"@type":"ListItem","position":3,"name":"10\/100\/1000M Media Converter"}]},{"@type":"WebSite","@id":"https:\/\/optics.carritech.com\/#website","url":"https:\/\/optics.carritech.com\/","name":"Carritech Optics","description":"High Quality Optical Transceivers","publisher":{"@id":"https:\/\/optics.carritech.com\/#organization"},"alternateName":"Carritech Optics","potentialAction":[{"@type":"SearchAction","target":{"@type":"EntryPoint","urlTemplate":"https:\/\/optics.carritech.com\/?s={search_term_string}"},"query-input":{"@type":"PropertyValueSpecification","valueRequired":true,"valueName":"search_term_string"}}],"inLanguage":"fr-FR"},{"@type":"Organization","@id":"https:\/\/optics.carritech.com\/#organization","name":"Carritech Optics","url":"https:\/\/optics.carritech.com\/","logo":{"@type":"ImageObject","inLanguage":"fr-FR","@id":"https:\/\/optics.carritech.com\/#\/schema\/logo\/image\/","url":"https:\/\/optics.carritech.com\/wp-content\/uploads\/2024\/11\/Carritech-optics.png","contentUrl":"https:\/\/optics.carritech.com\/wp-content\/uploads\/2024\/11\/Carritech-optics.png","width":2048,"height":681,"caption":"Carritech Optics"},"image":{"@id":"https:\/\/optics.carritech.com\/#\/schema\/logo\/image\/"}}]}},"_links":{"self":[{"href":"https:\/\/optics.carritech.com\/fr\/wp-json\/wp\/v2\/product\/2096","targetHints":{"allow":["GET"]}}],"collection":[{"href":"https:\/\/optics.carritech.com\/fr\/wp-json\/wp\/v2\/product"}],"about":[{"href":"https:\/\/optics.carritech.com\/fr\/wp-json\/wp\/v2\/types\/product"}],"replies":[{"embeddable":true,"href":"https:\/\/optics.carritech.com\/fr\/wp-json\/wp\/v2\/comments?post=2096"}],"wp:featuredmedia":[{"embeddable":true,"href":"https:\/\/optics.carritech.com\/fr\/wp-json\/wp\/v2\/media\/2097"}],"wp:attachment":[{"href":"https:\/\/optics.carritech.com\/fr\/wp-json\/wp\/v2\/media?parent=2096"}],"wp:term":[{"taxonomy":"product_brand","embeddable":true,"href":"https:\/\/optics.carritech.com\/fr\/wp-json\/wp\/v2\/product_brand?post=2096"},{"taxonomy":"product_cat","embeddable":true,"href":"https:\/\/optics.carritech.com\/fr\/wp-json\/wp\/v2\/product_cat?post=2096"},{"taxonomy":"product_tag","embeddable":true,"href":"https:\/\/optics.carritech.com\/fr\/wp-json\/wp\/v2\/product_tag?post=2096"}],"curies":[{"name":"wp","href":"https:\/\/api.w.org\/{rel}","templated":true}]}}