{"id":2102,"date":"2024-12-17T15:27:26","date_gmt":"2024-12-17T15:27:26","guid":{"rendered":"https:\/\/youbiquity.online\/?post_type=product&#038;p=2102"},"modified":"2025-01-20T13:59:02","modified_gmt":"2025-01-20T13:59:02","slug":"patch-cords-lcscfcst-mpo","status":"publish","type":"product","link":"https:\/\/optics.carritech.com\/fr\/optical-transceivers\/patch-cords\/patch-cords-lcscfcst-mpo\/","title":{"rendered":"Cordons de raccordement (LC,SC,FC,ST &amp; MPO)"},"content":{"rendered":"<p>Fiber optic patch cables are ideal for supporting high speed telecommunication network fiber applications. They are manufactured and tested in compliance with TIA 604 (FOCIS), IEC 61754 and YD\/T industry standards. OM1, OM2, OM3, OM4, OM5 or OS2 fiber types are available to meet the demand of Gigabit Ethernet, 10 Gigabit Ethernet and high speed Fiber Channel. Every termination is through rigorous parameter test to ensure the highest network performance.<\/p>\n<p>At Carritech Optics we are able to provide path cords with the following connector types: LC,SC,FC,ST and MPO.<\/p>\n<p>We are also able to provide both single-mode and multi-mode cables types.<\/p>","protected":false},"excerpt":{"rendered":"<ul>\n<li>Embouts en zircone de haute qualit\u00e9.<\/li>\n<li>Bonne r\u00e9p\u00e9tabilit\u00e9 et interchangeabilit\u00e9.<\/li>\n<li>Veste ignifug\u00e9e, robuste et durable.<\/li>\n<li>L'impression permet de clarifier et de reconna\u00eetre les diff\u00e9rents c\u00e2bles.<\/li>\n<li>OS2, OM4, OM3, OM2, OM1, OM5 sont disponibles.<\/li>\n<li>Termin\u00e9 en usine et test\u00e9 pour la perte d'insertion, la perte de retour et la face d'extr\u00e9mit\u00e9.<\/li>\n<\/ul>","protected":false},"featured_media":2103,"comment_status":"open","ping_status":"closed","template":"","meta":{"_acf_changed":false},"product_brand":[],"product_cat":[197],"product_tag":[],"class_list":{"0":"post-2102","1":"product","2":"type-product","3":"status-publish","4":"has-post-thumbnail","6":"product_cat-patch-cords","8":"first","9":"instock","10":"shipping-taxable","11":"product-type-simple"},"acf":[],"yoast_head":"<!-- This site is optimized with the Yoast SEO Premium plugin v26.8 (Yoast SEO v26.8) - https:\/\/yoast.com\/product\/yoast-seo-premium-wordpress\/ -->\n<title>Patch Cords (LC,SC,FC,ST &amp; MPO) | Carritech Optics<\/title>\n<meta name=\"robots\" content=\"index, follow, max-snippet:-1, max-image-preview:large, max-video-preview:-1\" \/>\n<link rel=\"canonical\" href=\"https:\/\/optics.carritech.com\/fr\/optical-transceivers\/patch-cords\/patch-cords-lcscfcst-mpo\/\" \/>\n<meta property=\"og:locale\" content=\"fr_FR\" \/>\n<meta property=\"og:type\" content=\"article\" \/>\n<meta property=\"og:title\" content=\"Patch Cords (LC,SC,FC,ST &amp; MPO)\" \/>\n<meta property=\"og:description\" content=\"High quality zirconia ferrules.  Good repeatability and interchangeability.  Flame-retardant, rugged and durablejacket.  Printing helps clarify and recognise different cables.  OS2, OM4, OM3, OM2, OM1, OM5 are available.  Factory terminated and tested for insertion loss, return loss and end face.\" \/>\n<meta property=\"og:url\" content=\"https:\/\/optics.carritech.com\/fr\/optical-transceivers\/patch-cords\/patch-cords-lcscfcst-mpo\/\" \/>\n<meta property=\"og:site_name\" content=\"Carritech Optics\" \/>\n<meta property=\"article:modified_time\" content=\"2025-01-20T13:59:02+00:00\" \/>\n<meta property=\"og:image\" content=\"https:\/\/optics.carritech.com\/wp-content\/uploads\/2024\/12\/Patch-Cords.png\" \/>\n\t<meta property=\"og:image:width\" content=\"1400\" \/>\n\t<meta property=\"og:image:height\" content=\"1400\" \/>\n\t<meta property=\"og:image:type\" content=\"image\/png\" \/>\n<meta name=\"twitter:card\" content=\"summary_large_image\" \/>\n<meta name=\"twitter:label1\" content=\"Dur\u00e9e de lecture estim\u00e9e\" \/>\n\t<meta name=\"twitter:data1\" content=\"1 minute\" \/>\n<script type=\"application\/ld+json\" class=\"yoast-schema-graph\">{\"@context\":\"https:\/\/schema.org\",\"@graph\":[{\"@type\":\"WebPage\",\"@id\":\"https:\/\/optics.carritech.com\/optical-transceivers\/patch-cords\/patch-cords-lcscfcst-mpo\/\",\"url\":\"https:\/\/optics.carritech.com\/optical-transceivers\/patch-cords\/patch-cords-lcscfcst-mpo\/\",\"name\":\"Patch Cords (LC,SC,FC,ST & MPO) | Carritech Optics\",\"isPartOf\":{\"@id\":\"https:\/\/optics.carritech.com\/#website\"},\"primaryImageOfPage\":{\"@id\":\"https:\/\/optics.carritech.com\/optical-transceivers\/patch-cords\/patch-cords-lcscfcst-mpo\/#primaryimage\"},\"image\":{\"@id\":\"https:\/\/optics.carritech.com\/optical-transceivers\/patch-cords\/patch-cords-lcscfcst-mpo\/#primaryimage\"},\"thumbnailUrl\":\"https:\/\/optics.carritech.com\/wp-content\/uploads\/2024\/12\/Patch-Cords.png\",\"datePublished\":\"2024-12-17T15:27:26+00:00\",\"dateModified\":\"2025-01-20T13:59:02+00:00\",\"breadcrumb\":{\"@id\":\"https:\/\/optics.carritech.com\/optical-transceivers\/patch-cords\/patch-cords-lcscfcst-mpo\/#breadcrumb\"},\"inLanguage\":\"fr-FR\",\"potentialAction\":[{\"@type\":\"ReadAction\",\"target\":[\"https:\/\/optics.carritech.com\/optical-transceivers\/patch-cords\/patch-cords-lcscfcst-mpo\/\"]}]},{\"@type\":\"ImageObject\",\"inLanguage\":\"fr-FR\",\"@id\":\"https:\/\/optics.carritech.com\/optical-transceivers\/patch-cords\/patch-cords-lcscfcst-mpo\/#primaryimage\",\"url\":\"https:\/\/optics.carritech.com\/wp-content\/uploads\/2024\/12\/Patch-Cords.png\",\"contentUrl\":\"https:\/\/optics.carritech.com\/wp-content\/uploads\/2024\/12\/Patch-Cords.png\",\"width\":1400,\"height\":1400},{\"@type\":\"BreadcrumbList\",\"@id\":\"https:\/\/optics.carritech.com\/optical-transceivers\/patch-cords\/patch-cords-lcscfcst-mpo\/#breadcrumb\",\"itemListElement\":[{\"@type\":\"ListItem\",\"position\":1,\"name\":\"Home\",\"item\":\"https:\/\/optics.carritech.com\/\"},{\"@type\":\"ListItem\",\"position\":2,\"name\":\"Optical Transceivers\",\"item\":\"https:\/\/optics.carritech.com\/optical-transceivers\/\"},{\"@type\":\"ListItem\",\"position\":3,\"name\":\"Patch Cords (LC,SC,FC,ST &#038; MPO)\"}]},{\"@type\":\"WebSite\",\"@id\":\"https:\/\/optics.carritech.com\/#website\",\"url\":\"https:\/\/optics.carritech.com\/\",\"name\":\"Carritech Optics\",\"description\":\"High Quality Optical Transceivers\",\"publisher\":{\"@id\":\"https:\/\/optics.carritech.com\/#organization\"},\"alternateName\":\"Carritech Optics\",\"potentialAction\":[{\"@type\":\"SearchAction\",\"target\":{\"@type\":\"EntryPoint\",\"urlTemplate\":\"https:\/\/optics.carritech.com\/?s={search_term_string}\"},\"query-input\":{\"@type\":\"PropertyValueSpecification\",\"valueRequired\":true,\"valueName\":\"search_term_string\"}}],\"inLanguage\":\"fr-FR\"},{\"@type\":\"Organization\",\"@id\":\"https:\/\/optics.carritech.com\/#organization\",\"name\":\"Carritech Optics\",\"url\":\"https:\/\/optics.carritech.com\/\",\"logo\":{\"@type\":\"ImageObject\",\"inLanguage\":\"fr-FR\",\"@id\":\"https:\/\/optics.carritech.com\/#\/schema\/logo\/image\/\",\"url\":\"https:\/\/optics.carritech.com\/wp-content\/uploads\/2024\/11\/Carritech-optics.png\",\"contentUrl\":\"https:\/\/optics.carritech.com\/wp-content\/uploads\/2024\/11\/Carritech-optics.png\",\"width\":2048,\"height\":681,\"caption\":\"Carritech Optics\"},\"image\":{\"@id\":\"https:\/\/optics.carritech.com\/#\/schema\/logo\/image\/\"}}]}<\/script>\n<!-- \/ Yoast SEO Premium plugin. -->","yoast_head_json":{"title":"Patch Cords (LC,SC,FC,ST & MPO) | Carritech Optics","robots":{"index":"index","follow":"follow","max-snippet":"max-snippet:-1","max-image-preview":"max-image-preview:large","max-video-preview":"max-video-preview:-1"},"canonical":"https:\/\/optics.carritech.com\/fr\/optical-transceivers\/patch-cords\/patch-cords-lcscfcst-mpo\/","og_locale":"fr_FR","og_type":"article","og_title":"Patch Cords (LC,SC,FC,ST & MPO)","og_description":"High quality zirconia ferrules.  Good repeatability and interchangeability.  Flame-retardant, rugged and durablejacket.  Printing helps clarify and recognise different cables.  OS2, OM4, OM3, OM2, OM1, OM5 are available.  Factory terminated and tested for insertion loss, return loss and end face.","og_url":"https:\/\/optics.carritech.com\/fr\/optical-transceivers\/patch-cords\/patch-cords-lcscfcst-mpo\/","og_site_name":"Carritech Optics","article_modified_time":"2025-01-20T13:59:02+00:00","og_image":[{"width":1400,"height":1400,"url":"https:\/\/optics.carritech.com\/wp-content\/uploads\/2024\/12\/Patch-Cords.png","type":"image\/png"}],"twitter_card":"summary_large_image","twitter_misc":{"Dur\u00e9e de lecture estim\u00e9e":"1 minute"},"schema":{"@context":"https:\/\/schema.org","@graph":[{"@type":"WebPage","@id":"https:\/\/optics.carritech.com\/optical-transceivers\/patch-cords\/patch-cords-lcscfcst-mpo\/","url":"https:\/\/optics.carritech.com\/optical-transceivers\/patch-cords\/patch-cords-lcscfcst-mpo\/","name":"Patch Cords (LC,SC,FC,ST & MPO) | Carritech Optics","isPartOf":{"@id":"https:\/\/optics.carritech.com\/#website"},"primaryImageOfPage":{"@id":"https:\/\/optics.carritech.com\/optical-transceivers\/patch-cords\/patch-cords-lcscfcst-mpo\/#primaryimage"},"image":{"@id":"https:\/\/optics.carritech.com\/optical-transceivers\/patch-cords\/patch-cords-lcscfcst-mpo\/#primaryimage"},"thumbnailUrl":"https:\/\/optics.carritech.com\/wp-content\/uploads\/2024\/12\/Patch-Cords.png","datePublished":"2024-12-17T15:27:26+00:00","dateModified":"2025-01-20T13:59:02+00:00","breadcrumb":{"@id":"https:\/\/optics.carritech.com\/optical-transceivers\/patch-cords\/patch-cords-lcscfcst-mpo\/#breadcrumb"},"inLanguage":"fr-FR","potentialAction":[{"@type":"ReadAction","target":["https:\/\/optics.carritech.com\/optical-transceivers\/patch-cords\/patch-cords-lcscfcst-mpo\/"]}]},{"@type":"ImageObject","inLanguage":"fr-FR","@id":"https:\/\/optics.carritech.com\/optical-transceivers\/patch-cords\/patch-cords-lcscfcst-mpo\/#primaryimage","url":"https:\/\/optics.carritech.com\/wp-content\/uploads\/2024\/12\/Patch-Cords.png","contentUrl":"https:\/\/optics.carritech.com\/wp-content\/uploads\/2024\/12\/Patch-Cords.png","width":1400,"height":1400},{"@type":"BreadcrumbList","@id":"https:\/\/optics.carritech.com\/optical-transceivers\/patch-cords\/patch-cords-lcscfcst-mpo\/#breadcrumb","itemListElement":[{"@type":"ListItem","position":1,"name":"Home","item":"https:\/\/optics.carritech.com\/"},{"@type":"ListItem","position":2,"name":"Optical Transceivers","item":"https:\/\/optics.carritech.com\/optical-transceivers\/"},{"@type":"ListItem","position":3,"name":"Patch Cords (LC,SC,FC,ST &#038; MPO)"}]},{"@type":"WebSite","@id":"https:\/\/optics.carritech.com\/#website","url":"https:\/\/optics.carritech.com\/","name":"Carritech Optics","description":"High Quality Optical Transceivers","publisher":{"@id":"https:\/\/optics.carritech.com\/#organization"},"alternateName":"Carritech Optics","potentialAction":[{"@type":"SearchAction","target":{"@type":"EntryPoint","urlTemplate":"https:\/\/optics.carritech.com\/?s={search_term_string}"},"query-input":{"@type":"PropertyValueSpecification","valueRequired":true,"valueName":"search_term_string"}}],"inLanguage":"fr-FR"},{"@type":"Organization","@id":"https:\/\/optics.carritech.com\/#organization","name":"Carritech Optics","url":"https:\/\/optics.carritech.com\/","logo":{"@type":"ImageObject","inLanguage":"fr-FR","@id":"https:\/\/optics.carritech.com\/#\/schema\/logo\/image\/","url":"https:\/\/optics.carritech.com\/wp-content\/uploads\/2024\/11\/Carritech-optics.png","contentUrl":"https:\/\/optics.carritech.com\/wp-content\/uploads\/2024\/11\/Carritech-optics.png","width":2048,"height":681,"caption":"Carritech Optics"},"image":{"@id":"https:\/\/optics.carritech.com\/#\/schema\/logo\/image\/"}}]}},"_links":{"self":[{"href":"https:\/\/optics.carritech.com\/fr\/wp-json\/wp\/v2\/product\/2102","targetHints":{"allow":["GET"]}}],"collection":[{"href":"https:\/\/optics.carritech.com\/fr\/wp-json\/wp\/v2\/product"}],"about":[{"href":"https:\/\/optics.carritech.com\/fr\/wp-json\/wp\/v2\/types\/product"}],"replies":[{"embeddable":true,"href":"https:\/\/optics.carritech.com\/fr\/wp-json\/wp\/v2\/comments?post=2102"}],"wp:featuredmedia":[{"embeddable":true,"href":"https:\/\/optics.carritech.com\/fr\/wp-json\/wp\/v2\/media\/2103"}],"wp:attachment":[{"href":"https:\/\/optics.carritech.com\/fr\/wp-json\/wp\/v2\/media?parent=2102"}],"wp:term":[{"taxonomy":"product_brand","embeddable":true,"href":"https:\/\/optics.carritech.com\/fr\/wp-json\/wp\/v2\/product_brand?post=2102"},{"taxonomy":"product_cat","embeddable":true,"href":"https:\/\/optics.carritech.com\/fr\/wp-json\/wp\/v2\/product_cat?post=2102"},{"taxonomy":"product_tag","embeddable":true,"href":"https:\/\/optics.carritech.com\/fr\/wp-json\/wp\/v2\/product_tag?post=2102"}],"curies":[{"name":"wp","href":"https:\/\/api.w.org\/{rel}","templated":true}]}}