{"id":239,"date":"2024-11-18T15:49:30","date_gmt":"2024-11-18T15:49:30","guid":{"rendered":"https:\/\/youbiquity.online\/?product=ct-100g-qaocbo-4"},"modified":"2024-12-13T13:28:44","modified_gmt":"2024-12-13T13:28:44","slug":"ct-100g-qaocbo-4","status":"publish","type":"product","link":"https:\/\/optics.carritech.com\/fr\/optical-transceivers\/active-optical-cable-aoc\/100g-qsfp28-aoc\/ct-100g-qaocbo-4\/","title":{"rendered":"CT-100G-QAOCBO-4"},"content":{"rendered":"<p>100G QSFP28 TO 4* 25G SFP28 BREAKOUT AOC 4M<\/p>","protected":false},"excerpt":{"rendered":"<ul>\n<li>Modules \u00e9metteurs-r\u00e9cepteurs 4 canaux full-duplex<\/li>\n<li>Taux de transmission des donn\u00e9es jusqu'\u00e0 25 Gbps par canal<\/li>\n<li>Prise en charge des d\u00e9bits de donn\u00e9es 40GE et 56G FDR<\/li>\n<li>R\u00e9seau VCSEL \u00e0 4 canaux de 850nm<\/li>\n<li>R\u00e9seau de photod\u00e9tecteurs PIN \u00e0 4 canaux<\/li>\n<li>Circuits CDR internes sur les canaux du r\u00e9cepteur et de l'\u00e9metteur<\/li>\n<li>Prise en charge du contournement du CDR<\/li>\n<li>Faible consommation d'\u00e9nergie &lt;2W<\/li>\n<li>Facteur de forme QSFP enfichable \u00e0 chaud<\/li>\n<li>Longueur maximale de la liaison : 70 m sur la fibre multimode OM3 (MMF) et 100 m sur la fibre multimode OM4 (MMF)<\/li>\n<li>R\u00e9ceptacle pour connecteur MPO simple<\/li>\n<li>Temp\u00e9rature du bo\u00eetier de fonctionnement 0\u00b0C \u00e0 +70\u00b0C<\/li>\n<li>Tension d'alimentation 3V<\/li>\n<li>Conforme \u00e0 la directive RoHS (sans plomb)<\/li>\n<\/ul>","protected":false},"featured_media":1318,"comment_status":"closed","ping_status":"closed","template":"","meta":{"_acf_changed":false},"product_brand":[],"product_cat":[164,120],"product_tag":[122],"class_list":{"0":"post-239","1":"product","2":"type-product","3":"status-publish","4":"has-post-thumbnail","6":"product_cat-100g-qsfp28-aoc","7":"product_cat-active-optical-cable-aoc","8":"product_tag-active-optical-cable-aoc","10":"first","11":"instock","12":"shipping-taxable","13":"product-type-simple"},"acf":[],"yoast_head":"<!-- This site is optimized with the Yoast SEO Premium plugin v26.8 (Yoast SEO v26.8) - https:\/\/yoast.com\/product\/yoast-seo-premium-wordpress\/ -->\n<title>CT-100G-QAOCBO-4 | Carritech Optics<\/title>\n<meta name=\"robots\" content=\"index, follow, max-snippet:-1, max-image-preview:large, max-video-preview:-1\" \/>\n<link rel=\"canonical\" href=\"https:\/\/optics.carritech.com\/fr\/optical-transceivers\/active-optical-cable-aoc\/100g-qsfp28-aoc\/ct-100g-qaocbo-4\/\" \/>\n<meta property=\"og:locale\" content=\"fr_FR\" \/>\n<meta property=\"og:type\" content=\"article\" \/>\n<meta property=\"og:title\" content=\"CT-100G-QAOCBO-4\" \/>\n<meta property=\"og:description\" content=\"4 channels full-duplex transceiver modules  Transmission data rate up to 25Gbps per channel  Support 40GE and 56G FDR data rate  4 channels 850nm VCSEL array  4 channels PIN photo detector array  Internal CDR circuits on both receiver and transmitter channels  Support CDR bypass  Low power consumption &lt;2W  Hot Pluggable QSFP form factor  Maximum link length of 70m on OM3 Multimode Fiber (MMF)and 100m on OM4 MMF  Single MPO connector receptacle  Operating case temperature 0\u00b0C to +70\u00b0C  3V power supply voltage  RoHS compliant (lead-free)\" \/>\n<meta property=\"og:url\" content=\"https:\/\/optics.carritech.com\/fr\/optical-transceivers\/active-optical-cable-aoc\/100g-qsfp28-aoc\/ct-100g-qaocbo-4\/\" \/>\n<meta property=\"og:site_name\" content=\"Carritech Optics\" \/>\n<meta property=\"article:modified_time\" content=\"2024-12-13T13:28:44+00:00\" \/>\n<meta property=\"og:image\" content=\"https:\/\/optics.carritech.com\/wp-content\/uploads\/2024\/11\/100G-QSFP28-AOC.png\" \/>\n\t<meta property=\"og:image:width\" content=\"1000\" \/>\n\t<meta property=\"og:image:height\" content=\"1000\" \/>\n\t<meta property=\"og:image:type\" content=\"image\/png\" \/>\n<meta name=\"twitter:card\" content=\"summary_large_image\" \/>\n<script type=\"application\/ld+json\" class=\"yoast-schema-graph\">{\"@context\":\"https:\/\/schema.org\",\"@graph\":[{\"@type\":\"WebPage\",\"@id\":\"https:\/\/optics.carritech.com\/optical-transceivers\/active-optical-cable-aoc\/100g-qsfp28-aoc\/ct-100g-qaocbo-4\/\",\"url\":\"https:\/\/optics.carritech.com\/optical-transceivers\/active-optical-cable-aoc\/100g-qsfp28-aoc\/ct-100g-qaocbo-4\/\",\"name\":\"CT-100G-QAOCBO-4 | Carritech Optics\",\"isPartOf\":{\"@id\":\"https:\/\/optics.carritech.com\/#website\"},\"primaryImageOfPage\":{\"@id\":\"https:\/\/optics.carritech.com\/optical-transceivers\/active-optical-cable-aoc\/100g-qsfp28-aoc\/ct-100g-qaocbo-4\/#primaryimage\"},\"image\":{\"@id\":\"https:\/\/optics.carritech.com\/optical-transceivers\/active-optical-cable-aoc\/100g-qsfp28-aoc\/ct-100g-qaocbo-4\/#primaryimage\"},\"thumbnailUrl\":\"https:\/\/optics.carritech.com\/wp-content\/uploads\/2024\/11\/100G-QSFP28-AOC.png\",\"datePublished\":\"2024-11-18T15:49:30+00:00\",\"dateModified\":\"2024-12-13T13:28:44+00:00\",\"breadcrumb\":{\"@id\":\"https:\/\/optics.carritech.com\/optical-transceivers\/active-optical-cable-aoc\/100g-qsfp28-aoc\/ct-100g-qaocbo-4\/#breadcrumb\"},\"inLanguage\":\"fr-FR\",\"potentialAction\":[{\"@type\":\"ReadAction\",\"target\":[\"https:\/\/optics.carritech.com\/optical-transceivers\/active-optical-cable-aoc\/100g-qsfp28-aoc\/ct-100g-qaocbo-4\/\"]}]},{\"@type\":\"ImageObject\",\"inLanguage\":\"fr-FR\",\"@id\":\"https:\/\/optics.carritech.com\/optical-transceivers\/active-optical-cable-aoc\/100g-qsfp28-aoc\/ct-100g-qaocbo-4\/#primaryimage\",\"url\":\"https:\/\/optics.carritech.com\/wp-content\/uploads\/2024\/11\/100G-QSFP28-AOC.png\",\"contentUrl\":\"https:\/\/optics.carritech.com\/wp-content\/uploads\/2024\/11\/100G-QSFP28-AOC.png\",\"width\":1000,\"height\":1000},{\"@type\":\"BreadcrumbList\",\"@id\":\"https:\/\/optics.carritech.com\/optical-transceivers\/active-optical-cable-aoc\/100g-qsfp28-aoc\/ct-100g-qaocbo-4\/#breadcrumb\",\"itemListElement\":[{\"@type\":\"ListItem\",\"position\":1,\"name\":\"Home\",\"item\":\"https:\/\/optics.carritech.com\/\"},{\"@type\":\"ListItem\",\"position\":2,\"name\":\"Optical Transceivers\",\"item\":\"https:\/\/optics.carritech.com\/optical-transceivers\/\"},{\"@type\":\"ListItem\",\"position\":3,\"name\":\"CT-100G-QAOCBO-4\"}]},{\"@type\":\"WebSite\",\"@id\":\"https:\/\/optics.carritech.com\/#website\",\"url\":\"https:\/\/optics.carritech.com\/\",\"name\":\"Carritech Optics\",\"description\":\"High Quality Optical Transceivers\",\"publisher\":{\"@id\":\"https:\/\/optics.carritech.com\/#organization\"},\"alternateName\":\"Carritech Optics\",\"potentialAction\":[{\"@type\":\"SearchAction\",\"target\":{\"@type\":\"EntryPoint\",\"urlTemplate\":\"https:\/\/optics.carritech.com\/?s={search_term_string}\"},\"query-input\":{\"@type\":\"PropertyValueSpecification\",\"valueRequired\":true,\"valueName\":\"search_term_string\"}}],\"inLanguage\":\"fr-FR\"},{\"@type\":\"Organization\",\"@id\":\"https:\/\/optics.carritech.com\/#organization\",\"name\":\"Carritech Optics\",\"url\":\"https:\/\/optics.carritech.com\/\",\"logo\":{\"@type\":\"ImageObject\",\"inLanguage\":\"fr-FR\",\"@id\":\"https:\/\/optics.carritech.com\/#\/schema\/logo\/image\/\",\"url\":\"https:\/\/optics.carritech.com\/wp-content\/uploads\/2024\/11\/Carritech-optics.png\",\"contentUrl\":\"https:\/\/optics.carritech.com\/wp-content\/uploads\/2024\/11\/Carritech-optics.png\",\"width\":2048,\"height\":681,\"caption\":\"Carritech Optics\"},\"image\":{\"@id\":\"https:\/\/optics.carritech.com\/#\/schema\/logo\/image\/\"}}]}<\/script>\n<!-- \/ Yoast SEO Premium plugin. -->","yoast_head_json":{"title":"CT-100G-QAOCBO-4 | Carritech Optics","robots":{"index":"index","follow":"follow","max-snippet":"max-snippet:-1","max-image-preview":"max-image-preview:large","max-video-preview":"max-video-preview:-1"},"canonical":"https:\/\/optics.carritech.com\/fr\/optical-transceivers\/active-optical-cable-aoc\/100g-qsfp28-aoc\/ct-100g-qaocbo-4\/","og_locale":"fr_FR","og_type":"article","og_title":"CT-100G-QAOCBO-4","og_description":"4 channels full-duplex transceiver modules  Transmission data rate up to 25Gbps per channel  Support 40GE and 56G FDR data rate  4 channels 850nm VCSEL array  4 channels PIN photo detector array  Internal CDR circuits on both receiver and transmitter channels  Support CDR bypass  Low power consumption &lt;2W  Hot Pluggable QSFP form factor  Maximum link length of 70m on OM3 Multimode Fiber (MMF)and 100m on OM4 MMF  Single MPO connector receptacle  Operating case temperature 0\u00b0C to +70\u00b0C  3V power supply voltage  RoHS compliant (lead-free)","og_url":"https:\/\/optics.carritech.com\/fr\/optical-transceivers\/active-optical-cable-aoc\/100g-qsfp28-aoc\/ct-100g-qaocbo-4\/","og_site_name":"Carritech Optics","article_modified_time":"2024-12-13T13:28:44+00:00","og_image":[{"width":1000,"height":1000,"url":"https:\/\/optics.carritech.com\/wp-content\/uploads\/2024\/11\/100G-QSFP28-AOC.png","type":"image\/png"}],"twitter_card":"summary_large_image","schema":{"@context":"https:\/\/schema.org","@graph":[{"@type":"WebPage","@id":"https:\/\/optics.carritech.com\/optical-transceivers\/active-optical-cable-aoc\/100g-qsfp28-aoc\/ct-100g-qaocbo-4\/","url":"https:\/\/optics.carritech.com\/optical-transceivers\/active-optical-cable-aoc\/100g-qsfp28-aoc\/ct-100g-qaocbo-4\/","name":"CT-100G-QAOCBO-4 | Carritech Optics","isPartOf":{"@id":"https:\/\/optics.carritech.com\/#website"},"primaryImageOfPage":{"@id":"https:\/\/optics.carritech.com\/optical-transceivers\/active-optical-cable-aoc\/100g-qsfp28-aoc\/ct-100g-qaocbo-4\/#primaryimage"},"image":{"@id":"https:\/\/optics.carritech.com\/optical-transceivers\/active-optical-cable-aoc\/100g-qsfp28-aoc\/ct-100g-qaocbo-4\/#primaryimage"},"thumbnailUrl":"https:\/\/optics.carritech.com\/wp-content\/uploads\/2024\/11\/100G-QSFP28-AOC.png","datePublished":"2024-11-18T15:49:30+00:00","dateModified":"2024-12-13T13:28:44+00:00","breadcrumb":{"@id":"https:\/\/optics.carritech.com\/optical-transceivers\/active-optical-cable-aoc\/100g-qsfp28-aoc\/ct-100g-qaocbo-4\/#breadcrumb"},"inLanguage":"fr-FR","potentialAction":[{"@type":"ReadAction","target":["https:\/\/optics.carritech.com\/optical-transceivers\/active-optical-cable-aoc\/100g-qsfp28-aoc\/ct-100g-qaocbo-4\/"]}]},{"@type":"ImageObject","inLanguage":"fr-FR","@id":"https:\/\/optics.carritech.com\/optical-transceivers\/active-optical-cable-aoc\/100g-qsfp28-aoc\/ct-100g-qaocbo-4\/#primaryimage","url":"https:\/\/optics.carritech.com\/wp-content\/uploads\/2024\/11\/100G-QSFP28-AOC.png","contentUrl":"https:\/\/optics.carritech.com\/wp-content\/uploads\/2024\/11\/100G-QSFP28-AOC.png","width":1000,"height":1000},{"@type":"BreadcrumbList","@id":"https:\/\/optics.carritech.com\/optical-transceivers\/active-optical-cable-aoc\/100g-qsfp28-aoc\/ct-100g-qaocbo-4\/#breadcrumb","itemListElement":[{"@type":"ListItem","position":1,"name":"Home","item":"https:\/\/optics.carritech.com\/"},{"@type":"ListItem","position":2,"name":"Optical Transceivers","item":"https:\/\/optics.carritech.com\/optical-transceivers\/"},{"@type":"ListItem","position":3,"name":"CT-100G-QAOCBO-4"}]},{"@type":"WebSite","@id":"https:\/\/optics.carritech.com\/#website","url":"https:\/\/optics.carritech.com\/","name":"Carritech Optics","description":"High Quality Optical Transceivers","publisher":{"@id":"https:\/\/optics.carritech.com\/#organization"},"alternateName":"Carritech Optics","potentialAction":[{"@type":"SearchAction","target":{"@type":"EntryPoint","urlTemplate":"https:\/\/optics.carritech.com\/?s={search_term_string}"},"query-input":{"@type":"PropertyValueSpecification","valueRequired":true,"valueName":"search_term_string"}}],"inLanguage":"fr-FR"},{"@type":"Organization","@id":"https:\/\/optics.carritech.com\/#organization","name":"Carritech Optics","url":"https:\/\/optics.carritech.com\/","logo":{"@type":"ImageObject","inLanguage":"fr-FR","@id":"https:\/\/optics.carritech.com\/#\/schema\/logo\/image\/","url":"https:\/\/optics.carritech.com\/wp-content\/uploads\/2024\/11\/Carritech-optics.png","contentUrl":"https:\/\/optics.carritech.com\/wp-content\/uploads\/2024\/11\/Carritech-optics.png","width":2048,"height":681,"caption":"Carritech Optics"},"image":{"@id":"https:\/\/optics.carritech.com\/#\/schema\/logo\/image\/"}}]}},"_links":{"self":[{"href":"https:\/\/optics.carritech.com\/fr\/wp-json\/wp\/v2\/product\/239","targetHints":{"allow":["GET"]}}],"collection":[{"href":"https:\/\/optics.carritech.com\/fr\/wp-json\/wp\/v2\/product"}],"about":[{"href":"https:\/\/optics.carritech.com\/fr\/wp-json\/wp\/v2\/types\/product"}],"replies":[{"embeddable":true,"href":"https:\/\/optics.carritech.com\/fr\/wp-json\/wp\/v2\/comments?post=239"}],"wp:featuredmedia":[{"embeddable":true,"href":"https:\/\/optics.carritech.com\/fr\/wp-json\/wp\/v2\/media\/1318"}],"wp:attachment":[{"href":"https:\/\/optics.carritech.com\/fr\/wp-json\/wp\/v2\/media?parent=239"}],"wp:term":[{"taxonomy":"product_brand","embeddable":true,"href":"https:\/\/optics.carritech.com\/fr\/wp-json\/wp\/v2\/product_brand?post=239"},{"taxonomy":"product_cat","embeddable":true,"href":"https:\/\/optics.carritech.com\/fr\/wp-json\/wp\/v2\/product_cat?post=239"},{"taxonomy":"product_tag","embeddable":true,"href":"https:\/\/optics.carritech.com\/fr\/wp-json\/wp\/v2\/product_tag?post=239"}],"curies":[{"name":"wp","href":"https:\/\/api.w.org\/{rel}","templated":true}]}}