{"id":261,"date":"2024-11-18T15:49:51","date_gmt":"2024-11-18T15:49:51","guid":{"rendered":"https:\/\/youbiquity.online\/?product=ct-qsfp28-sfp28-adp"},"modified":"2025-01-20T14:01:03","modified_gmt":"2025-01-20T14:01:03","slug":"ct-qsfp28-sfp28-adp","status":"publish","type":"product","link":"https:\/\/optics.carritech.com\/fr\/optical-transceivers\/copper-sfp-sfp-adapters\/adapters\/ct-qsfp28-sfp28-adp\/","title":{"rendered":"CT-QSFP28-SFP28-ADP"},"content":{"rendered":"<p>ADAPTATEUR 100G QSFP28 VERS 25G SFP28<\/p>","protected":false},"excerpt":{"rendered":"<ul>\n<li>Convertit n'importe quel port QSFP28 en port SFP28<\/li>\n<li>Permettre une connectivit\u00e9 25GbE sur une infrastructure 100GbE<\/li>\n<li>Faible diaphonie, faible perte d'insertion<\/li>\n<li>Int\u00e9grit\u00e9 sup\u00e9rieure du signal, imp\u00e9dance adapt\u00e9e<\/li>\n<li>Bo\u00eetier enti\u00e8rement m\u00e9tallique pour des performances EMI sup\u00e9rieures<\/li>\n<li>Peu co\u00fbteux, facile \u00e0 utiliser et pr\u00eat \u00e0 l'emploi<\/li>\n<li>Conformit\u00e9 RoHS, MSA<\/li>\n<li>Connecte n'importe quel DAC, AOC ou Transceiver 25G SFP28 \u00e0 un port QSFP28.<\/li>\n<li>R\u00e9soudre les probl\u00e8mes de mise \u00e0 niveau du syst\u00e8me pour relier diff\u00e9rents facteurs de forme et d\u00e9bits de ligne.<\/li>\n<li><\/li>\n<\/ul>","protected":false},"featured_media":2305,"comment_status":"closed","ping_status":"closed","template":"","meta":{"_acf_changed":false},"product_brand":[],"product_cat":[138],"product_tag":[132],"class_list":{"0":"post-261","1":"product","2":"type-product","3":"status-publish","4":"has-post-thumbnail","6":"product_cat-adapters","7":"product_tag-copper-sfp-sfp-adapters","9":"first","10":"instock","11":"shipping-taxable","12":"product-type-simple"},"acf":[],"yoast_head":"<!-- This site is optimized with the Yoast SEO Premium plugin v26.8 (Yoast SEO v26.8) - https:\/\/yoast.com\/product\/yoast-seo-premium-wordpress\/ -->\n<title>CT-QSFP28-SFP28-ADP | Carritech Optics<\/title>\n<meta name=\"robots\" content=\"index, follow, max-snippet:-1, max-image-preview:large, max-video-preview:-1\" \/>\n<link rel=\"canonical\" href=\"https:\/\/optics.carritech.com\/fr\/optical-transceivers\/copper-sfp-sfp-adapters\/adapters\/ct-qsfp28-sfp28-adp\/\" \/>\n<meta property=\"og:locale\" content=\"fr_FR\" \/>\n<meta property=\"og:type\" content=\"article\" \/>\n<meta property=\"og:title\" content=\"CT-QSFP28-SFP28-ADP\" \/>\n<meta property=\"og:description\" content=\"Converts any QSFP28 port to SFP28  Enabling 25GbE Connectivity on 100GbE Infrastructure  Low crosstalk, low insertion loss  Superior signal integrity, matched impedance  All-metal housing for superior EMI performance  Inexpensive, easy-to-use, and plug &amp; play  RoHS, MSA Compliant  Connects any 25G SFP28 DAC, AOC, or Transceiver to a QSFP28 port  Resolves system upgrade issues to linking different form-factors and line rates\" \/>\n<meta property=\"og:url\" content=\"https:\/\/optics.carritech.com\/fr\/optical-transceivers\/copper-sfp-sfp-adapters\/adapters\/ct-qsfp28-sfp28-adp\/\" \/>\n<meta property=\"og:site_name\" content=\"Carritech Optics\" \/>\n<meta property=\"article:modified_time\" content=\"2025-01-20T14:01:03+00:00\" \/>\n<meta property=\"og:image\" content=\"https:\/\/optics.carritech.com\/wp-content\/uploads\/2024\/11\/adapter.png\" \/>\n\t<meta property=\"og:image:width\" content=\"1000\" \/>\n\t<meta property=\"og:image:height\" content=\"1000\" \/>\n\t<meta property=\"og:image:type\" content=\"image\/png\" \/>\n<meta name=\"twitter:card\" content=\"summary_large_image\" \/>\n<meta name=\"twitter:label1\" content=\"Dur\u00e9e de lecture estim\u00e9e\" \/>\n\t<meta name=\"twitter:data1\" content=\"1 minute\" \/>\n<script type=\"application\/ld+json\" class=\"yoast-schema-graph\">{\"@context\":\"https:\/\/schema.org\",\"@graph\":[{\"@type\":\"WebPage\",\"@id\":\"https:\/\/optics.carritech.com\/optical-transceivers\/copper-sfp-sfp-adapters\/adapters\/ct-qsfp28-sfp28-adp\/\",\"url\":\"https:\/\/optics.carritech.com\/optical-transceivers\/copper-sfp-sfp-adapters\/adapters\/ct-qsfp28-sfp28-adp\/\",\"name\":\"CT-QSFP28-SFP28-ADP | Carritech Optics\",\"isPartOf\":{\"@id\":\"https:\/\/optics.carritech.com\/#website\"},\"primaryImageOfPage\":{\"@id\":\"https:\/\/optics.carritech.com\/optical-transceivers\/copper-sfp-sfp-adapters\/adapters\/ct-qsfp28-sfp28-adp\/#primaryimage\"},\"image\":{\"@id\":\"https:\/\/optics.carritech.com\/optical-transceivers\/copper-sfp-sfp-adapters\/adapters\/ct-qsfp28-sfp28-adp\/#primaryimage\"},\"thumbnailUrl\":\"https:\/\/optics.carritech.com\/wp-content\/uploads\/2024\/11\/adapter.png\",\"datePublished\":\"2024-11-18T15:49:51+00:00\",\"dateModified\":\"2025-01-20T14:01:03+00:00\",\"breadcrumb\":{\"@id\":\"https:\/\/optics.carritech.com\/optical-transceivers\/copper-sfp-sfp-adapters\/adapters\/ct-qsfp28-sfp28-adp\/#breadcrumb\"},\"inLanguage\":\"fr-FR\",\"potentialAction\":[{\"@type\":\"ReadAction\",\"target\":[\"https:\/\/optics.carritech.com\/optical-transceivers\/copper-sfp-sfp-adapters\/adapters\/ct-qsfp28-sfp28-adp\/\"]}]},{\"@type\":\"ImageObject\",\"inLanguage\":\"fr-FR\",\"@id\":\"https:\/\/optics.carritech.com\/optical-transceivers\/copper-sfp-sfp-adapters\/adapters\/ct-qsfp28-sfp28-adp\/#primaryimage\",\"url\":\"https:\/\/optics.carritech.com\/wp-content\/uploads\/2024\/11\/adapter.png\",\"contentUrl\":\"https:\/\/optics.carritech.com\/wp-content\/uploads\/2024\/11\/adapter.png\",\"width\":1000,\"height\":1000},{\"@type\":\"BreadcrumbList\",\"@id\":\"https:\/\/optics.carritech.com\/optical-transceivers\/copper-sfp-sfp-adapters\/adapters\/ct-qsfp28-sfp28-adp\/#breadcrumb\",\"itemListElement\":[{\"@type\":\"ListItem\",\"position\":1,\"name\":\"Home\",\"item\":\"https:\/\/optics.carritech.com\/\"},{\"@type\":\"ListItem\",\"position\":2,\"name\":\"Optical Transceivers\",\"item\":\"https:\/\/optics.carritech.com\/optical-transceivers\/\"},{\"@type\":\"ListItem\",\"position\":3,\"name\":\"CT-QSFP28-SFP28-ADP\"}]},{\"@type\":\"WebSite\",\"@id\":\"https:\/\/optics.carritech.com\/#website\",\"url\":\"https:\/\/optics.carritech.com\/\",\"name\":\"Carritech Optics\",\"description\":\"High Quality Optical Transceivers\",\"publisher\":{\"@id\":\"https:\/\/optics.carritech.com\/#organization\"},\"alternateName\":\"Carritech Optics\",\"potentialAction\":[{\"@type\":\"SearchAction\",\"target\":{\"@type\":\"EntryPoint\",\"urlTemplate\":\"https:\/\/optics.carritech.com\/?s={search_term_string}\"},\"query-input\":{\"@type\":\"PropertyValueSpecification\",\"valueRequired\":true,\"valueName\":\"search_term_string\"}}],\"inLanguage\":\"fr-FR\"},{\"@type\":\"Organization\",\"@id\":\"https:\/\/optics.carritech.com\/#organization\",\"name\":\"Carritech Optics\",\"url\":\"https:\/\/optics.carritech.com\/\",\"logo\":{\"@type\":\"ImageObject\",\"inLanguage\":\"fr-FR\",\"@id\":\"https:\/\/optics.carritech.com\/#\/schema\/logo\/image\/\",\"url\":\"https:\/\/optics.carritech.com\/wp-content\/uploads\/2024\/11\/Carritech-optics.png\",\"contentUrl\":\"https:\/\/optics.carritech.com\/wp-content\/uploads\/2024\/11\/Carritech-optics.png\",\"width\":2048,\"height\":681,\"caption\":\"Carritech Optics\"},\"image\":{\"@id\":\"https:\/\/optics.carritech.com\/#\/schema\/logo\/image\/\"}}]}<\/script>\n<!-- \/ Yoast SEO Premium plugin. -->","yoast_head_json":{"title":"CT-QSFP28-SFP28-ADP | Carritech Optics","robots":{"index":"index","follow":"follow","max-snippet":"max-snippet:-1","max-image-preview":"max-image-preview:large","max-video-preview":"max-video-preview:-1"},"canonical":"https:\/\/optics.carritech.com\/fr\/optical-transceivers\/copper-sfp-sfp-adapters\/adapters\/ct-qsfp28-sfp28-adp\/","og_locale":"fr_FR","og_type":"article","og_title":"CT-QSFP28-SFP28-ADP","og_description":"Converts any QSFP28 port to SFP28  Enabling 25GbE Connectivity on 100GbE Infrastructure  Low crosstalk, low insertion loss  Superior signal integrity, matched impedance  All-metal housing for superior EMI performance  Inexpensive, easy-to-use, and plug &amp; play  RoHS, MSA Compliant  Connects any 25G SFP28 DAC, AOC, or Transceiver to a QSFP28 port  Resolves system upgrade issues to linking different form-factors and line rates","og_url":"https:\/\/optics.carritech.com\/fr\/optical-transceivers\/copper-sfp-sfp-adapters\/adapters\/ct-qsfp28-sfp28-adp\/","og_site_name":"Carritech Optics","article_modified_time":"2025-01-20T14:01:03+00:00","og_image":[{"width":1000,"height":1000,"url":"https:\/\/optics.carritech.com\/wp-content\/uploads\/2024\/11\/adapter.png","type":"image\/png"}],"twitter_card":"summary_large_image","twitter_misc":{"Dur\u00e9e de lecture estim\u00e9e":"1 minute"},"schema":{"@context":"https:\/\/schema.org","@graph":[{"@type":"WebPage","@id":"https:\/\/optics.carritech.com\/optical-transceivers\/copper-sfp-sfp-adapters\/adapters\/ct-qsfp28-sfp28-adp\/","url":"https:\/\/optics.carritech.com\/optical-transceivers\/copper-sfp-sfp-adapters\/adapters\/ct-qsfp28-sfp28-adp\/","name":"CT-QSFP28-SFP28-ADP | Carritech Optics","isPartOf":{"@id":"https:\/\/optics.carritech.com\/#website"},"primaryImageOfPage":{"@id":"https:\/\/optics.carritech.com\/optical-transceivers\/copper-sfp-sfp-adapters\/adapters\/ct-qsfp28-sfp28-adp\/#primaryimage"},"image":{"@id":"https:\/\/optics.carritech.com\/optical-transceivers\/copper-sfp-sfp-adapters\/adapters\/ct-qsfp28-sfp28-adp\/#primaryimage"},"thumbnailUrl":"https:\/\/optics.carritech.com\/wp-content\/uploads\/2024\/11\/adapter.png","datePublished":"2024-11-18T15:49:51+00:00","dateModified":"2025-01-20T14:01:03+00:00","breadcrumb":{"@id":"https:\/\/optics.carritech.com\/optical-transceivers\/copper-sfp-sfp-adapters\/adapters\/ct-qsfp28-sfp28-adp\/#breadcrumb"},"inLanguage":"fr-FR","potentialAction":[{"@type":"ReadAction","target":["https:\/\/optics.carritech.com\/optical-transceivers\/copper-sfp-sfp-adapters\/adapters\/ct-qsfp28-sfp28-adp\/"]}]},{"@type":"ImageObject","inLanguage":"fr-FR","@id":"https:\/\/optics.carritech.com\/optical-transceivers\/copper-sfp-sfp-adapters\/adapters\/ct-qsfp28-sfp28-adp\/#primaryimage","url":"https:\/\/optics.carritech.com\/wp-content\/uploads\/2024\/11\/adapter.png","contentUrl":"https:\/\/optics.carritech.com\/wp-content\/uploads\/2024\/11\/adapter.png","width":1000,"height":1000},{"@type":"BreadcrumbList","@id":"https:\/\/optics.carritech.com\/optical-transceivers\/copper-sfp-sfp-adapters\/adapters\/ct-qsfp28-sfp28-adp\/#breadcrumb","itemListElement":[{"@type":"ListItem","position":1,"name":"Home","item":"https:\/\/optics.carritech.com\/"},{"@type":"ListItem","position":2,"name":"Optical Transceivers","item":"https:\/\/optics.carritech.com\/optical-transceivers\/"},{"@type":"ListItem","position":3,"name":"CT-QSFP28-SFP28-ADP"}]},{"@type":"WebSite","@id":"https:\/\/optics.carritech.com\/#website","url":"https:\/\/optics.carritech.com\/","name":"Carritech Optics","description":"High Quality Optical Transceivers","publisher":{"@id":"https:\/\/optics.carritech.com\/#organization"},"alternateName":"Carritech Optics","potentialAction":[{"@type":"SearchAction","target":{"@type":"EntryPoint","urlTemplate":"https:\/\/optics.carritech.com\/?s={search_term_string}"},"query-input":{"@type":"PropertyValueSpecification","valueRequired":true,"valueName":"search_term_string"}}],"inLanguage":"fr-FR"},{"@type":"Organization","@id":"https:\/\/optics.carritech.com\/#organization","name":"Carritech Optics","url":"https:\/\/optics.carritech.com\/","logo":{"@type":"ImageObject","inLanguage":"fr-FR","@id":"https:\/\/optics.carritech.com\/#\/schema\/logo\/image\/","url":"https:\/\/optics.carritech.com\/wp-content\/uploads\/2024\/11\/Carritech-optics.png","contentUrl":"https:\/\/optics.carritech.com\/wp-content\/uploads\/2024\/11\/Carritech-optics.png","width":2048,"height":681,"caption":"Carritech Optics"},"image":{"@id":"https:\/\/optics.carritech.com\/#\/schema\/logo\/image\/"}}]}},"_links":{"self":[{"href":"https:\/\/optics.carritech.com\/fr\/wp-json\/wp\/v2\/product\/261","targetHints":{"allow":["GET"]}}],"collection":[{"href":"https:\/\/optics.carritech.com\/fr\/wp-json\/wp\/v2\/product"}],"about":[{"href":"https:\/\/optics.carritech.com\/fr\/wp-json\/wp\/v2\/types\/product"}],"replies":[{"embeddable":true,"href":"https:\/\/optics.carritech.com\/fr\/wp-json\/wp\/v2\/comments?post=261"}],"wp:featuredmedia":[{"embeddable":true,"href":"https:\/\/optics.carritech.com\/fr\/wp-json\/wp\/v2\/media\/2305"}],"wp:attachment":[{"href":"https:\/\/optics.carritech.com\/fr\/wp-json\/wp\/v2\/media?parent=261"}],"wp:term":[{"taxonomy":"product_brand","embeddable":true,"href":"https:\/\/optics.carritech.com\/fr\/wp-json\/wp\/v2\/product_brand?post=261"},{"taxonomy":"product_cat","embeddable":true,"href":"https:\/\/optics.carritech.com\/fr\/wp-json\/wp\/v2\/product_cat?post=261"},{"taxonomy":"product_tag","embeddable":true,"href":"https:\/\/optics.carritech.com\/fr\/wp-json\/wp\/v2\/product_tag?post=261"}],"curies":[{"name":"wp","href":"https:\/\/api.w.org\/{rel}","templated":true}]}}