{"id":4952,"date":"2026-01-16T11:45:24","date_gmt":"2026-01-16T11:45:24","guid":{"rendered":"https:\/\/optics.carritech.com\/?post_type=product&#038;p=4952"},"modified":"2026-03-12T12:14:06","modified_gmt":"2026-03-12T12:14:06","slug":"407-bbql","status":"publish","type":"product","link":"https:\/\/optics.carritech.com\/fr\/optical-transceivers\/optical-transceivers\/qsfp\/40g-qsfp\/407-bbql\/","title":{"rendered":"407-BBQL"},"content":{"rendered":"<p><strong>40G QSFP+ SRBD 850\/900NM 100M<\/strong><\/p>\n<p>Carritech CT-QSFP+SRBD est un \u00e9metteur-r\u00e9cepteur bidirectionnel QSFP+ \u00e0 40 Gbps con\u00e7u pour les liens \u00e0 fibre multimode de courte port\u00e9e. Utilisant la technologie VCSEL 850\/900 nm, il prend en charge jusqu'\u00e0 100 m sur OM3 et 150 m sur OM4 MMF, permettant une connectivit\u00e9 Ethernet 40G rentable sur le c\u00e2blage duplex LC existant.<\/p>","protected":false},"excerpt":{"rendered":"<ul>\n<li data-start=\"2935\" data-end=\"2988\">QSFP+ 40Gbps Bi-Directionnel avec LC duplex.<\/li>\n<li data-start=\"2991\" data-end=\"3031\">Supporte 100 m (OM3) et 150 m (OM4).<\/li>\n<li data-start=\"3034\" data-end=\"3070\">\u00c9metteurs VCSEL \u00e0 850\/900 nm.<\/li>\n<li data-start=\"3073\" data-end=\"3129\">Facteur de forme QSFP+ enfichable \u00e0 chaud (conforme \u00e0 la norme SFF-8436).<\/li>\n<li data-start=\"3132\" data-end=\"3170\">Consommation \u00e9lectrique typique de 2,5 W.<\/li>\n<li data-start=\"3173\" data-end=\"3217\">Pas besoin de c\u00e2blage MPO - utilise duplex LC.<\/li>\n<li data-start=\"3220\" data-end=\"3266\">Enti\u00e8rement conforme \u00e0 la norme IEEE 802.3ba et \u00e0 la directive RoHS.<\/li>\n<\/ul>","protected":false},"featured_media":4416,"comment_status":"closed","ping_status":"closed","template":"","meta":{"_acf_changed":false},"product_brand":[],"product_cat":[72,17,71],"product_tag":[73,247,215],"class_list":{"0":"post-4952","1":"product","2":"type-product","3":"status-publish","4":"has-post-thumbnail","6":"product_cat-40g-qsfp","7":"product_cat-optical-transceivers","8":"product_cat-qsfp","9":"product_tag-40g-qsfp-100g-qsfp28","10":"product_tag-compatible","11":"product_tag-exc","13":"first","14":"instock","15":"shipping-taxable","16":"product-type-simple"},"acf":[],"yoast_head":"<!-- This site is optimized with the Yoast SEO Premium plugin v26.8 (Yoast SEO v26.8) - https:\/\/yoast.com\/product\/yoast-seo-premium-wordpress\/ -->\n<title>Dell 407-BBQL Compatible QSFP 40G SRBD QSFP+ 100M<\/title>\n<meta name=\"description\" content=\"Dell 407-BBQL Compatible QSFP-40G-SRBD QSFP+ BiDi 100M Optical Transceiver. Lifetime Warranty. In Stock &amp; Available Immediately.\" \/>\n<meta name=\"robots\" content=\"index, follow, max-snippet:-1, max-image-preview:large, max-video-preview:-1\" \/>\n<link rel=\"canonical\" href=\"https:\/\/optics.carritech.com\/fr\/optical-transceivers\/optical-transceivers\/qsfp\/40g-qsfp\/407-bbql\/\" \/>\n<meta property=\"og:locale\" content=\"fr_FR\" \/>\n<meta property=\"og:type\" content=\"article\" \/>\n<meta property=\"og:title\" content=\"407-BBQL\" \/>\n<meta property=\"og:description\" content=\"Dell 407-BBQL Compatible QSFP-40G-SRBD QSFP+ BiDi 100M Optical Transceiver. Lifetime Warranty. In Stock &amp; Available Immediately.\" \/>\n<meta property=\"og:url\" content=\"https:\/\/optics.carritech.com\/fr\/optical-transceivers\/optical-transceivers\/qsfp\/40g-qsfp\/407-bbql\/\" \/>\n<meta property=\"og:site_name\" content=\"Carritech Optics\" \/>\n<meta property=\"article:modified_time\" content=\"2026-03-12T12:14:06+00:00\" \/>\n<meta property=\"og:image\" content=\"https:\/\/optics.carritech.com\/wp-content\/uploads\/2024\/11\/CT-QSFPSRBD-1.png\" \/>\n\t<meta property=\"og:image:width\" content=\"1200\" \/>\n\t<meta property=\"og:image:height\" content=\"1200\" \/>\n\t<meta property=\"og:image:type\" content=\"image\/png\" \/>\n<meta name=\"twitter:card\" content=\"summary_large_image\" \/>\n<meta name=\"twitter:label1\" content=\"Dur\u00e9e de lecture estim\u00e9e\" \/>\n\t<meta name=\"twitter:data1\" content=\"3 minutes\" \/>\n<script type=\"application\/ld+json\" class=\"yoast-schema-graph\">{\"@context\":\"https:\/\/schema.org\",\"@graph\":[{\"@type\":\"WebPage\",\"@id\":\"https:\/\/optics.carritech.com\/optical-transceivers\/optical-transceivers\/qsfp\/40g-qsfp\/407-bbql\/\",\"url\":\"https:\/\/optics.carritech.com\/optical-transceivers\/optical-transceivers\/qsfp\/40g-qsfp\/407-bbql\/\",\"name\":\"Dell 407-BBQL Compatible QSFP 40G SRBD QSFP+ 100M\",\"isPartOf\":{\"@id\":\"https:\/\/optics.carritech.com\/#website\"},\"primaryImageOfPage\":{\"@id\":\"https:\/\/optics.carritech.com\/optical-transceivers\/optical-transceivers\/qsfp\/40g-qsfp\/407-bbql\/#primaryimage\"},\"image\":{\"@id\":\"https:\/\/optics.carritech.com\/optical-transceivers\/optical-transceivers\/qsfp\/40g-qsfp\/407-bbql\/#primaryimage\"},\"thumbnailUrl\":\"https:\/\/optics.carritech.com\/wp-content\/uploads\/2024\/11\/CT-QSFPSRBD-1.png\",\"datePublished\":\"2026-01-16T11:45:24+00:00\",\"dateModified\":\"2026-03-12T12:14:06+00:00\",\"description\":\"Dell 407-BBQL Compatible QSFP-40G-SRBD QSFP+ BiDi 100M Optical Transceiver. Lifetime Warranty. In Stock & Available Immediately.\",\"breadcrumb\":{\"@id\":\"https:\/\/optics.carritech.com\/optical-transceivers\/optical-transceivers\/qsfp\/40g-qsfp\/407-bbql\/#breadcrumb\"},\"inLanguage\":\"fr-FR\",\"potentialAction\":[{\"@type\":\"ReadAction\",\"target\":[\"https:\/\/optics.carritech.com\/optical-transceivers\/optical-transceivers\/qsfp\/40g-qsfp\/407-bbql\/\"]}]},{\"@type\":\"ImageObject\",\"inLanguage\":\"fr-FR\",\"@id\":\"https:\/\/optics.carritech.com\/optical-transceivers\/optical-transceivers\/qsfp\/40g-qsfp\/407-bbql\/#primaryimage\",\"url\":\"https:\/\/optics.carritech.com\/wp-content\/uploads\/2024\/11\/CT-QSFPSRBD-1.png\",\"contentUrl\":\"https:\/\/optics.carritech.com\/wp-content\/uploads\/2024\/11\/CT-QSFPSRBD-1.png\",\"width\":1200,\"height\":1200,\"caption\":\"40GBASE-SRBD SWDM4 QSFP+ BiDi 850\/880\/910\/940nm 300m DOM Duplex LC\/UPC MMF Optical Transceiver Module\"},{\"@type\":\"BreadcrumbList\",\"@id\":\"https:\/\/optics.carritech.com\/optical-transceivers\/optical-transceivers\/qsfp\/40g-qsfp\/407-bbql\/#breadcrumb\",\"itemListElement\":[{\"@type\":\"ListItem\",\"position\":1,\"name\":\"Home\",\"item\":\"https:\/\/optics.carritech.com\/\"},{\"@type\":\"ListItem\",\"position\":2,\"name\":\"Optical Transceivers\",\"item\":\"https:\/\/optics.carritech.com\/optical-transceivers\/\"},{\"@type\":\"ListItem\",\"position\":3,\"name\":\"407-BBQL\"}]},{\"@type\":\"WebSite\",\"@id\":\"https:\/\/optics.carritech.com\/#website\",\"url\":\"https:\/\/optics.carritech.com\/\",\"name\":\"Carritech Optics\",\"description\":\"High Quality Optical Transceivers\",\"publisher\":{\"@id\":\"https:\/\/optics.carritech.com\/#organization\"},\"alternateName\":\"Carritech Optics\",\"potentialAction\":[{\"@type\":\"SearchAction\",\"target\":{\"@type\":\"EntryPoint\",\"urlTemplate\":\"https:\/\/optics.carritech.com\/?s={search_term_string}\"},\"query-input\":{\"@type\":\"PropertyValueSpecification\",\"valueRequired\":true,\"valueName\":\"search_term_string\"}}],\"inLanguage\":\"fr-FR\"},{\"@type\":\"Organization\",\"@id\":\"https:\/\/optics.carritech.com\/#organization\",\"name\":\"Carritech Optics\",\"url\":\"https:\/\/optics.carritech.com\/\",\"logo\":{\"@type\":\"ImageObject\",\"inLanguage\":\"fr-FR\",\"@id\":\"https:\/\/optics.carritech.com\/#\/schema\/logo\/image\/\",\"url\":\"https:\/\/optics.carritech.com\/wp-content\/uploads\/2024\/11\/Carritech-optics.png\",\"contentUrl\":\"https:\/\/optics.carritech.com\/wp-content\/uploads\/2024\/11\/Carritech-optics.png\",\"width\":2048,\"height\":681,\"caption\":\"Carritech Optics\"},\"image\":{\"@id\":\"https:\/\/optics.carritech.com\/#\/schema\/logo\/image\/\"}}]}<\/script>\n<!-- \/ Yoast SEO Premium plugin. -->","yoast_head_json":{"title":"Dell 407-BBQL Compatible QSFP 40G SRBD QSFP+ 100M","description":"Dell 407-BBQL Compatible QSFP-40G-SRBD QSFP+ BiDi 100M Optical Transceiver. Lifetime Warranty. In Stock & Available Immediately.","robots":{"index":"index","follow":"follow","max-snippet":"max-snippet:-1","max-image-preview":"max-image-preview:large","max-video-preview":"max-video-preview:-1"},"canonical":"https:\/\/optics.carritech.com\/fr\/optical-transceivers\/optical-transceivers\/qsfp\/40g-qsfp\/407-bbql\/","og_locale":"fr_FR","og_type":"article","og_title":"407-BBQL","og_description":"Dell 407-BBQL Compatible QSFP-40G-SRBD QSFP+ BiDi 100M Optical Transceiver. Lifetime Warranty. In Stock & Available Immediately.","og_url":"https:\/\/optics.carritech.com\/fr\/optical-transceivers\/optical-transceivers\/qsfp\/40g-qsfp\/407-bbql\/","og_site_name":"Carritech Optics","article_modified_time":"2026-03-12T12:14:06+00:00","og_image":[{"width":1200,"height":1200,"url":"https:\/\/optics.carritech.com\/wp-content\/uploads\/2024\/11\/CT-QSFPSRBD-1.png","type":"image\/png"}],"twitter_card":"summary_large_image","twitter_misc":{"Dur\u00e9e de lecture estim\u00e9e":"3 minutes"},"schema":{"@context":"https:\/\/schema.org","@graph":[{"@type":"WebPage","@id":"https:\/\/optics.carritech.com\/optical-transceivers\/optical-transceivers\/qsfp\/40g-qsfp\/407-bbql\/","url":"https:\/\/optics.carritech.com\/optical-transceivers\/optical-transceivers\/qsfp\/40g-qsfp\/407-bbql\/","name":"Dell 407-BBQL Compatible QSFP 40G SRBD QSFP+ 100M","isPartOf":{"@id":"https:\/\/optics.carritech.com\/#website"},"primaryImageOfPage":{"@id":"https:\/\/optics.carritech.com\/optical-transceivers\/optical-transceivers\/qsfp\/40g-qsfp\/407-bbql\/#primaryimage"},"image":{"@id":"https:\/\/optics.carritech.com\/optical-transceivers\/optical-transceivers\/qsfp\/40g-qsfp\/407-bbql\/#primaryimage"},"thumbnailUrl":"https:\/\/optics.carritech.com\/wp-content\/uploads\/2024\/11\/CT-QSFPSRBD-1.png","datePublished":"2026-01-16T11:45:24+00:00","dateModified":"2026-03-12T12:14:06+00:00","description":"Dell 407-BBQL Compatible QSFP-40G-SRBD QSFP+ BiDi 100M Optical Transceiver. Lifetime Warranty. In Stock & Available Immediately.","breadcrumb":{"@id":"https:\/\/optics.carritech.com\/optical-transceivers\/optical-transceivers\/qsfp\/40g-qsfp\/407-bbql\/#breadcrumb"},"inLanguage":"fr-FR","potentialAction":[{"@type":"ReadAction","target":["https:\/\/optics.carritech.com\/optical-transceivers\/optical-transceivers\/qsfp\/40g-qsfp\/407-bbql\/"]}]},{"@type":"ImageObject","inLanguage":"fr-FR","@id":"https:\/\/optics.carritech.com\/optical-transceivers\/optical-transceivers\/qsfp\/40g-qsfp\/407-bbql\/#primaryimage","url":"https:\/\/optics.carritech.com\/wp-content\/uploads\/2024\/11\/CT-QSFPSRBD-1.png","contentUrl":"https:\/\/optics.carritech.com\/wp-content\/uploads\/2024\/11\/CT-QSFPSRBD-1.png","width":1200,"height":1200,"caption":"40GBASE-SRBD SWDM4 QSFP+ BiDi 850\/880\/910\/940nm 300m DOM Duplex LC\/UPC MMF Optical Transceiver Module"},{"@type":"BreadcrumbList","@id":"https:\/\/optics.carritech.com\/optical-transceivers\/optical-transceivers\/qsfp\/40g-qsfp\/407-bbql\/#breadcrumb","itemListElement":[{"@type":"ListItem","position":1,"name":"Home","item":"https:\/\/optics.carritech.com\/"},{"@type":"ListItem","position":2,"name":"Optical Transceivers","item":"https:\/\/optics.carritech.com\/optical-transceivers\/"},{"@type":"ListItem","position":3,"name":"407-BBQL"}]},{"@type":"WebSite","@id":"https:\/\/optics.carritech.com\/#website","url":"https:\/\/optics.carritech.com\/","name":"Carritech Optics","description":"High Quality Optical Transceivers","publisher":{"@id":"https:\/\/optics.carritech.com\/#organization"},"alternateName":"Carritech Optics","potentialAction":[{"@type":"SearchAction","target":{"@type":"EntryPoint","urlTemplate":"https:\/\/optics.carritech.com\/?s={search_term_string}"},"query-input":{"@type":"PropertyValueSpecification","valueRequired":true,"valueName":"search_term_string"}}],"inLanguage":"fr-FR"},{"@type":"Organization","@id":"https:\/\/optics.carritech.com\/#organization","name":"Carritech Optics","url":"https:\/\/optics.carritech.com\/","logo":{"@type":"ImageObject","inLanguage":"fr-FR","@id":"https:\/\/optics.carritech.com\/#\/schema\/logo\/image\/","url":"https:\/\/optics.carritech.com\/wp-content\/uploads\/2024\/11\/Carritech-optics.png","contentUrl":"https:\/\/optics.carritech.com\/wp-content\/uploads\/2024\/11\/Carritech-optics.png","width":2048,"height":681,"caption":"Carritech Optics"},"image":{"@id":"https:\/\/optics.carritech.com\/#\/schema\/logo\/image\/"}}]}},"_links":{"self":[{"href":"https:\/\/optics.carritech.com\/fr\/wp-json\/wp\/v2\/product\/4952","targetHints":{"allow":["GET"]}}],"collection":[{"href":"https:\/\/optics.carritech.com\/fr\/wp-json\/wp\/v2\/product"}],"about":[{"href":"https:\/\/optics.carritech.com\/fr\/wp-json\/wp\/v2\/types\/product"}],"replies":[{"embeddable":true,"href":"https:\/\/optics.carritech.com\/fr\/wp-json\/wp\/v2\/comments?post=4952"}],"wp:featuredmedia":[{"embeddable":true,"href":"https:\/\/optics.carritech.com\/fr\/wp-json\/wp\/v2\/media\/4416"}],"wp:attachment":[{"href":"https:\/\/optics.carritech.com\/fr\/wp-json\/wp\/v2\/media?parent=4952"}],"wp:term":[{"taxonomy":"product_brand","embeddable":true,"href":"https:\/\/optics.carritech.com\/fr\/wp-json\/wp\/v2\/product_brand?post=4952"},{"taxonomy":"product_cat","embeddable":true,"href":"https:\/\/optics.carritech.com\/fr\/wp-json\/wp\/v2\/product_cat?post=4952"},{"taxonomy":"product_tag","embeddable":true,"href":"https:\/\/optics.carritech.com\/fr\/wp-json\/wp\/v2\/product_tag?post=4952"}],"curies":[{"name":"wp","href":"https:\/\/api.w.org\/{rel}","templated":true}]}}