{"id":4980,"date":"2026-01-16T14:17:25","date_gmt":"2026-01-16T14:17:25","guid":{"rendered":"https:\/\/optics.carritech.com\/?post_type=product&#038;p=4980"},"modified":"2026-03-12T12:13:20","modified_gmt":"2026-03-12T12:13:20","slug":"qsfp-dd-800g-sr8","status":"publish","type":"product","link":"https:\/\/optics.carritech.com\/fr\/optical-transceivers\/optical-transceivers\/osfp\/800g-osfp\/qsfp-dd-800g-sr8\/","title":{"rendered":"QSFP-DD-800G-SR8"},"content":{"rendered":"<p><strong>800G OSFP SR8 850NM 50M MPO<\/strong><\/p>\n<p>Le module \u00e9metteur-r\u00e9cepteur optique 800GBASE-SR8 QSFP-DD est con\u00e7u pour la transmission de donn\u00e9es \u00e0 haut d\u00e9bit, offrant un support pour des distances de liaison allant jusqu'\u00e0 50 m\u00e8tres sur fibre multimode (MMF) via des connecteurs MTP\/MPO-16. Il est conforme aux normes industrielles, notamment IEEE 802.3ck, CMIS 5.0 et QSFP-DD MSA. \u00c9quip\u00e9 d'un syst\u00e8me de surveillance des diagnostics num\u00e9riques (DDM), il fournit des informations en temps r\u00e9el sur les conditions de fonctionnement. Cet \u00e9metteur-r\u00e9cepteur est une solution id\u00e9ale pour les applications Ethernet 800G.<\/p>","protected":false},"excerpt":{"rendered":"<ul>\n<li>Facteur de forme OSFP enfichable \u00e0 chaud avec un couvercle ferm\u00e9 et un dissipateur thermique int\u00e9gr\u00e9<\/li>\n<li>Longueur de liaison maximale de 100m sur fibre OM4 avec FEC<\/li>\n<li>Alimentation unique +3,3V<\/li>\n<li>Dissipation de puissance &lt; 14W<\/li>\n<li>Temp\u00e9rature de fonctionnement du bo\u00eetier<\/li>\n<li>Commercial : 0\u00b0C \u00e0 +70 \u00b0C<\/li>\n<li>Connecteur double MPO-12 APC<\/li>\n<li>Conforme \u00e0 la directive RoHS<\/li>\n<\/ul>","protected":false},"featured_media":2463,"comment_status":"closed","ping_status":"closed","template":"","meta":{"_acf_changed":false},"product_brand":[],"product_cat":[99,17,98],"product_tag":[93,94,247,215],"class_list":{"0":"post-4980","1":"product","2":"type-product","3":"status-publish","4":"has-post-thumbnail","6":"product_cat-800g-osfp","7":"product_cat-optical-transceivers","8":"product_cat-osfp","9":"product_tag-200g-400g-qsfp-dd","10":"product_tag-800g-osfp","11":"product_tag-compatible","12":"product_tag-exc","14":"first","15":"instock","16":"featured","17":"shipping-taxable","18":"purchasable","19":"product-type-simple"},"acf":[],"yoast_head":"<!-- This site is optimized with the Yoast SEO Premium plugin v26.8 (Yoast SEO v26.8) - https:\/\/yoast.com\/product\/yoast-seo-premium-wordpress\/ -->\n<title>Cisco QSFP-DD-800G-SR8 Compatible 800G OSFP SR8<\/title>\n<meta name=\"description\" content=\"Cisco QSFP-DD-800G-SR8 Compatible 800G OSFP SR8 Optical Transceivers from Carritech Optics. Lifetime Warranty. In Stock &amp; Available.\" \/>\n<meta name=\"robots\" content=\"index, follow, max-snippet:-1, max-image-preview:large, max-video-preview:-1\" \/>\n<link rel=\"canonical\" href=\"https:\/\/optics.carritech.com\/fr\/optical-transceivers\/optical-transceivers\/osfp\/800g-osfp\/qsfp-dd-800g-sr8\/\" \/>\n<meta property=\"og:locale\" content=\"fr_FR\" \/>\n<meta property=\"og:type\" content=\"article\" \/>\n<meta property=\"og:title\" content=\"QSFP-DD-800G-SR8\" \/>\n<meta property=\"og:description\" content=\"Cisco QSFP-DD-800G-SR8 Compatible 800G OSFP SR8 Optical Transceivers from Carritech Optics. Lifetime Warranty. In Stock &amp; Available.\" \/>\n<meta property=\"og:url\" content=\"https:\/\/optics.carritech.com\/fr\/optical-transceivers\/optical-transceivers\/osfp\/800g-osfp\/qsfp-dd-800g-sr8\/\" \/>\n<meta property=\"og:site_name\" content=\"Carritech Optics\" \/>\n<meta property=\"article:modified_time\" content=\"2026-03-12T12:13:20+00:00\" \/>\n<meta property=\"og:image\" content=\"https:\/\/optics.carritech.com\/wp-content\/uploads\/2025\/01\/800G-OSFP.png\" \/>\n\t<meta property=\"og:image:width\" content=\"800\" \/>\n\t<meta property=\"og:image:height\" content=\"800\" \/>\n\t<meta property=\"og:image:type\" content=\"image\/png\" \/>\n<meta name=\"twitter:card\" content=\"summary_large_image\" \/>\n<meta name=\"twitter:label1\" content=\"Dur\u00e9e de lecture estim\u00e9e\" \/>\n\t<meta name=\"twitter:data1\" content=\"2 minutes\" \/>\n<script type=\"application\/ld+json\" class=\"yoast-schema-graph\">{\"@context\":\"https:\/\/schema.org\",\"@graph\":[{\"@type\":\"WebPage\",\"@id\":\"https:\/\/optics.carritech.com\/optical-transceivers\/optical-transceivers\/osfp\/800g-osfp\/qsfp-dd-800g-sr8\/\",\"url\":\"https:\/\/optics.carritech.com\/optical-transceivers\/optical-transceivers\/osfp\/800g-osfp\/qsfp-dd-800g-sr8\/\",\"name\":\"Cisco QSFP-DD-800G-SR8 Compatible 800G OSFP SR8\",\"isPartOf\":{\"@id\":\"https:\/\/optics.carritech.com\/#website\"},\"primaryImageOfPage\":{\"@id\":\"https:\/\/optics.carritech.com\/optical-transceivers\/optical-transceivers\/osfp\/800g-osfp\/qsfp-dd-800g-sr8\/#primaryimage\"},\"image\":{\"@id\":\"https:\/\/optics.carritech.com\/optical-transceivers\/optical-transceivers\/osfp\/800g-osfp\/qsfp-dd-800g-sr8\/#primaryimage\"},\"thumbnailUrl\":\"https:\/\/optics.carritech.com\/wp-content\/uploads\/2025\/01\/800G-OSFP.png\",\"datePublished\":\"2026-01-16T14:17:25+00:00\",\"dateModified\":\"2026-03-12T12:13:20+00:00\",\"description\":\"Cisco QSFP-DD-800G-SR8 Compatible 800G OSFP SR8 Optical Transceivers from Carritech Optics. Lifetime Warranty. In Stock & Available.\",\"breadcrumb\":{\"@id\":\"https:\/\/optics.carritech.com\/optical-transceivers\/optical-transceivers\/osfp\/800g-osfp\/qsfp-dd-800g-sr8\/#breadcrumb\"},\"inLanguage\":\"fr-FR\",\"potentialAction\":[{\"@type\":\"ReadAction\",\"target\":[\"https:\/\/optics.carritech.com\/optical-transceivers\/optical-transceivers\/osfp\/800g-osfp\/qsfp-dd-800g-sr8\/\"]}]},{\"@type\":\"ImageObject\",\"inLanguage\":\"fr-FR\",\"@id\":\"https:\/\/optics.carritech.com\/optical-transceivers\/optical-transceivers\/osfp\/800g-osfp\/qsfp-dd-800g-sr8\/#primaryimage\",\"url\":\"https:\/\/optics.carritech.com\/wp-content\/uploads\/2025\/01\/800G-OSFP.png\",\"contentUrl\":\"https:\/\/optics.carritech.com\/wp-content\/uploads\/2025\/01\/800G-OSFP.png\",\"width\":800,\"height\":800,\"caption\":\"800G-OSFP-Optical-Transceiver\"},{\"@type\":\"BreadcrumbList\",\"@id\":\"https:\/\/optics.carritech.com\/optical-transceivers\/optical-transceivers\/osfp\/800g-osfp\/qsfp-dd-800g-sr8\/#breadcrumb\",\"itemListElement\":[{\"@type\":\"ListItem\",\"position\":1,\"name\":\"Home\",\"item\":\"https:\/\/optics.carritech.com\/\"},{\"@type\":\"ListItem\",\"position\":2,\"name\":\"Optical Transceivers\",\"item\":\"https:\/\/optics.carritech.com\/optical-transceivers\/\"},{\"@type\":\"ListItem\",\"position\":3,\"name\":\"QSFP-DD-800G-SR8\"}]},{\"@type\":\"WebSite\",\"@id\":\"https:\/\/optics.carritech.com\/#website\",\"url\":\"https:\/\/optics.carritech.com\/\",\"name\":\"Carritech Optics\",\"description\":\"High Quality Optical Transceivers\",\"publisher\":{\"@id\":\"https:\/\/optics.carritech.com\/#organization\"},\"alternateName\":\"Carritech Optics\",\"potentialAction\":[{\"@type\":\"SearchAction\",\"target\":{\"@type\":\"EntryPoint\",\"urlTemplate\":\"https:\/\/optics.carritech.com\/?s={search_term_string}\"},\"query-input\":{\"@type\":\"PropertyValueSpecification\",\"valueRequired\":true,\"valueName\":\"search_term_string\"}}],\"inLanguage\":\"fr-FR\"},{\"@type\":\"Organization\",\"@id\":\"https:\/\/optics.carritech.com\/#organization\",\"name\":\"Carritech Optics\",\"url\":\"https:\/\/optics.carritech.com\/\",\"logo\":{\"@type\":\"ImageObject\",\"inLanguage\":\"fr-FR\",\"@id\":\"https:\/\/optics.carritech.com\/#\/schema\/logo\/image\/\",\"url\":\"https:\/\/optics.carritech.com\/wp-content\/uploads\/2024\/11\/Carritech-optics.png\",\"contentUrl\":\"https:\/\/optics.carritech.com\/wp-content\/uploads\/2024\/11\/Carritech-optics.png\",\"width\":2048,\"height\":681,\"caption\":\"Carritech Optics\"},\"image\":{\"@id\":\"https:\/\/optics.carritech.com\/#\/schema\/logo\/image\/\"}}]}<\/script>\n<!-- \/ Yoast SEO Premium plugin. -->","yoast_head_json":{"title":"Cisco QSFP-DD-800G-SR8 Compatible 800G OSFP SR8","description":"Cisco QSFP-DD-800G-SR8 Compatible 800G OSFP SR8 Optical Transceivers from Carritech Optics. Lifetime Warranty. In Stock & Available.","robots":{"index":"index","follow":"follow","max-snippet":"max-snippet:-1","max-image-preview":"max-image-preview:large","max-video-preview":"max-video-preview:-1"},"canonical":"https:\/\/optics.carritech.com\/fr\/optical-transceivers\/optical-transceivers\/osfp\/800g-osfp\/qsfp-dd-800g-sr8\/","og_locale":"fr_FR","og_type":"article","og_title":"QSFP-DD-800G-SR8","og_description":"Cisco QSFP-DD-800G-SR8 Compatible 800G OSFP SR8 Optical Transceivers from Carritech Optics. Lifetime Warranty. In Stock & Available.","og_url":"https:\/\/optics.carritech.com\/fr\/optical-transceivers\/optical-transceivers\/osfp\/800g-osfp\/qsfp-dd-800g-sr8\/","og_site_name":"Carritech Optics","article_modified_time":"2026-03-12T12:13:20+00:00","og_image":[{"width":800,"height":800,"url":"https:\/\/optics.carritech.com\/wp-content\/uploads\/2025\/01\/800G-OSFP.png","type":"image\/png"}],"twitter_card":"summary_large_image","twitter_misc":{"Dur\u00e9e de lecture estim\u00e9e":"2 minutes"},"schema":{"@context":"https:\/\/schema.org","@graph":[{"@type":"WebPage","@id":"https:\/\/optics.carritech.com\/optical-transceivers\/optical-transceivers\/osfp\/800g-osfp\/qsfp-dd-800g-sr8\/","url":"https:\/\/optics.carritech.com\/optical-transceivers\/optical-transceivers\/osfp\/800g-osfp\/qsfp-dd-800g-sr8\/","name":"Cisco QSFP-DD-800G-SR8 Compatible 800G OSFP SR8","isPartOf":{"@id":"https:\/\/optics.carritech.com\/#website"},"primaryImageOfPage":{"@id":"https:\/\/optics.carritech.com\/optical-transceivers\/optical-transceivers\/osfp\/800g-osfp\/qsfp-dd-800g-sr8\/#primaryimage"},"image":{"@id":"https:\/\/optics.carritech.com\/optical-transceivers\/optical-transceivers\/osfp\/800g-osfp\/qsfp-dd-800g-sr8\/#primaryimage"},"thumbnailUrl":"https:\/\/optics.carritech.com\/wp-content\/uploads\/2025\/01\/800G-OSFP.png","datePublished":"2026-01-16T14:17:25+00:00","dateModified":"2026-03-12T12:13:20+00:00","description":"Cisco QSFP-DD-800G-SR8 Compatible 800G OSFP SR8 Optical Transceivers from Carritech Optics. Lifetime Warranty. In Stock & Available.","breadcrumb":{"@id":"https:\/\/optics.carritech.com\/optical-transceivers\/optical-transceivers\/osfp\/800g-osfp\/qsfp-dd-800g-sr8\/#breadcrumb"},"inLanguage":"fr-FR","potentialAction":[{"@type":"ReadAction","target":["https:\/\/optics.carritech.com\/optical-transceivers\/optical-transceivers\/osfp\/800g-osfp\/qsfp-dd-800g-sr8\/"]}]},{"@type":"ImageObject","inLanguage":"fr-FR","@id":"https:\/\/optics.carritech.com\/optical-transceivers\/optical-transceivers\/osfp\/800g-osfp\/qsfp-dd-800g-sr8\/#primaryimage","url":"https:\/\/optics.carritech.com\/wp-content\/uploads\/2025\/01\/800G-OSFP.png","contentUrl":"https:\/\/optics.carritech.com\/wp-content\/uploads\/2025\/01\/800G-OSFP.png","width":800,"height":800,"caption":"800G-OSFP-Optical-Transceiver"},{"@type":"BreadcrumbList","@id":"https:\/\/optics.carritech.com\/optical-transceivers\/optical-transceivers\/osfp\/800g-osfp\/qsfp-dd-800g-sr8\/#breadcrumb","itemListElement":[{"@type":"ListItem","position":1,"name":"Home","item":"https:\/\/optics.carritech.com\/"},{"@type":"ListItem","position":2,"name":"Optical Transceivers","item":"https:\/\/optics.carritech.com\/optical-transceivers\/"},{"@type":"ListItem","position":3,"name":"QSFP-DD-800G-SR8"}]},{"@type":"WebSite","@id":"https:\/\/optics.carritech.com\/#website","url":"https:\/\/optics.carritech.com\/","name":"Carritech Optics","description":"High Quality Optical Transceivers","publisher":{"@id":"https:\/\/optics.carritech.com\/#organization"},"alternateName":"Carritech Optics","potentialAction":[{"@type":"SearchAction","target":{"@type":"EntryPoint","urlTemplate":"https:\/\/optics.carritech.com\/?s={search_term_string}"},"query-input":{"@type":"PropertyValueSpecification","valueRequired":true,"valueName":"search_term_string"}}],"inLanguage":"fr-FR"},{"@type":"Organization","@id":"https:\/\/optics.carritech.com\/#organization","name":"Carritech Optics","url":"https:\/\/optics.carritech.com\/","logo":{"@type":"ImageObject","inLanguage":"fr-FR","@id":"https:\/\/optics.carritech.com\/#\/schema\/logo\/image\/","url":"https:\/\/optics.carritech.com\/wp-content\/uploads\/2024\/11\/Carritech-optics.png","contentUrl":"https:\/\/optics.carritech.com\/wp-content\/uploads\/2024\/11\/Carritech-optics.png","width":2048,"height":681,"caption":"Carritech Optics"},"image":{"@id":"https:\/\/optics.carritech.com\/#\/schema\/logo\/image\/"}}]}},"_links":{"self":[{"href":"https:\/\/optics.carritech.com\/fr\/wp-json\/wp\/v2\/product\/4980","targetHints":{"allow":["GET"]}}],"collection":[{"href":"https:\/\/optics.carritech.com\/fr\/wp-json\/wp\/v2\/product"}],"about":[{"href":"https:\/\/optics.carritech.com\/fr\/wp-json\/wp\/v2\/types\/product"}],"replies":[{"embeddable":true,"href":"https:\/\/optics.carritech.com\/fr\/wp-json\/wp\/v2\/comments?post=4980"}],"wp:featuredmedia":[{"embeddable":true,"href":"https:\/\/optics.carritech.com\/fr\/wp-json\/wp\/v2\/media\/2463"}],"wp:attachment":[{"href":"https:\/\/optics.carritech.com\/fr\/wp-json\/wp\/v2\/media?parent=4980"}],"wp:term":[{"taxonomy":"product_brand","embeddable":true,"href":"https:\/\/optics.carritech.com\/fr\/wp-json\/wp\/v2\/product_brand?post=4980"},{"taxonomy":"product_cat","embeddable":true,"href":"https:\/\/optics.carritech.com\/fr\/wp-json\/wp\/v2\/product_cat?post=4980"},{"taxonomy":"product_tag","embeddable":true,"href":"https:\/\/optics.carritech.com\/fr\/wp-json\/wp\/v2\/product_tag?post=4980"}],"curies":[{"name":"wp","href":"https:\/\/api.w.org\/{rel}","templated":true}]}}