{"id":4550,"date":"2025-09-19T09:48:37","date_gmt":"2025-09-19T09:48:37","guid":{"rendered":"https:\/\/optics.carritech.com\/privacy-statement-uk\/"},"modified":"2025-09-19T12:42:50","modified_gmt":"2025-09-19T12:42:50","slug":"privacy-statement-uk","status":"publish","type":"page","link":"https:\/\/optics.carritech.com\/it\/privacy-statement-uk\/","title":{"rendered":"Dichiarazione sulla privacy (Regno Unito)"},"content":{"rendered":"<div data-elementor-type=\"wp-page\" data-elementor-id=\"4550\" class=\"elementor elementor-4550\" data-elementor-post-type=\"page\">\n\t\t\t\t<div class=\"elementor-element elementor-element-6d48feaa e-flex e-con-boxed e-con e-parent\" data-id=\"6d48feaa\" data-element_type=\"container\" data-e-type=\"container\">\n\t\t\t\t\t<div class=\"e-con-inner\">\n\t\t<div class=\"elementor-element elementor-element-0ae75e0 e-con-full e-flex e-con e-child\" data-id=\"0ae75e0\" data-element_type=\"container\" data-e-type=\"container\">\n\t\t<div class=\"elementor-element elementor-element-a6c8063 e-con-full e-flex e-con e-child\" data-id=\"a6c8063\" data-element_type=\"container\" data-e-type=\"container\">\n\t\t\t\t<div class=\"elementor-element elementor-element-4da263c elementor-widget elementor-widget-heading\" data-id=\"4da263c\" data-element_type=\"widget\" data-e-type=\"widget\" data-widget_type=\"heading.default\">\n\t\t\t\t<div class=\"elementor-widget-container\">\n\t\t\t\t\t<h2 class=\"elementor-heading-title elementor-size-default\">Informativa sulla privacy<\/h2>\t\t\t\t<\/div>\n\t\t\t\t<\/div>\n\t\t\t\t<div class=\"elementor-element elementor-element-b49afcf elementor-widget elementor-widget-shortcode\" data-id=\"b49afcf\" data-element_type=\"widget\" data-e-type=\"widget\" data-widget_type=\"shortcode.default\">\n\t\t\t\t<div class=\"elementor-widget-container\">\n\t\t\t\t\t\t\t<div class=\"elementor-shortcode\">\n<!-- Legal document generated by Complianz | GDPR\/CCPA Cookie Consent https:\/\/wordpress.org\/plugins\/complianz-gdpr -->\n<div id=\"cmplz-document\" class=\"cmplz-document privacy-statement cmplz-document-uk\"><p><i>This privacy statement was last updated on Settembre 19, 2025 and applies to citizens and legal permanent residents of the United Kingdom.<\/i><br><br><\/p><p>In questa informativa sulla privacy, spieghiamo cosa facciamo con i dati che otteniamo su di voi tramite <a href=\"https:\/\/optics.carritech.com\/it\">https:\/\/optics.carritech.com\/it<\/a>. Vi consigliamo di leggere attentamente la presente informativa. Nel nostro trattamento rispettiamo i requisiti della legislazione sulla privacy. Ci\u00f2 significa, tra l'altro, che:<\/p><ul>\n                <li>dichiariamo chiaramente le finalit\u00e0 per cui trattiamo i dati personali. Ci\u00f2 avviene attraverso la presente dichiarazione sulla privacy;<\/li>\n                <li>ci proponiamo di limitare la raccolta di dati personali ai soli dati personali necessari per scopi legittimi;<\/li>\n                <li>chiediamo prima il vostro consenso esplicito per trattare i vostri dati personali nei casi che richiedono il vostro consenso;<\/li>\n                <li>adottiamo misure di sicurezza adeguate per proteggere i vostri dati personali e lo richiediamo anche alle parti che trattano i dati personali per nostro conto;<\/li>\n                <li>rispettiamo il vostro diritto di accedere ai vostri dati personali o di farli correggere o cancellare, su vostra richiesta.<\/li>\n            <\/ul><p>Se avete domande o volete sapere esattamente quali dati conserviamo su di voi, contattateci.<\/p><h2>1. Scopo, dati e periodo di conservazione<\/h2>Possiamo raccogliere o ricevere informazioni personali per una serie di scopi legati alle nostre operazioni commerciali che possono includere quanto segue: (clicca per espandere)<details class=\"cmplz-dropdown dropdown-privacy-statement\"><summary><div><h3>1.1 Contatto - Tramite telefono, posta, email e\/o moduli web<\/h3><\/div><\/summary><p class=\"cmplz-subtitle\">Per questo scopo utilizziamo i seguenti dati:<\/p><p><ul><li>Un nome e cognome<\/li><li>Un indirizzo e-mail<\/li><li>Un numero di telefono<\/li><li>Indirizzo IP<\/li><li>Dati geolocalizzazione<\/li><\/ul><\/p><p class=\"cmplz-subtitle\">La base con la quale elaboriamo i dati \u00e8:<\/p><p><a target=\"_blank\" rel=\"noopener noreferrer nofollow\" href=\"https:\/\/cookiedatabase.org\/legal-bases\/#consent\">A disposizione del consenso.<\/a><\/p><p class=\"cmplz-subtitle\">Periodo di conservazione<\/p><p>Conserviamo questi dati fino al termine del servizio.<\/p><\/details><details class=\"cmplz-dropdown dropdown-privacy-statement\"><summary><div><h3>1.2 Newsletter<\/h3><\/div><\/summary><p class=\"cmplz-subtitle\">Per questo scopo utilizziamo i seguenti dati:<\/p><p><ul><li>Un nome e cognome<\/li><li>Un indirizzo e-mail<\/li><li>Un numero di telefono<\/li><li>Indirizzo IP<\/li><li>Dati geolocalizzazione<\/li><\/ul><\/p><p class=\"cmplz-subtitle\">La base con la quale elaboriamo i dati \u00e8:<\/p><p><a target=\"_blank\" rel=\"noopener noreferrer nofollow\" href=\"https:\/\/cookiedatabase.org\/legal-bases\/#consent\">A disposizione del consenso.<\/a><\/p><p class=\"cmplz-subtitle\">Periodo di conservazione<\/p><p>Conserviamo questi dati fino al termine del servizio.<\/p><\/details><details class=\"cmplz-dropdown dropdown-privacy-statement\"><summary><div><h3>1.3 Per supportare servizi o prodotti che un cliente vuole o ha comprato<\/h3><\/div><\/summary><p class=\"cmplz-subtitle\">Per questo scopo utilizziamo i seguenti dati:<\/p><p><ul><li>Un nome e cognome<\/li><li>Un indirizzo e-mail<\/li><li>Un numero di telefono<\/li><li>Indirizzo IP<\/li><li>Dati geolocalizzazione<\/li><\/ul><\/p><p class=\"cmplz-subtitle\">La base con la quale elaboriamo i dati \u00e8:<\/p><p><a target=\"_blank\" rel=\"noopener noreferrer nofollow\" href=\"https:\/\/cookiedatabase.org\/legal-bases\/#consent\">A disposizione del consenso.<\/a><\/p><p class=\"cmplz-subtitle\">Periodo di conservazione<\/p><p>Conserviamo questi dati fino al termine del servizio.<\/p><\/details><details class=\"cmplz-dropdown dropdown-privacy-statement\"><summary><div><h3>1.4 Per essere in grado di rispettare gli obblighi legali<\/h3><\/div><\/summary><p class=\"cmplz-subtitle\">Per questo scopo utilizziamo i seguenti dati:<\/p><p><ul><li>Un nome e cognome<\/li><li>Un indirizzo e-mail<\/li><li>Un numero di telefono<\/li><li>Indirizzo IP<\/li><li>Dati geolocalizzazione<\/li><\/ul><\/p><p class=\"cmplz-subtitle\">La base con la quale elaboriamo i dati \u00e8:<\/p><p><a target=\"_blank\" rel=\"noopener noreferrer nofollow\" href=\"https:\/\/cookiedatabase.org\/legal-bases\/#consent\">A disposizione del consenso.<\/a><\/p><p class=\"cmplz-subtitle\">Periodo di conservazione<\/p><p>Conserviamo questi dati fino al termine del servizio.<\/p><\/details><details class=\"cmplz-dropdown dropdown-privacy-statement\"><summary><div><h3>1.5 Compilazione ed analisi di statistiche per migliorare il sito.<\/h3><\/div><\/summary><p class=\"cmplz-subtitle\">Per questo scopo utilizziamo i seguenti dati:<\/p><p><ul><li>Un nome e cognome<\/li><li>Un indirizzo e-mail<\/li><li>Un numero di telefono<\/li><li>Indirizzo IP<\/li><li>Dati geolocalizzazione<\/li><\/ul><\/p><p class=\"cmplz-subtitle\">La base con la quale elaboriamo i dati \u00e8:<\/p><p><a target=\"_blank\" rel=\"noopener noreferrer nofollow\" href=\"https:\/\/cookiedatabase.org\/legal-bases\/#consent\">A disposizione del consenso.<\/a><\/p><p class=\"cmplz-subtitle\">Periodo di conservazione<\/p><p>Conserviamo questi dati fino al termine del servizio.<\/p><\/details><h2>2. I biscotti<\/h2><p>Il nostro sito web utilizza i cookie. Per ulteriori informazioni sui cookie, consultare il nostro sito web <a href=\"https:\/\/optics.carritech.com\/it\/cookie-policy-uk\/\">Informativa sui cookie<\/a>.&nbsp;<\/p><h2>3. Pratiche di divulgazione<\/h2><p><p>Divulghiamo le informazioni personali se ci viene richiesto dalla legge o da un ordine del tribunale, in risposta a un'agenzia di polizia, nella misura consentita da altre disposizioni di legge, per fornire informazioni o per un'indagine su una questione relativa alla sicurezza pubblica.<\/p><p>Se il nostro sito web o la nostra organizzazione viene rilevata, venduta o coinvolta in una fusione o acquisizione, i vostri dati potranno essere comunicati ai nostri consulenti e a eventuali potenziali acquirenti e saranno trasmessi ai nuovi proprietari.<\/p><\/p><p>Abbiamo stipulato un accordo per l'elaborazione dei dati con Google.<\/p><p>Google non pu\u00f2 utilizzare i dati per altri servizi di Google.<\/p><p>L'inclusione di indirizzi IP completi \u00e8 da noi bloccata.<\/p><h2>4. La sicurezza<\/h2><p>Ci impegniamo a garantire la sicurezza dei dati personali. Adottiamo misure di sicurezza adeguate per limitare l'abuso e l'accesso non autorizzato ai dati personali. In questo modo garantiamo che solo le persone necessarie abbiano accesso ai vostri dati, che l'accesso ai dati sia protetto e che le nostre misure di sicurezza siano riviste regolarmente.<\/p><h2>5. Siti web di terzi<\/h2><p>La presente informativa sulla privacy non si applica ai siti web di terzi collegati tramite link al nostro sito. Non possiamo garantire che queste terze parti trattino i vostri dati personali in modo affidabile o sicuro. Vi consigliamo di leggere le dichiarazioni sulla privacy di questi siti web prima di utilizzarli.<\/p><h2>6. Modifiche alla presente informativa sulla privacy<\/h2><p>Ci riserviamo il diritto di apportare modifiche alla presente informativa sulla privacy. Si consiglia di consultare regolarmente la presente informativa sulla privacy per essere al corrente di eventuali modifiche. Inoltre, vi informeremo attivamente ogni volta che sar\u00e0 possibile.<\/p><h2>7. Accesso e modifica dei dati<\/h2><p>Se avete domande o volete sapere quali dati personali vi riguardano, contattateci. Potete contattarci utilizzando le informazioni riportate di seguito. Avete i seguenti diritti:<\/p><ul>\n                <li>Avete il diritto di sapere perch\u00e9 i vostri dati personali sono necessari, che fine faranno e per quanto tempo saranno conservati.<\/li>\n                <li>Diritto di accesso: L'utente ha il diritto di accedere ai propri dati personali di cui \u00e8 a conoscenza.<\/li>\n                <li>Diritto di rettifica: avete il diritto di integrare, rettificare, far cancellare o bloccare i vostri dati personali ogni volta che lo desiderate.<\/li>\n                <li>Se ci avete dato il consenso al trattamento dei vostri dati, avete il diritto di revocare tale consenso e di far cancellare i vostri dati personali.<\/li>\n                <li>Diritto di trasferimento dei dati: l'utente ha il diritto di richiedere tutti i suoi dati personali al responsabile del trattamento e di trasferirli integralmente a un altro responsabile del trattamento.<\/li>\n                <li>Diritto di opposizione: potete opporvi al trattamento dei vostri dati. Noi lo rispettiamo, a meno che non vi siano motivi giustificati per il trattamento.<\/li>\n            <\/ul><p>Assicuratevi di indicare sempre chiaramente chi siete, in modo da essere certi di non modificare o cancellare i dati della persona sbagliata.<\/p><h2>8. Presentazione di un reclamo<\/h2><p>Se non siete soddisfatti del modo in cui gestiamo (un reclamo) il trattamento dei vostri dati personali, avete il diritto di presentare un reclamo all'Information Commissioner's Office:<\/p><p><br>Casa Wycliffe<br>\n                        Corsia d'acqua<br>\n                        Wilmslow<br>\n                        Cheshire<br>\n                        SK9 5AF<\/p><h2>9. I bambini<\/h2><p>Il nostro sito web non \u00e8 progettato per attirare i bambini e non \u00e8 nostra intenzione raccogliere dati personali da bambini al di sotto dell'et\u00e0 del consenso nel loro paese di residenza. Pertanto, chiediamo che i bambini al di sotto dell'et\u00e0 del consenso non ci inviino alcun dato personale.<\/p><h2>10. Dettagli di contatto<\/h2><p>Carritech Limited<br>\n        Unit\u00e0 8-12 Holmes Hill Estate<br \/>\nCollina di Holmes<br \/>\nLewes<br \/>\nSussex orientale<br \/>\nBN8 6JA<br>\n        Regno Unito<br>\n        Sito web: <a href=\"https:\/\/optics.carritech.com\/it\">https:\/\/optics.carritech.com\/it<\/a> <br>\n        E-mail: <span class=\"cmplz-obfuscate\">co&#110;&#116;ac&#116;@<span class=\"cmplz-fmail-domain\">&#101;&#120;&#046;co&#109;<\/span>&#099;ar&#114;&#105;&#116;&#101;&#099;h&#046;&#099;om<\/span> <br>\n        Numero di telefono: 02030061170<\/p><\/div><\/div>\n\t\t\t\t\t\t<\/div>\n\t\t\t\t<\/div>\n\t\t\t\t<\/div>\n\t\t\t\t<\/div>\n\t\t\t\t\t<\/div>\n\t\t\t\t<\/div>\n\t\t\t\t<\/div>","protected":false},"excerpt":{"rendered":"<p>Informativa sulla privacy<\/p>","protected":false},"author":1,"featured_media":0,"parent":0,"menu_order":0,"comment_status":"closed","ping_status":"closed","template":"","meta":{"_acf_changed":false,"footnotes":""},"class_list":["post-4550","page","type-page","status-publish","hentry"],"acf":[],"yoast_head":"<!-- This site is optimized with the Yoast SEO Premium plugin v26.8 (Yoast SEO v26.8) - https:\/\/yoast.com\/product\/yoast-seo-premium-wordpress\/ -->\n<title>Privacy Statement (UK) | Carritech Optics<\/title>\n<meta name=\"robots\" content=\"index, follow, max-snippet:-1, max-image-preview:large, max-video-preview:-1\" \/>\n<link rel=\"canonical\" href=\"https:\/\/optics.carritech.com\/it\/privacy-statement-uk\/\" \/>\n<meta property=\"og:locale\" content=\"it_IT\" \/>\n<meta property=\"og:type\" content=\"article\" \/>\n<meta property=\"og:title\" content=\"Privacy Statement (UK)\" \/>\n<meta property=\"og:description\" content=\"Privacy Policy\" \/>\n<meta property=\"og:url\" content=\"https:\/\/optics.carritech.com\/it\/privacy-statement-uk\/\" \/>\n<meta property=\"og:site_name\" content=\"Carritech Optics\" \/>\n<meta property=\"article:modified_time\" content=\"2025-09-19T12:42:50+00:00\" \/>\n<meta name=\"twitter:card\" content=\"summary_large_image\" \/>\n<meta name=\"twitter:label1\" content=\"Tempo di lettura stimato\" \/>\n\t<meta name=\"twitter:data1\" content=\"1 minuto\" \/>\n<script type=\"application\/ld+json\" class=\"yoast-schema-graph\">{\"@context\":\"https:\/\/schema.org\",\"@graph\":[{\"@type\":\"WebPage\",\"@id\":\"https:\/\/optics.carritech.com\/privacy-statement-uk\/\",\"url\":\"https:\/\/optics.carritech.com\/privacy-statement-uk\/\",\"name\":\"Privacy Statement (UK) | Carritech Optics\",\"isPartOf\":{\"@id\":\"https:\/\/optics.carritech.com\/#website\"},\"datePublished\":\"2025-09-19T09:48:37+00:00\",\"dateModified\":\"2025-09-19T12:42:50+00:00\",\"breadcrumb\":{\"@id\":\"https:\/\/optics.carritech.com\/privacy-statement-uk\/#breadcrumb\"},\"inLanguage\":\"it-IT\",\"potentialAction\":[{\"@type\":\"ReadAction\",\"target\":[\"https:\/\/optics.carritech.com\/privacy-statement-uk\/\"]}]},{\"@type\":\"BreadcrumbList\",\"@id\":\"https:\/\/optics.carritech.com\/privacy-statement-uk\/#breadcrumb\",\"itemListElement\":[{\"@type\":\"ListItem\",\"position\":1,\"name\":\"Home\",\"item\":\"https:\/\/optics.carritech.com\/\"},{\"@type\":\"ListItem\",\"position\":2,\"name\":\"Privacy Statement (UK)\"}]},{\"@type\":\"WebSite\",\"@id\":\"https:\/\/optics.carritech.com\/#website\",\"url\":\"https:\/\/optics.carritech.com\/\",\"name\":\"Carritech Optics\",\"description\":\"High Quality Optical Transceivers\",\"publisher\":{\"@id\":\"https:\/\/optics.carritech.com\/#organization\"},\"alternateName\":\"Carritech Optics\",\"potentialAction\":[{\"@type\":\"SearchAction\",\"target\":{\"@type\":\"EntryPoint\",\"urlTemplate\":\"https:\/\/optics.carritech.com\/?s={search_term_string}\"},\"query-input\":{\"@type\":\"PropertyValueSpecification\",\"valueRequired\":true,\"valueName\":\"search_term_string\"}}],\"inLanguage\":\"it-IT\"},{\"@type\":\"Organization\",\"@id\":\"https:\/\/optics.carritech.com\/#organization\",\"name\":\"Carritech Optics\",\"url\":\"https:\/\/optics.carritech.com\/\",\"logo\":{\"@type\":\"ImageObject\",\"inLanguage\":\"it-IT\",\"@id\":\"https:\/\/optics.carritech.com\/#\/schema\/logo\/image\/\",\"url\":\"https:\/\/optics.carritech.com\/wp-content\/uploads\/2024\/11\/Carritech-optics.png\",\"contentUrl\":\"https:\/\/optics.carritech.com\/wp-content\/uploads\/2024\/11\/Carritech-optics.png\",\"width\":2048,\"height\":681,\"caption\":\"Carritech Optics\"},\"image\":{\"@id\":\"https:\/\/optics.carritech.com\/#\/schema\/logo\/image\/\"}}]}<\/script>\n<!-- \/ Yoast SEO Premium plugin. -->","yoast_head_json":{"title":"Privacy Statement (UK) | Carritech Optics","robots":{"index":"index","follow":"follow","max-snippet":"max-snippet:-1","max-image-preview":"max-image-preview:large","max-video-preview":"max-video-preview:-1"},"canonical":"https:\/\/optics.carritech.com\/it\/privacy-statement-uk\/","og_locale":"it_IT","og_type":"article","og_title":"Privacy Statement (UK)","og_description":"Privacy Policy","og_url":"https:\/\/optics.carritech.com\/it\/privacy-statement-uk\/","og_site_name":"Carritech Optics","article_modified_time":"2025-09-19T12:42:50+00:00","twitter_card":"summary_large_image","twitter_misc":{"Tempo di lettura stimato":"1 minuto"},"schema":{"@context":"https:\/\/schema.org","@graph":[{"@type":"WebPage","@id":"https:\/\/optics.carritech.com\/privacy-statement-uk\/","url":"https:\/\/optics.carritech.com\/privacy-statement-uk\/","name":"Privacy Statement (UK) | Carritech Optics","isPartOf":{"@id":"https:\/\/optics.carritech.com\/#website"},"datePublished":"2025-09-19T09:48:37+00:00","dateModified":"2025-09-19T12:42:50+00:00","breadcrumb":{"@id":"https:\/\/optics.carritech.com\/privacy-statement-uk\/#breadcrumb"},"inLanguage":"it-IT","potentialAction":[{"@type":"ReadAction","target":["https:\/\/optics.carritech.com\/privacy-statement-uk\/"]}]},{"@type":"BreadcrumbList","@id":"https:\/\/optics.carritech.com\/privacy-statement-uk\/#breadcrumb","itemListElement":[{"@type":"ListItem","position":1,"name":"Home","item":"https:\/\/optics.carritech.com\/"},{"@type":"ListItem","position":2,"name":"Privacy Statement (UK)"}]},{"@type":"WebSite","@id":"https:\/\/optics.carritech.com\/#website","url":"https:\/\/optics.carritech.com\/","name":"Ottica Carritech","description":"Ricetrasmettitori ottici di alta qualit\u00e0","publisher":{"@id":"https:\/\/optics.carritech.com\/#organization"},"alternateName":"Carritech Optics","potentialAction":[{"@type":"SearchAction","target":{"@type":"EntryPoint","urlTemplate":"https:\/\/optics.carritech.com\/?s={search_term_string}"},"query-input":{"@type":"PropertyValueSpecification","valueRequired":true,"valueName":"search_term_string"}}],"inLanguage":"it-IT"},{"@type":"Organization","@id":"https:\/\/optics.carritech.com\/#organization","name":"Ottica Carritech","url":"https:\/\/optics.carritech.com\/","logo":{"@type":"ImageObject","inLanguage":"it-IT","@id":"https:\/\/optics.carritech.com\/#\/schema\/logo\/image\/","url":"https:\/\/optics.carritech.com\/wp-content\/uploads\/2024\/11\/Carritech-optics.png","contentUrl":"https:\/\/optics.carritech.com\/wp-content\/uploads\/2024\/11\/Carritech-optics.png","width":2048,"height":681,"caption":"Carritech Optics"},"image":{"@id":"https:\/\/optics.carritech.com\/#\/schema\/logo\/image\/"}}]}},"_links":{"self":[{"href":"https:\/\/optics.carritech.com\/it\/wp-json\/wp\/v2\/pages\/4550","targetHints":{"allow":["GET"]}}],"collection":[{"href":"https:\/\/optics.carritech.com\/it\/wp-json\/wp\/v2\/pages"}],"about":[{"href":"https:\/\/optics.carritech.com\/it\/wp-json\/wp\/v2\/types\/page"}],"author":[{"embeddable":true,"href":"https:\/\/optics.carritech.com\/it\/wp-json\/wp\/v2\/users\/1"}],"replies":[{"embeddable":true,"href":"https:\/\/optics.carritech.com\/it\/wp-json\/wp\/v2\/comments?post=4550"}],"version-history":[{"count":3,"href":"https:\/\/optics.carritech.com\/it\/wp-json\/wp\/v2\/pages\/4550\/revisions"}],"predecessor-version":[{"id":4558,"href":"https:\/\/optics.carritech.com\/it\/wp-json\/wp\/v2\/pages\/4550\/revisions\/4558"}],"wp:attachment":[{"href":"https:\/\/optics.carritech.com\/it\/wp-json\/wp\/v2\/media?parent=4550"}],"curies":[{"name":"wp","href":"https:\/\/api.w.org\/{rel}","templated":true}]}}