{"id":3690,"date":"2025-09-01T13:44:07","date_gmt":"2025-09-01T13:44:07","guid":{"rendered":"https:\/\/optics.carritech.com\/?page_id=3690"},"modified":"2025-09-09T14:27:57","modified_gmt":"2025-09-09T14:27:57","slug":"accreditations","status":"publish","type":"page","link":"https:\/\/optics.carritech.com\/pt\/company\/accreditations\/","title":{"rendered":"Acredita\u00e7\u00f5es"},"content":{"rendered":"<div data-elementor-type=\"wp-page\" data-elementor-id=\"3690\" class=\"elementor elementor-3690\" data-elementor-post-type=\"page\">\n\t\t\t\t<div class=\"elementor-element elementor-element-397716c e-flex e-con-boxed e-con e-child\" data-id=\"397716c\" data-element_type=\"container\" data-e-type=\"container\" data-settings=\"{&quot;background_background&quot;:&quot;video&quot;,&quot;background_video_link&quot;:&quot;https:\\\/\\\/optics.carritech.com\\\/wp-content\\\/uploads\\\/2024\\\/11\\\/global-network-lines-of-internet-data-around-earth-2023-11-27-04-58-21-utc.mp4&quot;}\">\n\t\t\t\t\t<div class=\"e-con-inner\">\n\t\t<div class=\"elementor-background-video-container elementor-hidden-mobile\">\n\t\t\t\t\t\t\t<video class=\"elementor-background-video-hosted\" role=\"presentation\" autoplay muted playsinline loop><\/video>\n\t\t\t\t\t<\/div><div class=\"elementor-element elementor-element-9433da8 e-con-full e-flex e-con e-child\" data-id=\"9433da8\" data-element_type=\"container\" data-e-type=\"container\">\n\t\t\t\t<div class=\"elementor-element elementor-element-01e7b55 elementor-widget elementor-widget-woocommerce-breadcrumb\" data-id=\"01e7b55\" data-element_type=\"widget\" data-e-type=\"widget\" data-widget_type=\"woocommerce-breadcrumb.default\">\n\t\t\t\t<div class=\"elementor-widget-container\">\n\t\t\t\t\t<nav class=\"woocommerce-breadcrumb\" aria-label=\"Breadcrumb\" data-no-translation=\"\" data-trp-gettext=\"\">In\u00edcio<\/nav>\t\t\t\t<\/div>\n\t\t\t\t<\/div>\n\t\t\t\t<div class=\"elementor-element elementor-element-9467e40 elementor-widget elementor-widget-heading\" data-id=\"9467e40\" data-element_type=\"widget\" data-e-type=\"widget\" data-widget_type=\"heading.default\">\n\t\t\t\t<div class=\"elementor-widget-container\">\n\t\t\t\t\t<h2 class=\"elementor-heading-title elementor-size-default\">Acredita\u00e7\u00f5es<\/h2>\t\t\t\t<\/div>\n\t\t\t\t<\/div>\n\t\t\t\t<div class=\"elementor-element elementor-element-b8d0265 elementor-widget-divider--view-line elementor-widget elementor-widget-divider\" data-id=\"b8d0265\" data-element_type=\"widget\" data-e-type=\"widget\" data-widget_type=\"divider.default\">\n\t\t\t\t<div class=\"elementor-widget-container\">\n\t\t\t\t\t\t\t<div class=\"elementor-divider\">\n\t\t\t<span class=\"elementor-divider-separator\">\n\t\t\t\t\t\t<\/span>\n\t\t<\/div>\n\t\t\t\t\t\t<\/div>\n\t\t\t\t<\/div>\n\t\t\t\t<div class=\"elementor-element elementor-element-b2c8673 elementor-widget elementor-widget-text-editor\" data-id=\"b2c8673\" data-element_type=\"widget\" data-e-type=\"widget\" data-widget_type=\"text-editor.default\">\n\t\t\t\t<div class=\"elementor-widget-container\">\n\t\t\t\t\t\t\t\t\t<p>Na Carritech Optics, a qualidade, a fiabilidade e a confian\u00e7a est\u00e3o no centro de tudo o que fazemos. As nossas acredita\u00e7\u00f5es demonstram o nosso empenho em manter os mais elevados padr\u00f5es da ind\u00fastria em termos de desempenho dos produtos, fabrico e servi\u00e7o ao cliente.<\/p>\t\t\t\t\t\t\t\t<\/div>\n\t\t\t\t<\/div>\n\t\t\t\t<\/div>\n\t\t\t\t\t<\/div>\n\t\t\t\t<\/div>\n\t\t<div class=\"elementor-element elementor-element-2addc2c e-flex e-con-boxed e-con e-parent\" data-id=\"2addc2c\" data-element_type=\"container\" data-e-type=\"container\" data-settings=\"{&quot;background_background&quot;:&quot;classic&quot;}\">\n\t\t\t\t\t<div class=\"e-con-inner\">\n\t\t<div class=\"elementor-element elementor-element-74aaed4 e-con-full e-flex e-con e-child\" data-id=\"74aaed4\" data-element_type=\"container\" data-e-type=\"container\">\n\t\t<div class=\"elementor-element elementor-element-b4a671d e-con-full e-flex e-con e-child\" data-id=\"b4a671d\" data-element_type=\"container\" data-e-type=\"container\">\n\t\t\t\t<div class=\"elementor-element elementor-element-e9a5a89 elementor-widget elementor-widget-text-editor\" data-id=\"e9a5a89\" data-element_type=\"widget\" data-e-type=\"widget\" data-widget_type=\"text-editor.default\">\n\t\t\t\t<div class=\"elementor-widget-container\">\n\t\t\t\t\t\t\t\t\t<p data-start=\"195\" data-end=\"425\">Na Carritech, a nossa dire\u00e7\u00e3o e o nosso pessoal s\u00e3o guiados por pr\u00e1ticas empresariais profissionais, \u00e9ticas e sustent\u00e1veis. Orgulhamo-nos de que estes valores e esfor\u00e7os tenham sido reconhecidos pelos principais organismos de acredita\u00e7\u00e3o do nosso sector.<\/p><p data-start=\"427\" data-end=\"595\">Estamos totalmente acreditados para <strong data-start=\"454\" data-end=\"471\">ISO 9001:2015<\/strong> e <strong data-start=\"476\" data-end=\"494\">ISO 14001:2015<\/strong>, demonstrando o nosso empenho cont\u00ednuo na gest\u00e3o da qualidade e na responsabilidade ambiental.<\/p><p data-start=\"597\" data-end=\"952\">Os nossos sistemas de gest\u00e3o da qualidade e pr\u00e1ticas ambientais foram certificados de forma independente por <strong data-start=\"693\" data-end=\"719\">Alcumus ISOQAR Limited<\/strong> como estando em conformidade com estas normas reconhecidas internacionalmente. Esta certifica\u00e7\u00e3o reflecte a nossa capacidade de fornecer consistentemente produtos e servi\u00e7os que satisfazem as expectativas dos clientes, ao mesmo tempo que reduzem ativamente o nosso impacto ambiental.<\/p><p data-start=\"954\" data-end=\"1240\">Estas acredita\u00e7\u00f5es s\u00e3o o resultado dos esfor\u00e7os cont\u00ednuos do nosso pessoal dedicado e das nossas equipas de gest\u00e3o. Atrav\u00e9s de processos organizados, met\u00f3dicos e \u00e9ticos, esfor\u00e7amo-nos por prestar o melhor servi\u00e7o a todos os clientes de uma forma fi\u00e1vel e ambientalmente sustent\u00e1vel.<\/p>\t\t\t\t\t\t\t\t<\/div>\n\t\t\t\t<\/div>\n\t\t<div class=\"elementor-element elementor-element-9c53d08 e-grid e-con-full e-con e-child\" data-id=\"9c53d08\" data-element_type=\"container\" data-e-type=\"container\">\n\t\t\t\t<div class=\"elementor-element elementor-element-baeb1be elementor-widget elementor-widget-image\" data-id=\"baeb1be\" data-element_type=\"widget\" data-e-type=\"widget\" data-widget_type=\"image.default\">\n\t\t\t\t<div class=\"elementor-widget-container\">\n\t\t\t\t\t\t\t\t\t\t\t\t\t\t\t<img fetchpriority=\"high\" decoding=\"async\" width=\"500\" height=\"500\" src=\"https:\/\/optics.carritech.com\/wp-content\/uploads\/2025\/09\/ISOQAR-ISO-9001-seal-2-4.png\" class=\"attachment-large size-large wp-image-4253\" alt=\"\" srcset=\"https:\/\/optics.carritech.com\/wp-content\/uploads\/2025\/09\/ISOQAR-ISO-9001-seal-2-4.png 500w, https:\/\/optics.carritech.com\/wp-content\/uploads\/2025\/09\/ISOQAR-ISO-9001-seal-2-4-300x300.png 300w, https:\/\/optics.carritech.com\/wp-content\/uploads\/2025\/09\/ISOQAR-ISO-9001-seal-2-4-150x150.png 150w, https:\/\/optics.carritech.com\/wp-content\/uploads\/2025\/09\/ISOQAR-ISO-9001-seal-2-4-12x12.png 12w, https:\/\/optics.carritech.com\/wp-content\/uploads\/2025\/09\/ISOQAR-ISO-9001-seal-2-4-100x100.png 100w\" sizes=\"(max-width: 500px) 100vw, 500px\" \/>\t\t\t\t\t\t\t\t\t\t\t\t\t\t\t<\/div>\n\t\t\t\t<\/div>\n\t\t\t\t<div class=\"elementor-element elementor-element-52401c2 elementor-widget elementor-widget-image\" data-id=\"52401c2\" data-element_type=\"widget\" data-e-type=\"widget\" data-widget_type=\"image.default\">\n\t\t\t\t<div class=\"elementor-widget-container\">\n\t\t\t\t\t\t\t\t\t\t\t\t\t\t\t<img decoding=\"async\" width=\"500\" height=\"500\" src=\"https:\/\/optics.carritech.com\/wp-content\/uploads\/2025\/09\/ISOQAR-ISO-14001-seal-2-4.png\" class=\"attachment-large size-large wp-image-4254\" alt=\"\" srcset=\"https:\/\/optics.carritech.com\/wp-content\/uploads\/2025\/09\/ISOQAR-ISO-14001-seal-2-4.png 500w, https:\/\/optics.carritech.com\/wp-content\/uploads\/2025\/09\/ISOQAR-ISO-14001-seal-2-4-300x300.png 300w, https:\/\/optics.carritech.com\/wp-content\/uploads\/2025\/09\/ISOQAR-ISO-14001-seal-2-4-150x150.png 150w, https:\/\/optics.carritech.com\/wp-content\/uploads\/2025\/09\/ISOQAR-ISO-14001-seal-2-4-12x12.png 12w, https:\/\/optics.carritech.com\/wp-content\/uploads\/2025\/09\/ISOQAR-ISO-14001-seal-2-4-100x100.png 100w\" sizes=\"(max-width: 500px) 100vw, 500px\" \/>\t\t\t\t\t\t\t\t\t\t\t\t\t\t\t<\/div>\n\t\t\t\t<\/div>\n\t\t\t\t<\/div>\n\t\t\t\t<\/div>\n\t\t\t\t<\/div>\n\t\t\t\t\t<\/div>\n\t\t\t\t<\/div>\n\t\t\t\t<\/div>","protected":false},"excerpt":{"rendered":"<p>Accreditations At Carritech Optics, quality, reliability, and trust are at the core of everything we do. Our accreditations demonstrate our commitment to maintaining the highest industry standards in product performance, manufacturing, and customer service. At Carritech, our management and staff are guided by professional, ethical, and sustainable business practices. We are proud that these values [&hellip;]<\/p>","protected":false},"author":1,"featured_media":0,"parent":1864,"menu_order":0,"comment_status":"closed","ping_status":"closed","template":"","meta":{"_acf_changed":false,"footnotes":""},"class_list":["post-3690","page","type-page","status-publish","hentry"],"acf":[],"yoast_head":"<!-- This site is optimized with the Yoast SEO Premium plugin v26.8 (Yoast SEO v26.8) - https:\/\/yoast.com\/product\/yoast-seo-premium-wordpress\/ -->\n<title>Accreditations | Carritech Optics<\/title>\n<meta name=\"robots\" content=\"index, follow, max-snippet:-1, max-image-preview:large, max-video-preview:-1\" \/>\n<link rel=\"canonical\" href=\"https:\/\/optics.carritech.com\/pt\/company\/accreditations\/\" \/>\n<meta property=\"og:locale\" content=\"pt_PT\" \/>\n<meta property=\"og:type\" content=\"article\" \/>\n<meta property=\"og:title\" content=\"Accreditations\" \/>\n<meta property=\"og:description\" content=\"Accreditations At Carritech Optics, quality, reliability, and trust are at the core of everything we do. Our accreditations demonstrate our commitment to maintaining the highest industry standards in product performance, manufacturing, and customer service. At Carritech, our management and staff are guided by professional, ethical, and sustainable business practices. We are proud that these values [&hellip;]\" \/>\n<meta property=\"og:url\" content=\"https:\/\/optics.carritech.com\/pt\/company\/accreditations\/\" \/>\n<meta property=\"og:site_name\" content=\"Carritech Optics\" \/>\n<meta property=\"article:modified_time\" content=\"2025-09-09T14:27:57+00:00\" \/>\n<meta property=\"og:image\" content=\"https:\/\/optics.carritech.com\/wp-content\/uploads\/2025\/09\/ISOQAR-ISO-9001-seal-2-4.png\" \/>\n\t<meta property=\"og:image:width\" content=\"500\" \/>\n\t<meta property=\"og:image:height\" content=\"500\" \/>\n\t<meta property=\"og:image:type\" content=\"image\/png\" \/>\n<meta name=\"twitter:card\" content=\"summary_large_image\" \/>\n<meta name=\"twitter:label1\" content=\"Tempo estimado de leitura\" \/>\n\t<meta name=\"twitter:data1\" content=\"2 minutos\" \/>\n<script type=\"application\/ld+json\" class=\"yoast-schema-graph\">{\"@context\":\"https:\/\/schema.org\",\"@graph\":[{\"@type\":\"WebPage\",\"@id\":\"https:\/\/optics.carritech.com\/company\/accreditations\/\",\"url\":\"https:\/\/optics.carritech.com\/company\/accreditations\/\",\"name\":\"Accreditations | Carritech Optics\",\"isPartOf\":{\"@id\":\"https:\/\/optics.carritech.com\/#website\"},\"primaryImageOfPage\":{\"@id\":\"https:\/\/optics.carritech.com\/company\/accreditations\/#primaryimage\"},\"image\":{\"@id\":\"https:\/\/optics.carritech.com\/company\/accreditations\/#primaryimage\"},\"thumbnailUrl\":\"https:\/\/optics.carritech.com\/wp-content\/uploads\/2025\/09\/ISOQAR-ISO-9001-seal-2-4.png\",\"datePublished\":\"2025-09-01T13:44:07+00:00\",\"dateModified\":\"2025-09-09T14:27:57+00:00\",\"breadcrumb\":{\"@id\":\"https:\/\/optics.carritech.com\/company\/accreditations\/#breadcrumb\"},\"inLanguage\":\"pt-PT\",\"potentialAction\":[{\"@type\":\"ReadAction\",\"target\":[\"https:\/\/optics.carritech.com\/company\/accreditations\/\"]}]},{\"@type\":\"ImageObject\",\"inLanguage\":\"pt-PT\",\"@id\":\"https:\/\/optics.carritech.com\/company\/accreditations\/#primaryimage\",\"url\":\"https:\/\/optics.carritech.com\/wp-content\/uploads\/2025\/09\/ISOQAR-ISO-9001-seal-2-4.png\",\"contentUrl\":\"https:\/\/optics.carritech.com\/wp-content\/uploads\/2025\/09\/ISOQAR-ISO-9001-seal-2-4.png\"},{\"@type\":\"BreadcrumbList\",\"@id\":\"https:\/\/optics.carritech.com\/company\/accreditations\/#breadcrumb\",\"itemListElement\":[{\"@type\":\"ListItem\",\"position\":1,\"name\":\"Home\",\"item\":\"https:\/\/optics.carritech.com\/\"},{\"@type\":\"ListItem\",\"position\":2,\"name\":\"Company\",\"item\":\"https:\/\/optics.carritech.com\/company\/\"},{\"@type\":\"ListItem\",\"position\":3,\"name\":\"Accreditations\"}]},{\"@type\":\"WebSite\",\"@id\":\"https:\/\/optics.carritech.com\/#website\",\"url\":\"https:\/\/optics.carritech.com\/\",\"name\":\"Carritech Optics\",\"description\":\"High Quality Optical Transceivers\",\"publisher\":{\"@id\":\"https:\/\/optics.carritech.com\/#organization\"},\"alternateName\":\"Carritech Optics\",\"potentialAction\":[{\"@type\":\"SearchAction\",\"target\":{\"@type\":\"EntryPoint\",\"urlTemplate\":\"https:\/\/optics.carritech.com\/?s={search_term_string}\"},\"query-input\":{\"@type\":\"PropertyValueSpecification\",\"valueRequired\":true,\"valueName\":\"search_term_string\"}}],\"inLanguage\":\"pt-PT\"},{\"@type\":\"Organization\",\"@id\":\"https:\/\/optics.carritech.com\/#organization\",\"name\":\"Carritech Optics\",\"url\":\"https:\/\/optics.carritech.com\/\",\"logo\":{\"@type\":\"ImageObject\",\"inLanguage\":\"pt-PT\",\"@id\":\"https:\/\/optics.carritech.com\/#\/schema\/logo\/image\/\",\"url\":\"https:\/\/optics.carritech.com\/wp-content\/uploads\/2024\/11\/Carritech-optics.png\",\"contentUrl\":\"https:\/\/optics.carritech.com\/wp-content\/uploads\/2024\/11\/Carritech-optics.png\",\"width\":2048,\"height\":681,\"caption\":\"Carritech Optics\"},\"image\":{\"@id\":\"https:\/\/optics.carritech.com\/#\/schema\/logo\/image\/\"}}]}<\/script>\n<!-- \/ Yoast SEO Premium plugin. -->","yoast_head_json":{"title":"Accreditations | Carritech Optics","robots":{"index":"index","follow":"follow","max-snippet":"max-snippet:-1","max-image-preview":"max-image-preview:large","max-video-preview":"max-video-preview:-1"},"canonical":"https:\/\/optics.carritech.com\/pt\/company\/accreditations\/","og_locale":"pt_PT","og_type":"article","og_title":"Accreditations","og_description":"Accreditations At Carritech Optics, quality, reliability, and trust are at the core of everything we do. Our accreditations demonstrate our commitment to maintaining the highest industry standards in product performance, manufacturing, and customer service. At Carritech, our management and staff are guided by professional, ethical, and sustainable business practices. We are proud that these values [&hellip;]","og_url":"https:\/\/optics.carritech.com\/pt\/company\/accreditations\/","og_site_name":"Carritech Optics","article_modified_time":"2025-09-09T14:27:57+00:00","og_image":[{"width":500,"height":500,"url":"https:\/\/optics.carritech.com\/wp-content\/uploads\/2025\/09\/ISOQAR-ISO-9001-seal-2-4.png","type":"image\/png"}],"twitter_card":"summary_large_image","twitter_misc":{"Tempo estimado de leitura":"2 minutos"},"schema":{"@context":"https:\/\/schema.org","@graph":[{"@type":"WebPage","@id":"https:\/\/optics.carritech.com\/company\/accreditations\/","url":"https:\/\/optics.carritech.com\/company\/accreditations\/","name":"Accreditations | Carritech Optics","isPartOf":{"@id":"https:\/\/optics.carritech.com\/#website"},"primaryImageOfPage":{"@id":"https:\/\/optics.carritech.com\/company\/accreditations\/#primaryimage"},"image":{"@id":"https:\/\/optics.carritech.com\/company\/accreditations\/#primaryimage"},"thumbnailUrl":"https:\/\/optics.carritech.com\/wp-content\/uploads\/2025\/09\/ISOQAR-ISO-9001-seal-2-4.png","datePublished":"2025-09-01T13:44:07+00:00","dateModified":"2025-09-09T14:27:57+00:00","breadcrumb":{"@id":"https:\/\/optics.carritech.com\/company\/accreditations\/#breadcrumb"},"inLanguage":"pt-PT","potentialAction":[{"@type":"ReadAction","target":["https:\/\/optics.carritech.com\/company\/accreditations\/"]}]},{"@type":"ImageObject","inLanguage":"pt-PT","@id":"https:\/\/optics.carritech.com\/company\/accreditations\/#primaryimage","url":"https:\/\/optics.carritech.com\/wp-content\/uploads\/2025\/09\/ISOQAR-ISO-9001-seal-2-4.png","contentUrl":"https:\/\/optics.carritech.com\/wp-content\/uploads\/2025\/09\/ISOQAR-ISO-9001-seal-2-4.png"},{"@type":"BreadcrumbList","@id":"https:\/\/optics.carritech.com\/company\/accreditations\/#breadcrumb","itemListElement":[{"@type":"ListItem","position":1,"name":"Home","item":"https:\/\/optics.carritech.com\/"},{"@type":"ListItem","position":2,"name":"Company","item":"https:\/\/optics.carritech.com\/company\/"},{"@type":"ListItem","position":3,"name":"Accreditations"}]},{"@type":"WebSite","@id":"https:\/\/optics.carritech.com\/#website","url":"https:\/\/optics.carritech.com\/","name":"\u00d3tica Carritech","description":"High Quality Optical Transceivers","publisher":{"@id":"https:\/\/optics.carritech.com\/#organization"},"alternateName":"Carritech Optics","potentialAction":[{"@type":"SearchAction","target":{"@type":"EntryPoint","urlTemplate":"https:\/\/optics.carritech.com\/?s={search_term_string}"},"query-input":{"@type":"PropertyValueSpecification","valueRequired":true,"valueName":"search_term_string"}}],"inLanguage":"pt-PT"},{"@type":"Organization","@id":"https:\/\/optics.carritech.com\/#organization","name":"\u00d3tica Carritech","url":"https:\/\/optics.carritech.com\/","logo":{"@type":"ImageObject","inLanguage":"pt-PT","@id":"https:\/\/optics.carritech.com\/#\/schema\/logo\/image\/","url":"https:\/\/optics.carritech.com\/wp-content\/uploads\/2024\/11\/Carritech-optics.png","contentUrl":"https:\/\/optics.carritech.com\/wp-content\/uploads\/2024\/11\/Carritech-optics.png","width":2048,"height":681,"caption":"Carritech Optics"},"image":{"@id":"https:\/\/optics.carritech.com\/#\/schema\/logo\/image\/"}}]}},"_links":{"self":[{"href":"https:\/\/optics.carritech.com\/pt\/wp-json\/wp\/v2\/pages\/3690","targetHints":{"allow":["GET"]}}],"collection":[{"href":"https:\/\/optics.carritech.com\/pt\/wp-json\/wp\/v2\/pages"}],"about":[{"href":"https:\/\/optics.carritech.com\/pt\/wp-json\/wp\/v2\/types\/page"}],"author":[{"embeddable":true,"href":"https:\/\/optics.carritech.com\/pt\/wp-json\/wp\/v2\/users\/1"}],"replies":[{"embeddable":true,"href":"https:\/\/optics.carritech.com\/pt\/wp-json\/wp\/v2\/comments?post=3690"}],"version-history":[{"count":4,"href":"https:\/\/optics.carritech.com\/pt\/wp-json\/wp\/v2\/pages\/3690\/revisions"}],"predecessor-version":[{"id":4257,"href":"https:\/\/optics.carritech.com\/pt\/wp-json\/wp\/v2\/pages\/3690\/revisions\/4257"}],"up":[{"embeddable":true,"href":"https:\/\/optics.carritech.com\/pt\/wp-json\/wp\/v2\/pages\/1864"}],"wp:attachment":[{"href":"https:\/\/optics.carritech.com\/pt\/wp-json\/wp\/v2\/media?parent=3690"}],"curies":[{"name":"wp","href":"https:\/\/api.w.org\/{rel}","templated":true}]}}