{"id":1409,"date":"2024-01-01T00:08:20","date_gmt":"2024-01-01T00:08:20","guid":{"rendered":"https:\/\/youbiquity.online\/?post_type=product&#038;p=1409"},"modified":"2025-09-16T12:44:42","modified_gmt":"2025-09-16T12:44:42","slug":"100base-bx-d-120","status":"publish","type":"product","link":"https:\/\/optics.carritech.com\/pt\/optical-transceivers\/optical-transceivers\/sfp\/155m-bidi-sfp\/100base-bx-d-120\/","title":{"rendered":"CT-MSFP-BX-120D"},"content":{"rendered":"<p><strong>155M BIDI SFP 1550\/1490NM 120KM SC\/LC<\/strong><\/p>\n<p>155 Mb\/s bidirectional SFP optical transceivers supporting up to 120 km transmission over single-mode fiber, with 1490 nm \/ 1550 nm DFB laser options, LC connectors, and low-power operation for Ethernet, telecom, and Fibre Channel networks.<\/p>","protected":false},"excerpt":{"rendered":"<ul>\n<li data-start=\"2166\" data-end=\"2236\">155 Mb\/s bidirectional SFP transceivers with 1490\/1550 nm DFB lasers<\/li>\n<li data-start=\"2239\" data-end=\"2284\">Supports up to 120 km transmission over SMF<\/li>\n<li data-start=\"2287\" data-end=\"2330\">Baixa pot\u00eancia (&lt;1 W), funcionamento simples de +3,3 V<\/li>\n<li data-start=\"2333\" data-end=\"2370\">SFP de liga\u00e7\u00e3o direta com conetor LC<\/li>\n<li data-start=\"2373\" data-end=\"2440\">Interface diferencial compat\u00edvel com LVPECL para uma integra\u00e7\u00e3o perfeita<\/li>\n<li data-start=\"2443\" data-end=\"2495\">Fun\u00e7\u00f5es de monitoriza\u00e7\u00e3o LOS, TX_DISABLE e TX_FAULT<\/li>\n<li data-start=\"2498\" data-end=\"2559\">EEPROM com ID de s\u00e9rie e diagn\u00f3stico (compat\u00edvel com SFF-8472)<\/li>\n<li data-start=\"2562\" data-end=\"2615\">Seguran\u00e7a laser IEC-60825 Classe 1 e conformidade com RoHS<\/li>\n<\/ul>","protected":false},"featured_media":4301,"comment_status":"closed","ping_status":"closed","template":"","meta":{"_acf_changed":false},"product_brand":[],"product_cat":[35,17,18],"product_tag":[20],"class_list":{"0":"post-1409","1":"product","2":"type-product","3":"status-publish","4":"has-post-thumbnail","6":"product_cat-155m-bidi-sfp","7":"product_cat-optical-transceivers","8":"product_cat-sfp","9":"product_tag-155m-1-25g-sfp","11":"first","12":"instock","13":"shipping-taxable","14":"product-type-simple"},"acf":[],"yoast_head":"<!-- This site is optimized with the Yoast SEO Premium plugin v26.8 (Yoast SEO v26.8) - https:\/\/yoast.com\/product\/yoast-seo-premium-wordpress\/ -->\n<title>100BASE-BX-D SFP BiDi 120km | Carritech Optics<\/title>\n<meta name=\"description\" content=\"In stock. 100BASE-BX-D SFP BiDi 120km Optical Transceiver. Lifetime Warranty, Fully Compatible with a wide range of OEM&#039;s. Contact us today.\" \/>\n<meta name=\"robots\" content=\"index, follow, max-snippet:-1, max-image-preview:large, max-video-preview:-1\" \/>\n<link rel=\"canonical\" href=\"https:\/\/optics.carritech.com\/pt\/optical-transceivers\/optical-transceivers\/sfp\/155m-bidi-sfp\/100base-bx-d-120\/\" \/>\n<meta property=\"og:locale\" content=\"pt_PT\" \/>\n<meta property=\"og:type\" content=\"article\" \/>\n<meta property=\"og:title\" content=\"CT-MSFP-BX-120D\" \/>\n<meta property=\"og:description\" content=\"In stock. 100BASE-BX-D SFP BiDi 120km Optical Transceiver. Lifetime Warranty, Fully Compatible with a wide range of OEM&#039;s. Contact us today.\" \/>\n<meta property=\"og:url\" content=\"https:\/\/optics.carritech.com\/pt\/optical-transceivers\/optical-transceivers\/sfp\/155m-bidi-sfp\/100base-bx-d-120\/\" \/>\n<meta property=\"og:site_name\" content=\"Carritech Optics\" \/>\n<meta property=\"article:modified_time\" content=\"2025-09-16T12:44:42+00:00\" \/>\n<meta property=\"og:image\" content=\"https:\/\/optics.carritech.com\/wp-content\/uploads\/2024\/01\/CT-MSFP-BX-120D.png\" \/>\n\t<meta property=\"og:image:width\" content=\"1200\" \/>\n\t<meta property=\"og:image:height\" content=\"1200\" \/>\n\t<meta property=\"og:image:type\" content=\"image\/png\" \/>\n<meta name=\"twitter:card\" content=\"summary_large_image\" \/>\n<meta name=\"twitter:label1\" content=\"Tempo estimado de leitura\" \/>\n\t<meta name=\"twitter:data1\" content=\"3 minutos\" \/>\n<script type=\"application\/ld+json\" class=\"yoast-schema-graph\">{\"@context\":\"https:\/\/schema.org\",\"@graph\":[{\"@type\":\"WebPage\",\"@id\":\"https:\/\/optics.carritech.com\/optical-transceivers\/optical-transceivers\/sfp\/155m-bidi-sfp\/100base-bx-d-120\/\",\"url\":\"https:\/\/optics.carritech.com\/optical-transceivers\/optical-transceivers\/sfp\/155m-bidi-sfp\/100base-bx-d-120\/\",\"name\":\"100BASE-BX-D SFP BiDi 120km | Carritech Optics\",\"isPartOf\":{\"@id\":\"https:\/\/optics.carritech.com\/#website\"},\"primaryImageOfPage\":{\"@id\":\"https:\/\/optics.carritech.com\/optical-transceivers\/optical-transceivers\/sfp\/155m-bidi-sfp\/100base-bx-d-120\/#primaryimage\"},\"image\":{\"@id\":\"https:\/\/optics.carritech.com\/optical-transceivers\/optical-transceivers\/sfp\/155m-bidi-sfp\/100base-bx-d-120\/#primaryimage\"},\"thumbnailUrl\":\"https:\/\/optics.carritech.com\/wp-content\/uploads\/2024\/01\/CT-MSFP-BX-120D.png\",\"datePublished\":\"2024-01-01T00:08:20+00:00\",\"dateModified\":\"2025-09-16T12:44:42+00:00\",\"description\":\"In stock. 100BASE-BX-D SFP BiDi 120km Optical Transceiver. Lifetime Warranty, Fully Compatible with a wide range of OEM's. Contact us today.\",\"breadcrumb\":{\"@id\":\"https:\/\/optics.carritech.com\/optical-transceivers\/optical-transceivers\/sfp\/155m-bidi-sfp\/100base-bx-d-120\/#breadcrumb\"},\"inLanguage\":\"pt-PT\",\"potentialAction\":[{\"@type\":\"ReadAction\",\"target\":[\"https:\/\/optics.carritech.com\/optical-transceivers\/optical-transceivers\/sfp\/155m-bidi-sfp\/100base-bx-d-120\/\"]}]},{\"@type\":\"ImageObject\",\"inLanguage\":\"pt-PT\",\"@id\":\"https:\/\/optics.carritech.com\/optical-transceivers\/optical-transceivers\/sfp\/155m-bidi-sfp\/100base-bx-d-120\/#primaryimage\",\"url\":\"https:\/\/optics.carritech.com\/wp-content\/uploads\/2024\/01\/CT-MSFP-BX-120D.png\",\"contentUrl\":\"https:\/\/optics.carritech.com\/wp-content\/uploads\/2024\/01\/CT-MSFP-BX-120D.png\",\"width\":1200,\"height\":1200,\"caption\":\"100BASE-BX-D SFP BiDi 120km\"},{\"@type\":\"BreadcrumbList\",\"@id\":\"https:\/\/optics.carritech.com\/optical-transceivers\/optical-transceivers\/sfp\/155m-bidi-sfp\/100base-bx-d-120\/#breadcrumb\",\"itemListElement\":[{\"@type\":\"ListItem\",\"position\":1,\"name\":\"Home\",\"item\":\"https:\/\/optics.carritech.com\/\"},{\"@type\":\"ListItem\",\"position\":2,\"name\":\"Optical Transceivers\",\"item\":\"https:\/\/optics.carritech.com\/optical-transceivers\/\"},{\"@type\":\"ListItem\",\"position\":3,\"name\":\"CT-MSFP-BX-120D\"}]},{\"@type\":\"WebSite\",\"@id\":\"https:\/\/optics.carritech.com\/#website\",\"url\":\"https:\/\/optics.carritech.com\/\",\"name\":\"Carritech Optics\",\"description\":\"High Quality Optical Transceivers\",\"publisher\":{\"@id\":\"https:\/\/optics.carritech.com\/#organization\"},\"alternateName\":\"Carritech Optics\",\"potentialAction\":[{\"@type\":\"SearchAction\",\"target\":{\"@type\":\"EntryPoint\",\"urlTemplate\":\"https:\/\/optics.carritech.com\/?s={search_term_string}\"},\"query-input\":{\"@type\":\"PropertyValueSpecification\",\"valueRequired\":true,\"valueName\":\"search_term_string\"}}],\"inLanguage\":\"pt-PT\"},{\"@type\":\"Organization\",\"@id\":\"https:\/\/optics.carritech.com\/#organization\",\"name\":\"Carritech Optics\",\"url\":\"https:\/\/optics.carritech.com\/\",\"logo\":{\"@type\":\"ImageObject\",\"inLanguage\":\"pt-PT\",\"@id\":\"https:\/\/optics.carritech.com\/#\/schema\/logo\/image\/\",\"url\":\"https:\/\/optics.carritech.com\/wp-content\/uploads\/2024\/11\/Carritech-optics.png\",\"contentUrl\":\"https:\/\/optics.carritech.com\/wp-content\/uploads\/2024\/11\/Carritech-optics.png\",\"width\":2048,\"height\":681,\"caption\":\"Carritech Optics\"},\"image\":{\"@id\":\"https:\/\/optics.carritech.com\/#\/schema\/logo\/image\/\"}}]}<\/script>\n<!-- \/ Yoast SEO Premium plugin. -->","yoast_head_json":{"title":"100BASE-BX-D SFP BiDi 120km | Carritech Optics","description":"In stock. 100BASE-BX-D SFP BiDi 120km Optical Transceiver. Lifetime Warranty, Fully Compatible with a wide range of OEM's. Contact us today.","robots":{"index":"index","follow":"follow","max-snippet":"max-snippet:-1","max-image-preview":"max-image-preview:large","max-video-preview":"max-video-preview:-1"},"canonical":"https:\/\/optics.carritech.com\/pt\/optical-transceivers\/optical-transceivers\/sfp\/155m-bidi-sfp\/100base-bx-d-120\/","og_locale":"pt_PT","og_type":"article","og_title":"CT-MSFP-BX-120D","og_description":"In stock. 100BASE-BX-D SFP BiDi 120km Optical Transceiver. Lifetime Warranty, Fully Compatible with a wide range of OEM's. Contact us today.","og_url":"https:\/\/optics.carritech.com\/pt\/optical-transceivers\/optical-transceivers\/sfp\/155m-bidi-sfp\/100base-bx-d-120\/","og_site_name":"Carritech Optics","article_modified_time":"2025-09-16T12:44:42+00:00","og_image":[{"width":1200,"height":1200,"url":"https:\/\/optics.carritech.com\/wp-content\/uploads\/2024\/01\/CT-MSFP-BX-120D.png","type":"image\/png"}],"twitter_card":"summary_large_image","twitter_misc":{"Tempo estimado de leitura":"3 minutos"},"schema":{"@context":"https:\/\/schema.org","@graph":[{"@type":"WebPage","@id":"https:\/\/optics.carritech.com\/optical-transceivers\/optical-transceivers\/sfp\/155m-bidi-sfp\/100base-bx-d-120\/","url":"https:\/\/optics.carritech.com\/optical-transceivers\/optical-transceivers\/sfp\/155m-bidi-sfp\/100base-bx-d-120\/","name":"100BASE-BX-D SFP BiDi 120km | Carritech Optics","isPartOf":{"@id":"https:\/\/optics.carritech.com\/#website"},"primaryImageOfPage":{"@id":"https:\/\/optics.carritech.com\/optical-transceivers\/optical-transceivers\/sfp\/155m-bidi-sfp\/100base-bx-d-120\/#primaryimage"},"image":{"@id":"https:\/\/optics.carritech.com\/optical-transceivers\/optical-transceivers\/sfp\/155m-bidi-sfp\/100base-bx-d-120\/#primaryimage"},"thumbnailUrl":"https:\/\/optics.carritech.com\/wp-content\/uploads\/2024\/01\/CT-MSFP-BX-120D.png","datePublished":"2024-01-01T00:08:20+00:00","dateModified":"2025-09-16T12:44:42+00:00","description":"In stock. 100BASE-BX-D SFP BiDi 120km Optical Transceiver. Lifetime Warranty, Fully Compatible with a wide range of OEM's. Contact us today.","breadcrumb":{"@id":"https:\/\/optics.carritech.com\/optical-transceivers\/optical-transceivers\/sfp\/155m-bidi-sfp\/100base-bx-d-120\/#breadcrumb"},"inLanguage":"pt-PT","potentialAction":[{"@type":"ReadAction","target":["https:\/\/optics.carritech.com\/optical-transceivers\/optical-transceivers\/sfp\/155m-bidi-sfp\/100base-bx-d-120\/"]}]},{"@type":"ImageObject","inLanguage":"pt-PT","@id":"https:\/\/optics.carritech.com\/optical-transceivers\/optical-transceivers\/sfp\/155m-bidi-sfp\/100base-bx-d-120\/#primaryimage","url":"https:\/\/optics.carritech.com\/wp-content\/uploads\/2024\/01\/CT-MSFP-BX-120D.png","contentUrl":"https:\/\/optics.carritech.com\/wp-content\/uploads\/2024\/01\/CT-MSFP-BX-120D.png","width":1200,"height":1200,"caption":"100BASE-BX-D SFP BiDi 120km"},{"@type":"BreadcrumbList","@id":"https:\/\/optics.carritech.com\/optical-transceivers\/optical-transceivers\/sfp\/155m-bidi-sfp\/100base-bx-d-120\/#breadcrumb","itemListElement":[{"@type":"ListItem","position":1,"name":"Home","item":"https:\/\/optics.carritech.com\/"},{"@type":"ListItem","position":2,"name":"Optical Transceivers","item":"https:\/\/optics.carritech.com\/optical-transceivers\/"},{"@type":"ListItem","position":3,"name":"CT-MSFP-BX-120D"}]},{"@type":"WebSite","@id":"https:\/\/optics.carritech.com\/#website","url":"https:\/\/optics.carritech.com\/","name":"\u00d3tica Carritech","description":"High Quality Optical Transceivers","publisher":{"@id":"https:\/\/optics.carritech.com\/#organization"},"alternateName":"Carritech Optics","potentialAction":[{"@type":"SearchAction","target":{"@type":"EntryPoint","urlTemplate":"https:\/\/optics.carritech.com\/?s={search_term_string}"},"query-input":{"@type":"PropertyValueSpecification","valueRequired":true,"valueName":"search_term_string"}}],"inLanguage":"pt-PT"},{"@type":"Organization","@id":"https:\/\/optics.carritech.com\/#organization","name":"\u00d3tica Carritech","url":"https:\/\/optics.carritech.com\/","logo":{"@type":"ImageObject","inLanguage":"pt-PT","@id":"https:\/\/optics.carritech.com\/#\/schema\/logo\/image\/","url":"https:\/\/optics.carritech.com\/wp-content\/uploads\/2024\/11\/Carritech-optics.png","contentUrl":"https:\/\/optics.carritech.com\/wp-content\/uploads\/2024\/11\/Carritech-optics.png","width":2048,"height":681,"caption":"Carritech Optics"},"image":{"@id":"https:\/\/optics.carritech.com\/#\/schema\/logo\/image\/"}}]}},"_links":{"self":[{"href":"https:\/\/optics.carritech.com\/pt\/wp-json\/wp\/v2\/product\/1409","targetHints":{"allow":["GET"]}}],"collection":[{"href":"https:\/\/optics.carritech.com\/pt\/wp-json\/wp\/v2\/product"}],"about":[{"href":"https:\/\/optics.carritech.com\/pt\/wp-json\/wp\/v2\/types\/product"}],"replies":[{"embeddable":true,"href":"https:\/\/optics.carritech.com\/pt\/wp-json\/wp\/v2\/comments?post=1409"}],"wp:featuredmedia":[{"embeddable":true,"href":"https:\/\/optics.carritech.com\/pt\/wp-json\/wp\/v2\/media\/4301"}],"wp:attachment":[{"href":"https:\/\/optics.carritech.com\/pt\/wp-json\/wp\/v2\/media?parent=1409"}],"wp:term":[{"taxonomy":"product_brand","embeddable":true,"href":"https:\/\/optics.carritech.com\/pt\/wp-json\/wp\/v2\/product_brand?post=1409"},{"taxonomy":"product_cat","embeddable":true,"href":"https:\/\/optics.carritech.com\/pt\/wp-json\/wp\/v2\/product_cat?post=1409"},{"taxonomy":"product_tag","embeddable":true,"href":"https:\/\/optics.carritech.com\/pt\/wp-json\/wp\/v2\/product_tag?post=1409"}],"curies":[{"name":"wp","href":"https:\/\/api.w.org\/{rel}","templated":true}]}}