{"id":25,"date":"2024-11-18T15:45:52","date_gmt":"2024-11-18T15:45:52","guid":{"rendered":"https:\/\/youbiquity.online\/?product=ct-msfp-sx-1"},"modified":"2025-09-05T09:44:08","modified_gmt":"2025-09-05T09:44:08","slug":"1000base-sx-sfp-550m","status":"publish","type":"product","link":"https:\/\/optics.carritech.com\/pt\/optical-transceivers\/optical-transceivers\/sfp\/155m-duplex-sfp\/1000base-sx-sfp-550m\/","title":{"rendered":"CT-MSFP-SX-1"},"content":{"rendered":"<p><strong>155M SFP MM 850NM 550M<\/strong><\/p>\n<p>The 1000BASE-SX SFP compatible SFP transceiver is designed for reliable fiber optic networking, supporting link distances of up to 550m over multi-mode fiber (MMF) at a wavelength of 1310nm through an LC connector. Each module is individually tested for compatibility with a range of Cisco switches, routers, servers, and network interface cards (NICs).<\/p>\n<p>With low power consumption and hot-swappable functionality, this 100BASE SFP transceiver is an excellent choice for Internet Service Provider (ISP) Fast Ethernet connections, Enterprise LAN &amp; SAN networks, Data Center LAN &amp; SAN environments, and other optical communication applications.<\/p>","protected":false},"excerpt":{"rendered":"<ul>\n<li>Pacote SFP com conetor LC<\/li>\n<li>Laser VCSEL de 850 nm e fotodetector PIN<\/li>\n<li>Up to 550m transmission on 50\/125 um MMF<\/li>\n<li>Fonte de alimenta\u00e7\u00e3o \u00fanica de +3,3 V<\/li>\n<li>Interface de entrada\/sa\u00edda de dados compat\u00edvel com LVPECL<\/li>\n<li>Baixa EMI e excelente prote\u00e7\u00e3o ESD<\/li>\n<li>conformidade com a norma de seguran\u00e7a de laser IEC-60825<\/li>\n<li>Compat\u00edvel com RoHS<\/li>\n<\/ul>","protected":false},"featured_media":4035,"comment_status":"closed","ping_status":"closed","template":"","meta":{"_acf_changed":false},"product_brand":[],"product_cat":[19,17,18],"product_tag":[20],"class_list":{"0":"post-25","1":"product","2":"type-product","3":"status-publish","4":"has-post-thumbnail","6":"product_cat-155m-duplex-sfp","7":"product_cat-optical-transceivers","8":"product_cat-sfp","9":"product_tag-155m-1-25g-sfp","11":"first","12":"instock","13":"shipping-taxable","14":"product-type-simple"},"acf":[],"yoast_head":"<!-- This site is optimized with the Yoast SEO Premium plugin v26.8 (Yoast SEO v26.8) - https:\/\/yoast.com\/product\/yoast-seo-premium-wordpress\/ -->\n<title>1000Base SX SFP 550m | Optical Transceivers | Carritech Optics<\/title>\n<meta name=\"description\" content=\"In stock. 1000Base-SX SFP 550m Optical Transceivers from Carritech Optics. Lifetime Warranty, Fully Compatible with a wide range of OEM&#039;s. Contact us today.\" \/>\n<meta name=\"robots\" content=\"index, follow, max-snippet:-1, max-image-preview:large, max-video-preview:-1\" \/>\n<link rel=\"canonical\" href=\"https:\/\/optics.carritech.com\/pt\/optical-transceivers\/optical-transceivers\/sfp\/155m-duplex-sfp\/1000base-sx-sfp-550m\/\" \/>\n<meta property=\"og:locale\" content=\"pt_PT\" \/>\n<meta property=\"og:type\" content=\"article\" \/>\n<meta property=\"og:title\" content=\"CT-MSFP-SX-1\" \/>\n<meta property=\"og:description\" content=\"In stock. 1000Base-SX SFP 550m Optical Transceivers from Carritech Optics. Lifetime Warranty, Fully Compatible with a wide range of OEM&#039;s. Contact us today.\" \/>\n<meta property=\"og:url\" content=\"https:\/\/optics.carritech.com\/pt\/optical-transceivers\/optical-transceivers\/sfp\/155m-duplex-sfp\/1000base-sx-sfp-550m\/\" \/>\n<meta property=\"og:site_name\" content=\"Carritech Optics\" \/>\n<meta property=\"article:modified_time\" content=\"2025-09-05T09:44:08+00:00\" \/>\n<meta property=\"og:image\" content=\"https:\/\/optics.carritech.com\/wp-content\/uploads\/2024\/11\/CT-MSFP-SX-1-1.png\" \/>\n\t<meta property=\"og:image:width\" content=\"1200\" \/>\n\t<meta property=\"og:image:height\" content=\"1200\" \/>\n\t<meta property=\"og:image:type\" content=\"image\/png\" \/>\n<meta name=\"twitter:card\" content=\"summary_large_image\" \/>\n<meta name=\"twitter:label1\" content=\"Tempo estimado de leitura\" \/>\n\t<meta name=\"twitter:data1\" content=\"3 minutos\" \/>\n<script type=\"application\/ld+json\" class=\"yoast-schema-graph\">{\"@context\":\"https:\/\/schema.org\",\"@graph\":[{\"@type\":\"WebPage\",\"@id\":\"https:\/\/optics.carritech.com\/optical-transceivers\/optical-transceivers\/sfp\/155m-duplex-sfp\/1000base-sx-sfp-550m\/\",\"url\":\"https:\/\/optics.carritech.com\/optical-transceivers\/optical-transceivers\/sfp\/155m-duplex-sfp\/1000base-sx-sfp-550m\/\",\"name\":\"1000Base SX SFP 550m | Optical Transceivers | Carritech Optics\",\"isPartOf\":{\"@id\":\"https:\/\/optics.carritech.com\/#website\"},\"primaryImageOfPage\":{\"@id\":\"https:\/\/optics.carritech.com\/optical-transceivers\/optical-transceivers\/sfp\/155m-duplex-sfp\/1000base-sx-sfp-550m\/#primaryimage\"},\"image\":{\"@id\":\"https:\/\/optics.carritech.com\/optical-transceivers\/optical-transceivers\/sfp\/155m-duplex-sfp\/1000base-sx-sfp-550m\/#primaryimage\"},\"thumbnailUrl\":\"https:\/\/optics.carritech.com\/wp-content\/uploads\/2024\/11\/CT-MSFP-SX-1-1.png\",\"datePublished\":\"2024-11-18T15:45:52+00:00\",\"dateModified\":\"2025-09-05T09:44:08+00:00\",\"description\":\"In stock. 1000Base-SX SFP 550m Optical Transceivers from Carritech Optics. Lifetime Warranty, Fully Compatible with a wide range of OEM's. Contact us today.\",\"breadcrumb\":{\"@id\":\"https:\/\/optics.carritech.com\/optical-transceivers\/optical-transceivers\/sfp\/155m-duplex-sfp\/1000base-sx-sfp-550m\/#breadcrumb\"},\"inLanguage\":\"pt-PT\",\"potentialAction\":[{\"@type\":\"ReadAction\",\"target\":[\"https:\/\/optics.carritech.com\/optical-transceivers\/optical-transceivers\/sfp\/155m-duplex-sfp\/1000base-sx-sfp-550m\/\"]}]},{\"@type\":\"ImageObject\",\"inLanguage\":\"pt-PT\",\"@id\":\"https:\/\/optics.carritech.com\/optical-transceivers\/optical-transceivers\/sfp\/155m-duplex-sfp\/1000base-sx-sfp-550m\/#primaryimage\",\"url\":\"https:\/\/optics.carritech.com\/wp-content\/uploads\/2024\/11\/CT-MSFP-SX-1-1.png\",\"contentUrl\":\"https:\/\/optics.carritech.com\/wp-content\/uploads\/2024\/11\/CT-MSFP-SX-1-1.png\",\"width\":1200,\"height\":1200,\"caption\":\"1000BASE-SX SFP 850nm 550m DOM Duplex LC\/UPC MMF Optical Transceiver Module\"},{\"@type\":\"BreadcrumbList\",\"@id\":\"https:\/\/optics.carritech.com\/optical-transceivers\/optical-transceivers\/sfp\/155m-duplex-sfp\/1000base-sx-sfp-550m\/#breadcrumb\",\"itemListElement\":[{\"@type\":\"ListItem\",\"position\":1,\"name\":\"Home\",\"item\":\"https:\/\/optics.carritech.com\/\"},{\"@type\":\"ListItem\",\"position\":2,\"name\":\"Optical Transceivers\",\"item\":\"https:\/\/optics.carritech.com\/optical-transceivers\/\"},{\"@type\":\"ListItem\",\"position\":3,\"name\":\"CT-MSFP-SX-1\"}]},{\"@type\":\"WebSite\",\"@id\":\"https:\/\/optics.carritech.com\/#website\",\"url\":\"https:\/\/optics.carritech.com\/\",\"name\":\"Carritech Optics\",\"description\":\"High Quality Optical Transceivers\",\"publisher\":{\"@id\":\"https:\/\/optics.carritech.com\/#organization\"},\"alternateName\":\"Carritech Optics\",\"potentialAction\":[{\"@type\":\"SearchAction\",\"target\":{\"@type\":\"EntryPoint\",\"urlTemplate\":\"https:\/\/optics.carritech.com\/?s={search_term_string}\"},\"query-input\":{\"@type\":\"PropertyValueSpecification\",\"valueRequired\":true,\"valueName\":\"search_term_string\"}}],\"inLanguage\":\"pt-PT\"},{\"@type\":\"Organization\",\"@id\":\"https:\/\/optics.carritech.com\/#organization\",\"name\":\"Carritech Optics\",\"url\":\"https:\/\/optics.carritech.com\/\",\"logo\":{\"@type\":\"ImageObject\",\"inLanguage\":\"pt-PT\",\"@id\":\"https:\/\/optics.carritech.com\/#\/schema\/logo\/image\/\",\"url\":\"https:\/\/optics.carritech.com\/wp-content\/uploads\/2024\/11\/Carritech-optics.png\",\"contentUrl\":\"https:\/\/optics.carritech.com\/wp-content\/uploads\/2024\/11\/Carritech-optics.png\",\"width\":2048,\"height\":681,\"caption\":\"Carritech Optics\"},\"image\":{\"@id\":\"https:\/\/optics.carritech.com\/#\/schema\/logo\/image\/\"}}]}<\/script>\n<!-- \/ Yoast SEO Premium plugin. -->","yoast_head_json":{"title":"1000Base SX SFP 550m | Optical Transceivers | Carritech Optics","description":"In stock. 1000Base-SX SFP 550m Optical Transceivers from Carritech Optics. Lifetime Warranty, Fully Compatible with a wide range of OEM's. Contact us today.","robots":{"index":"index","follow":"follow","max-snippet":"max-snippet:-1","max-image-preview":"max-image-preview:large","max-video-preview":"max-video-preview:-1"},"canonical":"https:\/\/optics.carritech.com\/pt\/optical-transceivers\/optical-transceivers\/sfp\/155m-duplex-sfp\/1000base-sx-sfp-550m\/","og_locale":"pt_PT","og_type":"article","og_title":"CT-MSFP-SX-1","og_description":"In stock. 1000Base-SX SFP 550m Optical Transceivers from Carritech Optics. Lifetime Warranty, Fully Compatible with a wide range of OEM's. Contact us today.","og_url":"https:\/\/optics.carritech.com\/pt\/optical-transceivers\/optical-transceivers\/sfp\/155m-duplex-sfp\/1000base-sx-sfp-550m\/","og_site_name":"Carritech Optics","article_modified_time":"2025-09-05T09:44:08+00:00","og_image":[{"width":1200,"height":1200,"url":"https:\/\/optics.carritech.com\/wp-content\/uploads\/2024\/11\/CT-MSFP-SX-1-1.png","type":"image\/png"}],"twitter_card":"summary_large_image","twitter_misc":{"Tempo estimado de leitura":"3 minutos"},"schema":{"@context":"https:\/\/schema.org","@graph":[{"@type":"WebPage","@id":"https:\/\/optics.carritech.com\/optical-transceivers\/optical-transceivers\/sfp\/155m-duplex-sfp\/1000base-sx-sfp-550m\/","url":"https:\/\/optics.carritech.com\/optical-transceivers\/optical-transceivers\/sfp\/155m-duplex-sfp\/1000base-sx-sfp-550m\/","name":"1000Base SX SFP 550m | Optical Transceivers | Carritech Optics","isPartOf":{"@id":"https:\/\/optics.carritech.com\/#website"},"primaryImageOfPage":{"@id":"https:\/\/optics.carritech.com\/optical-transceivers\/optical-transceivers\/sfp\/155m-duplex-sfp\/1000base-sx-sfp-550m\/#primaryimage"},"image":{"@id":"https:\/\/optics.carritech.com\/optical-transceivers\/optical-transceivers\/sfp\/155m-duplex-sfp\/1000base-sx-sfp-550m\/#primaryimage"},"thumbnailUrl":"https:\/\/optics.carritech.com\/wp-content\/uploads\/2024\/11\/CT-MSFP-SX-1-1.png","datePublished":"2024-11-18T15:45:52+00:00","dateModified":"2025-09-05T09:44:08+00:00","description":"In stock. 1000Base-SX SFP 550m Optical Transceivers from Carritech Optics. Lifetime Warranty, Fully Compatible with a wide range of OEM's. Contact us today.","breadcrumb":{"@id":"https:\/\/optics.carritech.com\/optical-transceivers\/optical-transceivers\/sfp\/155m-duplex-sfp\/1000base-sx-sfp-550m\/#breadcrumb"},"inLanguage":"pt-PT","potentialAction":[{"@type":"ReadAction","target":["https:\/\/optics.carritech.com\/optical-transceivers\/optical-transceivers\/sfp\/155m-duplex-sfp\/1000base-sx-sfp-550m\/"]}]},{"@type":"ImageObject","inLanguage":"pt-PT","@id":"https:\/\/optics.carritech.com\/optical-transceivers\/optical-transceivers\/sfp\/155m-duplex-sfp\/1000base-sx-sfp-550m\/#primaryimage","url":"https:\/\/optics.carritech.com\/wp-content\/uploads\/2024\/11\/CT-MSFP-SX-1-1.png","contentUrl":"https:\/\/optics.carritech.com\/wp-content\/uploads\/2024\/11\/CT-MSFP-SX-1-1.png","width":1200,"height":1200,"caption":"1000BASE-SX SFP 850nm 550m DOM Duplex LC\/UPC MMF Optical Transceiver Module"},{"@type":"BreadcrumbList","@id":"https:\/\/optics.carritech.com\/optical-transceivers\/optical-transceivers\/sfp\/155m-duplex-sfp\/1000base-sx-sfp-550m\/#breadcrumb","itemListElement":[{"@type":"ListItem","position":1,"name":"Home","item":"https:\/\/optics.carritech.com\/"},{"@type":"ListItem","position":2,"name":"Optical Transceivers","item":"https:\/\/optics.carritech.com\/optical-transceivers\/"},{"@type":"ListItem","position":3,"name":"CT-MSFP-SX-1"}]},{"@type":"WebSite","@id":"https:\/\/optics.carritech.com\/#website","url":"https:\/\/optics.carritech.com\/","name":"\u00d3tica Carritech","description":"High Quality Optical Transceivers","publisher":{"@id":"https:\/\/optics.carritech.com\/#organization"},"alternateName":"Carritech Optics","potentialAction":[{"@type":"SearchAction","target":{"@type":"EntryPoint","urlTemplate":"https:\/\/optics.carritech.com\/?s={search_term_string}"},"query-input":{"@type":"PropertyValueSpecification","valueRequired":true,"valueName":"search_term_string"}}],"inLanguage":"pt-PT"},{"@type":"Organization","@id":"https:\/\/optics.carritech.com\/#organization","name":"\u00d3tica Carritech","url":"https:\/\/optics.carritech.com\/","logo":{"@type":"ImageObject","inLanguage":"pt-PT","@id":"https:\/\/optics.carritech.com\/#\/schema\/logo\/image\/","url":"https:\/\/optics.carritech.com\/wp-content\/uploads\/2024\/11\/Carritech-optics.png","contentUrl":"https:\/\/optics.carritech.com\/wp-content\/uploads\/2024\/11\/Carritech-optics.png","width":2048,"height":681,"caption":"Carritech Optics"},"image":{"@id":"https:\/\/optics.carritech.com\/#\/schema\/logo\/image\/"}}]}},"_links":{"self":[{"href":"https:\/\/optics.carritech.com\/pt\/wp-json\/wp\/v2\/product\/25","targetHints":{"allow":["GET"]}}],"collection":[{"href":"https:\/\/optics.carritech.com\/pt\/wp-json\/wp\/v2\/product"}],"about":[{"href":"https:\/\/optics.carritech.com\/pt\/wp-json\/wp\/v2\/types\/product"}],"replies":[{"embeddable":true,"href":"https:\/\/optics.carritech.com\/pt\/wp-json\/wp\/v2\/comments?post=25"}],"wp:featuredmedia":[{"embeddable":true,"href":"https:\/\/optics.carritech.com\/pt\/wp-json\/wp\/v2\/media\/4035"}],"wp:attachment":[{"href":"https:\/\/optics.carritech.com\/pt\/wp-json\/wp\/v2\/media?parent=25"}],"wp:term":[{"taxonomy":"product_brand","embeddable":true,"href":"https:\/\/optics.carritech.com\/pt\/wp-json\/wp\/v2\/product_brand?post=25"},{"taxonomy":"product_cat","embeddable":true,"href":"https:\/\/optics.carritech.com\/pt\/wp-json\/wp\/v2\/product_cat?post=25"},{"taxonomy":"product_tag","embeddable":true,"href":"https:\/\/optics.carritech.com\/pt\/wp-json\/wp\/v2\/product_tag?post=25"}],"curies":[{"name":"wp","href":"https:\/\/api.w.org\/{rel}","templated":true}]}}