{"id":89,"date":"2024-01-01T00:09:57","date_gmt":"2024-01-01T00:09:57","guid":{"rendered":"https:\/\/youbiquity.online\/?product=ct-xfp-bx-80u-ct-sfp-bx-80d"},"modified":"2026-01-09T09:54:14","modified_gmt":"2026-01-09T09:54:14","slug":"ct-xfp-bx-80u","status":"publish","type":"product","link":"https:\/\/optics.carritech.com\/pt\/optical-transceivers\/optical-transceivers\/xfp\/10g-bidi-xfp\/ct-xfp-bx-80u\/","title":{"rendered":"CT-XFP-BX-80U"},"content":{"rendered":"<p><strong>10G BIDI XFP 1490\/1550NM 80KM<\/strong><\/p>\n<p>Os Carritech CT-SFP+BX-80U e CT-SFP+BX-80D s\u00e3o transceptores SFP+ bidireccionais de 10 Gbps concebidos para liga\u00e7\u00f5es de fibra monomodo at\u00e9 80 km. Com transmissores EML e receptores APD, proporcionam um transporte fi\u00e1vel de longo curso de Ethernet 10G e telecomunica\u00e7\u00f5es atrav\u00e9s de um \u00fanico fio de fibra com comprimentos de onda complementares.<\/p>","protected":false},"excerpt":{"rendered":"<ul>\n<li data-start=\"3135\" data-end=\"3188\">SFP+ 10G bidirecional com conetor LC simplex.<\/li>\n<li data-start=\"3191\" data-end=\"3239\">Alcance at\u00e9 80 km sobre SMF com recetor APD.<\/li>\n<li data-start=\"3242\" data-end=\"3291\">Projeto de transmissor laser EML e recetor APD.<\/li>\n<li data-start=\"3294\" data-end=\"3328\">Baixa dissipa\u00e7\u00e3o de energia (&lt;1,5 W).<\/li>\n<li data-start=\"3331\" data-end=\"3372\">Monitoriza\u00e7\u00e3o do diagn\u00f3stico digital (DDMI).<\/li>\n<li data-start=\"3375\" data-end=\"3450\">Op\u00e7\u00f5es comerciais (-10 \u00b0C a +70 \u00b0C) e industriais (-40 \u00b0C a +85 \u00b0C).<\/li>\n<li data-start=\"3453\" data-end=\"3535\">Conformidade com as normas: IEEE 802.3ae, SFF-8431, SFF-8472, RoHS, EN 60825 Classe 1.<\/li>\n<\/ul>","protected":false},"featured_media":4365,"comment_status":"closed","ping_status":"closed","template":"","meta":{"_acf_changed":false},"product_brand":[],"product_cat":[56,17,53],"product_tag":[47],"class_list":{"0":"post-89","1":"product","2":"type-product","3":"status-publish","4":"has-post-thumbnail","6":"product_cat-10g-bidi-xfp","7":"product_cat-optical-transceivers","8":"product_cat-xfp","9":"product_tag-10g-sfp-xfp","11":"first","12":"instock","13":"shipping-taxable","14":"product-type-simple"},"acf":[],"yoast_head":"<!-- This site is optimized with the Yoast SEO Premium plugin v26.8 (Yoast SEO v26.8) - https:\/\/yoast.com\/product\/yoast-seo-premium-wordpress\/ -->\n<title>CT-XFP-BX-80U | Carritech Optics<\/title>\n<meta name=\"robots\" content=\"index, follow, max-snippet:-1, max-image-preview:large, max-video-preview:-1\" \/>\n<link rel=\"canonical\" href=\"https:\/\/optics.carritech.com\/pt\/optical-transceivers\/optical-transceivers\/xfp\/10g-bidi-xfp\/ct-xfp-bx-80u\/\" \/>\n<meta property=\"og:locale\" content=\"pt_PT\" \/>\n<meta property=\"og:type\" content=\"article\" \/>\n<meta property=\"og:title\" content=\"CT-XFP-BX-80U\" \/>\n<meta property=\"og:description\" content=\"Bi-directional 10G SFP+ with simplex LC connector.  Up to 80 km reach over SMF with APD receiver.  EML laser transmitter and APD receiver design.  Low power dissipation (&lt;1.5 W).  Digital diagnostics monitoring (DDMI).  Commercial (\u221210 \u00b0C to +70 \u00b0C) and industrial (\u221240 \u00b0C to +85 \u00b0C) options.  Standards compliance: IEEE 802.3ae, SFF-8431, SFF-8472, RoHS, EN 60825 Class 1.\" \/>\n<meta property=\"og:url\" content=\"https:\/\/optics.carritech.com\/pt\/optical-transceivers\/optical-transceivers\/xfp\/10g-bidi-xfp\/ct-xfp-bx-80u\/\" \/>\n<meta property=\"og:site_name\" content=\"Carritech Optics\" \/>\n<meta property=\"article:modified_time\" content=\"2026-01-09T09:54:14+00:00\" \/>\n<meta property=\"og:image\" content=\"https:\/\/optics.carritech.com\/wp-content\/uploads\/2024\/01\/CT-XFP-BX-80U.png\" \/>\n\t<meta property=\"og:image:width\" content=\"1200\" \/>\n\t<meta property=\"og:image:height\" content=\"1200\" \/>\n\t<meta property=\"og:image:type\" content=\"image\/png\" \/>\n<meta name=\"twitter:card\" content=\"summary_large_image\" \/>\n<meta name=\"twitter:label1\" content=\"Tempo estimado de leitura\" \/>\n\t<meta name=\"twitter:data1\" content=\"3 minutos\" \/>\n<script type=\"application\/ld+json\" class=\"yoast-schema-graph\">{\"@context\":\"https:\/\/schema.org\",\"@graph\":[{\"@type\":\"WebPage\",\"@id\":\"https:\/\/optics.carritech.com\/optical-transceivers\/optical-transceivers\/xfp\/10g-bidi-xfp\/ct-xfp-bx-80u\/\",\"url\":\"https:\/\/optics.carritech.com\/optical-transceivers\/optical-transceivers\/xfp\/10g-bidi-xfp\/ct-xfp-bx-80u\/\",\"name\":\"CT-XFP-BX-80U | Carritech Optics\",\"isPartOf\":{\"@id\":\"https:\/\/optics.carritech.com\/#website\"},\"primaryImageOfPage\":{\"@id\":\"https:\/\/optics.carritech.com\/optical-transceivers\/optical-transceivers\/xfp\/10g-bidi-xfp\/ct-xfp-bx-80u\/#primaryimage\"},\"image\":{\"@id\":\"https:\/\/optics.carritech.com\/optical-transceivers\/optical-transceivers\/xfp\/10g-bidi-xfp\/ct-xfp-bx-80u\/#primaryimage\"},\"thumbnailUrl\":\"https:\/\/optics.carritech.com\/wp-content\/uploads\/2024\/01\/CT-XFP-BX-80U.png\",\"datePublished\":\"2024-01-01T00:09:57+00:00\",\"dateModified\":\"2026-01-09T09:54:14+00:00\",\"breadcrumb\":{\"@id\":\"https:\/\/optics.carritech.com\/optical-transceivers\/optical-transceivers\/xfp\/10g-bidi-xfp\/ct-xfp-bx-80u\/#breadcrumb\"},\"inLanguage\":\"pt-PT\",\"potentialAction\":[{\"@type\":\"ReadAction\",\"target\":[\"https:\/\/optics.carritech.com\/optical-transceivers\/optical-transceivers\/xfp\/10g-bidi-xfp\/ct-xfp-bx-80u\/\"]}]},{\"@type\":\"ImageObject\",\"inLanguage\":\"pt-PT\",\"@id\":\"https:\/\/optics.carritech.com\/optical-transceivers\/optical-transceivers\/xfp\/10g-bidi-xfp\/ct-xfp-bx-80u\/#primaryimage\",\"url\":\"https:\/\/optics.carritech.com\/wp-content\/uploads\/2024\/01\/CT-XFP-BX-80U.png\",\"contentUrl\":\"https:\/\/optics.carritech.com\/wp-content\/uploads\/2024\/01\/CT-XFP-BX-80U.png\",\"width\":1200,\"height\":1200,\"caption\":\"10GBASE-BX XFP BiDi 1270nm-TX\/1330nm-RX 80km DOM Simplex LC SMF Optical Transceiver Module\"},{\"@type\":\"BreadcrumbList\",\"@id\":\"https:\/\/optics.carritech.com\/optical-transceivers\/optical-transceivers\/xfp\/10g-bidi-xfp\/ct-xfp-bx-80u\/#breadcrumb\",\"itemListElement\":[{\"@type\":\"ListItem\",\"position\":1,\"name\":\"Home\",\"item\":\"https:\/\/optics.carritech.com\/\"},{\"@type\":\"ListItem\",\"position\":2,\"name\":\"Optical Transceivers\",\"item\":\"https:\/\/optics.carritech.com\/optical-transceivers\/\"},{\"@type\":\"ListItem\",\"position\":3,\"name\":\"CT-XFP-BX-80U\"}]},{\"@type\":\"WebSite\",\"@id\":\"https:\/\/optics.carritech.com\/#website\",\"url\":\"https:\/\/optics.carritech.com\/\",\"name\":\"Carritech Optics\",\"description\":\"High Quality Optical Transceivers\",\"publisher\":{\"@id\":\"https:\/\/optics.carritech.com\/#organization\"},\"alternateName\":\"Carritech Optics\",\"potentialAction\":[{\"@type\":\"SearchAction\",\"target\":{\"@type\":\"EntryPoint\",\"urlTemplate\":\"https:\/\/optics.carritech.com\/?s={search_term_string}\"},\"query-input\":{\"@type\":\"PropertyValueSpecification\",\"valueRequired\":true,\"valueName\":\"search_term_string\"}}],\"inLanguage\":\"pt-PT\"},{\"@type\":\"Organization\",\"@id\":\"https:\/\/optics.carritech.com\/#organization\",\"name\":\"Carritech Optics\",\"url\":\"https:\/\/optics.carritech.com\/\",\"logo\":{\"@type\":\"ImageObject\",\"inLanguage\":\"pt-PT\",\"@id\":\"https:\/\/optics.carritech.com\/#\/schema\/logo\/image\/\",\"url\":\"https:\/\/optics.carritech.com\/wp-content\/uploads\/2024\/11\/Carritech-optics.png\",\"contentUrl\":\"https:\/\/optics.carritech.com\/wp-content\/uploads\/2024\/11\/Carritech-optics.png\",\"width\":2048,\"height\":681,\"caption\":\"Carritech Optics\"},\"image\":{\"@id\":\"https:\/\/optics.carritech.com\/#\/schema\/logo\/image\/\"}}]}<\/script>\n<!-- \/ Yoast SEO Premium plugin. -->","yoast_head_json":{"title":"CT-XFP-BX-80U | Carritech Optics","robots":{"index":"index","follow":"follow","max-snippet":"max-snippet:-1","max-image-preview":"max-image-preview:large","max-video-preview":"max-video-preview:-1"},"canonical":"https:\/\/optics.carritech.com\/pt\/optical-transceivers\/optical-transceivers\/xfp\/10g-bidi-xfp\/ct-xfp-bx-80u\/","og_locale":"pt_PT","og_type":"article","og_title":"CT-XFP-BX-80U","og_description":"Bi-directional 10G SFP+ with simplex LC connector.  Up to 80 km reach over SMF with APD receiver.  EML laser transmitter and APD receiver design.  Low power dissipation (&lt;1.5 W).  Digital diagnostics monitoring (DDMI).  Commercial (\u221210 \u00b0C to +70 \u00b0C) and industrial (\u221240 \u00b0C to +85 \u00b0C) options.  Standards compliance: IEEE 802.3ae, SFF-8431, SFF-8472, RoHS, EN 60825 Class 1.","og_url":"https:\/\/optics.carritech.com\/pt\/optical-transceivers\/optical-transceivers\/xfp\/10g-bidi-xfp\/ct-xfp-bx-80u\/","og_site_name":"Carritech Optics","article_modified_time":"2026-01-09T09:54:14+00:00","og_image":[{"width":1200,"height":1200,"url":"https:\/\/optics.carritech.com\/wp-content\/uploads\/2024\/01\/CT-XFP-BX-80U.png","type":"image\/png"}],"twitter_card":"summary_large_image","twitter_misc":{"Tempo estimado de leitura":"3 minutos"},"schema":{"@context":"https:\/\/schema.org","@graph":[{"@type":"WebPage","@id":"https:\/\/optics.carritech.com\/optical-transceivers\/optical-transceivers\/xfp\/10g-bidi-xfp\/ct-xfp-bx-80u\/","url":"https:\/\/optics.carritech.com\/optical-transceivers\/optical-transceivers\/xfp\/10g-bidi-xfp\/ct-xfp-bx-80u\/","name":"CT-XFP-BX-80U | Carritech Optics","isPartOf":{"@id":"https:\/\/optics.carritech.com\/#website"},"primaryImageOfPage":{"@id":"https:\/\/optics.carritech.com\/optical-transceivers\/optical-transceivers\/xfp\/10g-bidi-xfp\/ct-xfp-bx-80u\/#primaryimage"},"image":{"@id":"https:\/\/optics.carritech.com\/optical-transceivers\/optical-transceivers\/xfp\/10g-bidi-xfp\/ct-xfp-bx-80u\/#primaryimage"},"thumbnailUrl":"https:\/\/optics.carritech.com\/wp-content\/uploads\/2024\/01\/CT-XFP-BX-80U.png","datePublished":"2024-01-01T00:09:57+00:00","dateModified":"2026-01-09T09:54:14+00:00","breadcrumb":{"@id":"https:\/\/optics.carritech.com\/optical-transceivers\/optical-transceivers\/xfp\/10g-bidi-xfp\/ct-xfp-bx-80u\/#breadcrumb"},"inLanguage":"pt-PT","potentialAction":[{"@type":"ReadAction","target":["https:\/\/optics.carritech.com\/optical-transceivers\/optical-transceivers\/xfp\/10g-bidi-xfp\/ct-xfp-bx-80u\/"]}]},{"@type":"ImageObject","inLanguage":"pt-PT","@id":"https:\/\/optics.carritech.com\/optical-transceivers\/optical-transceivers\/xfp\/10g-bidi-xfp\/ct-xfp-bx-80u\/#primaryimage","url":"https:\/\/optics.carritech.com\/wp-content\/uploads\/2024\/01\/CT-XFP-BX-80U.png","contentUrl":"https:\/\/optics.carritech.com\/wp-content\/uploads\/2024\/01\/CT-XFP-BX-80U.png","width":1200,"height":1200,"caption":"10GBASE-BX XFP BiDi 1270nm-TX\/1330nm-RX 80km DOM Simplex LC SMF Optical Transceiver Module"},{"@type":"BreadcrumbList","@id":"https:\/\/optics.carritech.com\/optical-transceivers\/optical-transceivers\/xfp\/10g-bidi-xfp\/ct-xfp-bx-80u\/#breadcrumb","itemListElement":[{"@type":"ListItem","position":1,"name":"Home","item":"https:\/\/optics.carritech.com\/"},{"@type":"ListItem","position":2,"name":"Optical Transceivers","item":"https:\/\/optics.carritech.com\/optical-transceivers\/"},{"@type":"ListItem","position":3,"name":"CT-XFP-BX-80U"}]},{"@type":"WebSite","@id":"https:\/\/optics.carritech.com\/#website","url":"https:\/\/optics.carritech.com\/","name":"\u00d3tica Carritech","description":"High Quality Optical Transceivers","publisher":{"@id":"https:\/\/optics.carritech.com\/#organization"},"alternateName":"Carritech Optics","potentialAction":[{"@type":"SearchAction","target":{"@type":"EntryPoint","urlTemplate":"https:\/\/optics.carritech.com\/?s={search_term_string}"},"query-input":{"@type":"PropertyValueSpecification","valueRequired":true,"valueName":"search_term_string"}}],"inLanguage":"pt-PT"},{"@type":"Organization","@id":"https:\/\/optics.carritech.com\/#organization","name":"\u00d3tica Carritech","url":"https:\/\/optics.carritech.com\/","logo":{"@type":"ImageObject","inLanguage":"pt-PT","@id":"https:\/\/optics.carritech.com\/#\/schema\/logo\/image\/","url":"https:\/\/optics.carritech.com\/wp-content\/uploads\/2024\/11\/Carritech-optics.png","contentUrl":"https:\/\/optics.carritech.com\/wp-content\/uploads\/2024\/11\/Carritech-optics.png","width":2048,"height":681,"caption":"Carritech Optics"},"image":{"@id":"https:\/\/optics.carritech.com\/#\/schema\/logo\/image\/"}}]}},"_links":{"self":[{"href":"https:\/\/optics.carritech.com\/pt\/wp-json\/wp\/v2\/product\/89","targetHints":{"allow":["GET"]}}],"collection":[{"href":"https:\/\/optics.carritech.com\/pt\/wp-json\/wp\/v2\/product"}],"about":[{"href":"https:\/\/optics.carritech.com\/pt\/wp-json\/wp\/v2\/types\/product"}],"replies":[{"embeddable":true,"href":"https:\/\/optics.carritech.com\/pt\/wp-json\/wp\/v2\/comments?post=89"}],"wp:featuredmedia":[{"embeddable":true,"href":"https:\/\/optics.carritech.com\/pt\/wp-json\/wp\/v2\/media\/4365"}],"wp:attachment":[{"href":"https:\/\/optics.carritech.com\/pt\/wp-json\/wp\/v2\/media?parent=89"}],"wp:term":[{"taxonomy":"product_brand","embeddable":true,"href":"https:\/\/optics.carritech.com\/pt\/wp-json\/wp\/v2\/product_brand?post=89"},{"taxonomy":"product_cat","embeddable":true,"href":"https:\/\/optics.carritech.com\/pt\/wp-json\/wp\/v2\/product_cat?post=89"},{"taxonomy":"product_tag","embeddable":true,"href":"https:\/\/optics.carritech.com\/pt\/wp-json\/wp\/v2\/product_tag?post=89"}],"curies":[{"name":"wp","href":"https:\/\/api.w.org\/{rel}","templated":true}]}}